{"id":17731,"date":"2024-12-20T13:40:45","date_gmt":"2024-12-20T12:40:45","guid":{"rendered":"https:\/\/blog.tmgrupoinmobiliario.com\/sv\/?page_id=17731"},"modified":"2024-12-30T11:11:24","modified_gmt":"2024-12-30T10:11:24","slug":"buzon-etico","status":"publish","type":"page","link":"https:\/\/blog.tmgrupoinmobiliario.com\/sv\/buzon-etico\/","title":{"rendered":"Buz\u00f3n \u00c9tico"},"content":{"rendered":"<div class=\"gc\">\n<nav class=\"static-nav inline-nav lineas-nav locked\">\n<ul>\n<li><a href=\"\/sv\/gobierno-corporativo\/plan-director-rc\">Huvudplan f\u00f6r f\u00f6retagsansvar<\/a><\/li>\n<li><a href=\"\/sv\/gobierno-corporativo\/memoria-rc\">Rapport om f\u00f6retagsansvar<\/a><\/li>\n<li><a href=\"\/sv\/gobierno-corporativo\/etica-y-gobernanza\" class=\"active\">Etik och styrning<\/a><\/li>\n<li><a href=\"\/sv\/gobierno-corporativo\/accion-social\">Sociala \u00e5tg\u00e4rder<\/a><\/li>\n<li><a href=\"\/sv\/gobierno-corporativo\/medioambiente\">Milj\u00f6<\/a><\/li>\n<\/ul>\n<p>        <button class=\"toggle-static-nav\">menu <i class=\"far fa-caret-square-down\"><\/i><\/button><br \/>\n    <\/nav>\n<section class=\"ca gc-buzon-etico-section gc-subsection\">\n<div class=\"container mw-1200\">\n<div class=\"mod-promotion-breadcrumb-holder\" style=\"padding:15px;\">\n<ul class=\"breadcrumb\">\n<li><a href=\"\/sv\/gobierno-corporativo\/etica-y-gobernanza#ethics-gov\">Etik och styrning<\/a><\/li>\n<li><strong>Internt system f\u00f6r information och st\u00f6d till visselbl\u00e5sare<\/strong><\/li>\n<\/ul><\/div>\n<div class=\"ca-intro gc-seguridad\">\n<div class=\"intro\">\n<h4>Internt system f\u00f6r information och st\u00f6d till visselbl\u00e5sare<\/h4>\n<p>P\u00e5 TM har vi \u00e5tagit oss att vara ett f\u00f6red\u00f6me n\u00e4r det g\u00e4ller god bolagsstyrning och aff\u00e4rsetik. D\u00e4rf\u00f6r forts\u00e4tter vi att arbeta med v\u00e5r modell f\u00f6r regelefterlevnad och uppfyllande av de r\u00e4ttsliga krav som fastst\u00e4lls i lagen om skydd f\u00f6r visselbl\u00e5sare (Ley de Protecci\u00f3n del Informante), som \u00e4r obligatorisk i Spanien.<\/p>\n<\/p><\/div>\n<div class=\"\">\n<div class=\"row\">\n<div class=\"col col-md-6\">\n                            <img decoding=\"async\" style=\"width: 100%\" src=\"https:\/\/www.tmgrupoinmobiliario.com\/blog\/wp-content\/uploads\/2023\/06\/06_12-Sistema-Interno-de-Informacion-y-Defensa-del-Informante-de-TM-Grupo-Inmobiliario-1000x666-1.jpg\">\n                        <\/div>\n<div class=\"col col-md-6  gc-buz\u00f3n-etico\">\n<p class=\"subtitle\"><em>TM:s interna system f\u00f6r information och st\u00f6d till visselbl\u00e5sare<\/em><\/p>\n<p class=\"text-left text\">P\u00e5 TM har vi \u00e5tagit oss att vara ett f\u00f6red\u00f6me n\u00e4r det g\u00e4ller god bolagsstyrning och aff\u00e4rsetik. D\u00e4rf\u00f6r har vi en <b>policy f\u00f6r ett internt system f\u00f6r information och st\u00f6d till visselbl\u00e5sare<\/b> (Pol\u00edtica del Sistema Interno de Informaci\u00f3n y Defensa del Informante) som syftar till att garantera skydd f\u00f6r visselbl\u00e5sare och st\u00e4rka och fr\u00e4mja informations- och kommunikationskulturen som en mekanism f\u00f6r att f\u00f6rebygga och uppt\u00e4cka bristande efterlevnad och oegentligt beteende samt reagera p\u00e5 det. <\/p>\n<p class=\"text-left text\">\n<div>\n<div class=\"text-left col col-md-6 col-sm-12 text-left\" style=\"padding-left: 0;\">\n                                    <a href=\"https:\/\/static.tmgrupoinmobiliario.com\/files\/Pol%C3%ADtica-sistema-info-defensa.pdf\" class=\"gc-memoria-pdf-btn gc-pdf-link btn\" target=\"_blank\" style=\"border-radius: 0;font-size: 16px;\" rel=\"noopener\">Accede aqu\u00ed a nuestra pol\u00edtica<\/a>\n                            <\/div>\n<div class=\"col col-md-6 col-sm-12\" style=\"padding-left: 0;\">\n                                    <a href=\"https:\/\/canaldenuncias.tmgrupoinmobiliario.com\/#\/\" class=\"gc-memoria-pdf-btn gc-pdf-link btn\" target=\"_blank\" style=\"border-radius: 0;font-size: 16px;\" rel=\"noopener\">Accede aqu\u00ed al canal de denuncias<\/a><\/div>\n<\/p><\/div>\n<\/p><\/div>\n<\/p><\/div>\n<div class=\"row\">\n<div class=\"col col-md-6\">\n                            <img decoding=\"async\" style=\"width: 100%\" src=\"https:\/\/www.tmgrupoinmobiliario.com\/blog\/wp-content\/uploads\/2022\/11\/buzon-etico.jpg\">\n                        <\/div>\n<div class=\"col col-md-6  gc-buz\u00f3n-etico\">\n<p class=\"subtitle\"><em>Etisk brevl\u00e5da<\/em><\/p>\n<p class=\"text-left text\">Den etiska brevl\u00e5dan g\u00f6r att man p\u00e5 ett konfidentiellt s\u00e4tt kan rapportera aktiviteter eller beteenden som kan inneb\u00e4ra en \u00f6vertr\u00e4delse av koden genom ett s\u00e4rskilt formul\u00e4r.<\/p>\n<p class=\"text-left text\">Uppgifterna tas emot och behandlas omg\u00e5ende, grundligt och helt konfidentiellt av bolagets ledning. All information behandlas efter ett protokoll som styrs av god praxis i syfte att reagera p\u00e5 ett l\u00e4mpligt s\u00e4tt.<\/p>\n<p class=\"text-left\" style=\"margin-top:2em\"><a href=\"mailto:buzonetico@tmgrupoinmobiliario.com\" class=\"gc-memoria-pdf-btn gc-pdf-link btn\">Skriv till den etiska brevl\u00e5dan<\/a><\/p>\n<\/p><\/div>\n<\/p><\/div>\n<\/p><\/div>\n<\/p><\/div>\n<\/p><\/div>\n<\/section>\n<\/div>\n","protected":false},"excerpt":{"rendered":"<p>Huvudplan f\u00f6r f\u00f6retagsansvar Rapport om f\u00f6retagsansvar Etik och styrning Sociala \u00e5tg\u00e4rder Milj\u00f6 menu Etik och styrning Internt system f\u00f6r information och st\u00f6d till visselbl\u00e5sare Internt system f\u00f6r information och st\u00f6d till visselbl\u00e5sare P\u00e5 TM har vi \u00e5tagit oss att vara ett f\u00f6red\u00f6me n\u00e4r det g\u00e4ller god bolagsstyrning och aff\u00e4rsetik. D\u00e4rf\u00f6r forts\u00e4tter vi att arbeta med [&hellip;]<\/p>\n","protected":false},"author":11715,"featured_media":0,"parent":0,"menu_order":0,"comment_status":"closed","ping_status":"closed","template":"","meta":{"footnotes":""},"class_list":["post-17731","page","type-page","status-publish","hentry"],"better_featured_image":null,"acf":[],"yoast_head":"<!-- This site is optimized with the Yoast SEO Premium plugin v23.6 (Yoast SEO v27.4) - https:\/\/yoast.com\/product\/yoast-seo-premium-wordpress\/ -->\n<title>Buz\u00f3n \u00c9tico - Svenska<\/title>\n<meta name=\"robots\" content=\"index, follow, max-snippet:-1, max-image-preview:large, max-video-preview:-1\" \/>\n<link rel=\"canonical\" href=\"https:\/\/blog.tmgrupoinmobiliario.com\/sv\/buzon-etico\/\" \/>\n<meta property=\"og:locale\" content=\"sv_SE\" \/>\n<meta property=\"og:type\" content=\"article\" \/>\n<meta property=\"og:title\" content=\"Buz\u00f3n \u00c9tico\" \/>\n<meta property=\"og:description\" content=\"Huvudplan f\u00f6r f\u00f6retagsansvar Rapport om f\u00f6retagsansvar Etik och styrning Sociala \u00e5tg\u00e4rder Milj\u00f6 menu Etik och styrning Internt system f\u00f6r information och st\u00f6d till visselbl\u00e5sare Internt system f\u00f6r information och st\u00f6d till visselbl\u00e5sare P\u00e5 TM har vi \u00e5tagit oss att vara ett f\u00f6red\u00f6me n\u00e4r det g\u00e4ller god bolagsstyrning och aff\u00e4rsetik. D\u00e4rf\u00f6r forts\u00e4tter vi att arbeta med [&hellip;]\" \/>\n<meta property=\"og:url\" content=\"https:\/\/blog.tmgrupoinmobiliario.com\/sv\/buzon-etico\/\" \/>\n<meta property=\"og:site_name\" content=\"Svenska\" \/>\n<meta property=\"article:modified_time\" content=\"2024-12-30T10:11:24+00:00\" \/>\n<meta property=\"og:image\" content=\"https:\/\/www.tmgrupoinmobiliario.com\/blog\/wp-content\/uploads\/2023\/06\/06_12-Sistema-Interno-de-Informacion-y-Defensa-del-Informante-de-TM-Grupo-Inmobiliario-1000x666-1.jpg\" \/>\n<meta name=\"twitter:card\" content=\"summary_large_image\" \/>\n<meta name=\"twitter:label1\" content=\"Ber\u00e4knad l\u00e4stid\" \/>\n\t<meta name=\"twitter:data1\" content=\"2 minuter\" \/>\n<script type=\"application\/ld+json\" class=\"yoast-schema-graph\">{\"@context\":\"https:\\\/\\\/schema.org\",\"@graph\":[{\"@type\":\"WebPage\",\"@id\":\"https:\\\/\\\/blog.tmgrupoinmobiliario.com\\\/sv\\\/buzon-etico\\\/\",\"url\":\"https:\\\/\\\/blog.tmgrupoinmobiliario.com\\\/sv\\\/buzon-etico\\\/\",\"name\":\"Buz\u00f3n \u00c9tico - Svenska\",\"isPartOf\":{\"@id\":\"https:\\\/\\\/blog.tmgrupoinmobiliario.com\\\/sv\\\/#website\"},\"primaryImageOfPage\":{\"@id\":\"https:\\\/\\\/blog.tmgrupoinmobiliario.com\\\/sv\\\/buzon-etico\\\/#primaryimage\"},\"image\":{\"@id\":\"https:\\\/\\\/blog.tmgrupoinmobiliario.com\\\/sv\\\/buzon-etico\\\/#primaryimage\"},\"thumbnailUrl\":\"https:\\\/\\\/www.tmgrupoinmobiliario.com\\\/blog\\\/wp-content\\\/uploads\\\/2023\\\/06\\\/06_12-Sistema-Interno-de-Informacion-y-Defensa-del-Informante-de-TM-Grupo-Inmobiliario-1000x666-1.jpg\",\"datePublished\":\"2024-12-20T12:40:45+00:00\",\"dateModified\":\"2024-12-30T10:11:24+00:00\",\"breadcrumb\":{\"@id\":\"https:\\\/\\\/blog.tmgrupoinmobiliario.com\\\/sv\\\/buzon-etico\\\/#breadcrumb\"},\"inLanguage\":\"sv-SE\",\"potentialAction\":[{\"@type\":\"ReadAction\",\"target\":[\"https:\\\/\\\/blog.tmgrupoinmobiliario.com\\\/sv\\\/buzon-etico\\\/\"]}]},{\"@type\":\"ImageObject\",\"inLanguage\":\"sv-SE\",\"@id\":\"https:\\\/\\\/blog.tmgrupoinmobiliario.com\\\/sv\\\/buzon-etico\\\/#primaryimage\",\"url\":\"https:\\\/\\\/www.tmgrupoinmobiliario.com\\\/blog\\\/wp-content\\\/uploads\\\/2023\\\/06\\\/06_12-Sistema-Interno-de-Informacion-y-Defensa-del-Informante-de-TM-Grupo-Inmobiliario-1000x666-1.jpg\",\"contentUrl\":\"https:\\\/\\\/www.tmgrupoinmobiliario.com\\\/blog\\\/wp-content\\\/uploads\\\/2023\\\/06\\\/06_12-Sistema-Interno-de-Informacion-y-Defensa-del-Informante-de-TM-Grupo-Inmobiliario-1000x666-1.jpg\"},{\"@type\":\"BreadcrumbList\",\"@id\":\"https:\\\/\\\/blog.tmgrupoinmobiliario.com\\\/sv\\\/buzon-etico\\\/#breadcrumb\",\"itemListElement\":[{\"@type\":\"ListItem\",\"position\":1,\"name\":\"Portada\",\"item\":\"https:\\\/\\\/blog.tmgrupoinmobiliario.com\\\/sv\\\/\"},{\"@type\":\"ListItem\",\"position\":2,\"name\":\"Buz\u00f3n \u00c9tico\"}]},{\"@type\":\"WebSite\",\"@id\":\"https:\\\/\\\/blog.tmgrupoinmobiliario.com\\\/sv\\\/#website\",\"url\":\"https:\\\/\\\/blog.tmgrupoinmobiliario.com\\\/sv\\\/\",\"name\":\"Svenska\",\"description\":\"Otro sitio m\u00e1s de Blog Desarrollo TM sitios\",\"potentialAction\":[{\"@type\":\"SearchAction\",\"target\":{\"@type\":\"EntryPoint\",\"urlTemplate\":\"https:\\\/\\\/blog.tmgrupoinmobiliario.com\\\/sv\\\/?s={search_term_string}\"},\"query-input\":{\"@type\":\"PropertyValueSpecification\",\"valueRequired\":true,\"valueName\":\"search_term_string\"}}],\"inLanguage\":\"sv-SE\"}]}<\/script>\n<!-- \/ Yoast SEO Premium plugin. -->","yoast_head_json":{"title":"Buz\u00f3n \u00c9tico - Svenska","robots":{"index":"index","follow":"follow","max-snippet":"max-snippet:-1","max-image-preview":"max-image-preview:large","max-video-preview":"max-video-preview:-1"},"canonical":"https:\/\/blog.tmgrupoinmobiliario.com\/sv\/buzon-etico\/","og_locale":"sv_SE","og_type":"article","og_title":"Buz\u00f3n \u00c9tico","og_description":"Huvudplan f\u00f6r f\u00f6retagsansvar Rapport om f\u00f6retagsansvar Etik och styrning Sociala \u00e5tg\u00e4rder Milj\u00f6 menu Etik och styrning Internt system f\u00f6r information och st\u00f6d till visselbl\u00e5sare Internt system f\u00f6r information och st\u00f6d till visselbl\u00e5sare P\u00e5 TM har vi \u00e5tagit oss att vara ett f\u00f6red\u00f6me n\u00e4r det g\u00e4ller god bolagsstyrning och aff\u00e4rsetik. D\u00e4rf\u00f6r forts\u00e4tter vi att arbeta med [&hellip;]","og_url":"https:\/\/blog.tmgrupoinmobiliario.com\/sv\/buzon-etico\/","og_site_name":"Svenska","article_modified_time":"2024-12-30T10:11:24+00:00","og_image":[{"url":"https:\/\/www.tmgrupoinmobiliario.com\/blog\/wp-content\/uploads\/2023\/06\/06_12-Sistema-Interno-de-Informacion-y-Defensa-del-Informante-de-TM-Grupo-Inmobiliario-1000x666-1.jpg","type":"","width":"","height":""}],"twitter_card":"summary_large_image","twitter_misc":{"Ber\u00e4knad l\u00e4stid":"2 minuter"},"schema":{"@context":"https:\/\/schema.org","@graph":[{"@type":"WebPage","@id":"https:\/\/blog.tmgrupoinmobiliario.com\/sv\/buzon-etico\/","url":"https:\/\/blog.tmgrupoinmobiliario.com\/sv\/buzon-etico\/","name":"Buz\u00f3n \u00c9tico - Svenska","isPartOf":{"@id":"https:\/\/blog.tmgrupoinmobiliario.com\/sv\/#website"},"primaryImageOfPage":{"@id":"https:\/\/blog.tmgrupoinmobiliario.com\/sv\/buzon-etico\/#primaryimage"},"image":{"@id":"https:\/\/blog.tmgrupoinmobiliario.com\/sv\/buzon-etico\/#primaryimage"},"thumbnailUrl":"https:\/\/www.tmgrupoinmobiliario.com\/blog\/wp-content\/uploads\/2023\/06\/06_12-Sistema-Interno-de-Informacion-y-Defensa-del-Informante-de-TM-Grupo-Inmobiliario-1000x666-1.jpg","datePublished":"2024-12-20T12:40:45+00:00","dateModified":"2024-12-30T10:11:24+00:00","breadcrumb":{"@id":"https:\/\/blog.tmgrupoinmobiliario.com\/sv\/buzon-etico\/#breadcrumb"},"inLanguage":"sv-SE","potentialAction":[{"@type":"ReadAction","target":["https:\/\/blog.tmgrupoinmobiliario.com\/sv\/buzon-etico\/"]}]},{"@type":"ImageObject","inLanguage":"sv-SE","@id":"https:\/\/blog.tmgrupoinmobiliario.com\/sv\/buzon-etico\/#primaryimage","url":"https:\/\/www.tmgrupoinmobiliario.com\/blog\/wp-content\/uploads\/2023\/06\/06_12-Sistema-Interno-de-Informacion-y-Defensa-del-Informante-de-TM-Grupo-Inmobiliario-1000x666-1.jpg","contentUrl":"https:\/\/www.tmgrupoinmobiliario.com\/blog\/wp-content\/uploads\/2023\/06\/06_12-Sistema-Interno-de-Informacion-y-Defensa-del-Informante-de-TM-Grupo-Inmobiliario-1000x666-1.jpg"},{"@type":"BreadcrumbList","@id":"https:\/\/blog.tmgrupoinmobiliario.com\/sv\/buzon-etico\/#breadcrumb","itemListElement":[{"@type":"ListItem","position":1,"name":"Portada","item":"https:\/\/blog.tmgrupoinmobiliario.com\/sv\/"},{"@type":"ListItem","position":2,"name":"Buz\u00f3n \u00c9tico"}]},{"@type":"WebSite","@id":"https:\/\/blog.tmgrupoinmobiliario.com\/sv\/#website","url":"https:\/\/blog.tmgrupoinmobiliario.com\/sv\/","name":"Svenska","description":"Otro sitio m\u00e1s de Blog Desarrollo TM sitios","potentialAction":[{"@type":"SearchAction","target":{"@type":"EntryPoint","urlTemplate":"https:\/\/blog.tmgrupoinmobiliario.com\/sv\/?s={search_term_string}"},"query-input":{"@type":"PropertyValueSpecification","valueRequired":true,"valueName":"search_term_string"}}],"inLanguage":"sv-SE"}]}},"jetpack_sharing_enabled":true,"_links":{"self":[{"href":"https:\/\/blog.tmgrupoinmobiliario.com\/sv\/wp-json\/wp\/v2\/pages\/17731","targetHints":{"allow":["GET"]}}],"collection":[{"href":"https:\/\/blog.tmgrupoinmobiliario.com\/sv\/wp-json\/wp\/v2\/pages"}],"about":[{"href":"https:\/\/blog.tmgrupoinmobiliario.com\/sv\/wp-json\/wp\/v2\/types\/page"}],"author":[{"embeddable":true,"href":"https:\/\/blog.tmgrupoinmobiliario.com\/sv\/wp-json\/wp\/v2\/users\/11715"}],"replies":[{"embeddable":true,"href":"https:\/\/blog.tmgrupoinmobiliario.com\/sv\/wp-json\/wp\/v2\/comments?post=17731"}],"version-history":[{"count":3,"href":"https:\/\/blog.tmgrupoinmobiliario.com\/sv\/wp-json\/wp\/v2\/pages\/17731\/revisions"}],"predecessor-version":[{"id":17741,"href":"https:\/\/blog.tmgrupoinmobiliario.com\/sv\/wp-json\/wp\/v2\/pages\/17731\/revisions\/17741"}],"wp:attachment":[{"href":"https:\/\/blog.tmgrupoinmobiliario.com\/sv\/wp-json\/wp\/v2\/media?parent=17731"}],"curies":[{"name":"wp","href":"https:\/\/api.w.org\/{rel}","templated":true}]}}