{"id":17729,"date":"2024-12-20T13:39:50","date_gmt":"2024-12-20T12:39:50","guid":{"rendered":"https:\/\/blog.tmgrupoinmobiliario.com\/sv\/?page_id=17729"},"modified":"2024-12-30T11:12:44","modified_gmt":"2024-12-30T10:12:44","slug":"codigo-etico","status":"publish","type":"page","link":"https:\/\/blog.tmgrupoinmobiliario.com\/sv\/codigo-etico\/","title":{"rendered":"C\u00f3digo \u00e9tico"},"content":{"rendered":"<div class=\"gc\">\n<nav class=\"static-nav inline-nav lineas-nav locked\">\n<ul>\n<li><a href=\"\/sv\/gobierno-corporativo\/plan-director-rc\">Huvudplan f\u00f6r f\u00f6retagsansvar<\/a><\/li>\n<li><a href=\"\/sv\/gobierno-corporativo\/memoria-rc\">Rapport om f\u00f6retagsansvar<\/a><\/li>\n<li><a href=\"\/sv\/gobierno-corporativo\/etica-y-gobernanza\" class=\"active\">Etik och styrning<\/a><\/li>\n<li><a href=\"\/sv\/gobierno-corporativo\/accion-social\">Sociala \u00e5tg\u00e4rder<\/a><\/li>\n<li><a href=\"\/sv\/gobierno-corporativo\/medioambiente\">Milj\u00f6<\/a><\/li>\n<\/ul>\n<p>    <button class=\"toggle-static-nav\">menu <i class=\"far fa-caret-square-down\"><\/i><\/button><br \/>\n    <\/nav>\n<section class=\"ca gc-codigo-etico gc-subsection\">\n<div class=\"container mw-1200\">\n<div class=\"mod-promotion-breadcrumb-holder\">\n<ul class=\"breadcrumb\">\n<li><a href=\"\/sv\/gobierno-corporativo\/etica-y-gobernanza#ethics-gov\">Etik och styrning<\/a><\/li>\n<li><strong>Etiska kod<\/strong><\/li>\n<\/ul><\/div>\n<div class=\"ca-intro\">\n<h4>Etiska kod<\/h4>\n<div class=\"\">\n<div class=\"row\">\n<div class=\"col col-md-6\">\n<figure class=\"lineas-de-actuacion--img\">\n                                <iframe loading=\"lazy\" width=\"560\" height=\"315\" src=\"https:\/\/www.youtube.com\/embed\/qIOBrlrtKqU?rel=0&amp;autoplay=1&#038;loop=1&#038;mute=1\" title=\"YouTube video player\" frameborder=\"0\" allow=\"accelerometer; autoplay; clipboard-write; encrypted-media; gyroscope; picture-in-picture; web-share\" allowfullscreen><\/iframe><br \/>\n                            <\/figure>\n<\/p><\/div>\n<div class=\"col col-md-6 gc-codigo-etico-text\">\n<p class=\"text-center\">V\u00e5r etiska kod <b>grundar sig p\u00e5 v\u00e5rt uppdrag, vision och v\u00e5ra v\u00e4rderingar<\/b>. Den \u00e4r viktig f\u00f6r alla oss som \u00e4r en del av TM Real Estate Group, eftersom den s\u00e4kerst\u00e4ller ett <b>ansvarsfullt agerande<\/b> i utvecklingen av v\u00e5r verksamhet och ing\u00e5r i v\u00e5ra \u00e5taganden gentemot alla intressenter.<\/p>\n<p class=\"text-center \" style=\"margin-top:2em\"> <a href=\"http:\/\/static.tmgrupoinmobiliario.com\/files\/gobierno-corporativo\/codigo-etico.pdf\" class=\"gc-memoria-pdf-btn gc-pdf-link\" target=\"_blank\" rel=\"noopener\">H\u00e4mta v\u00e5r etiska kod (C\u00f3digo \u00c9tico)<\/a><\/p>\n<\/p><\/div>\n<\/p><\/div>\n<\/p><\/div>\n<\/p><\/div>\n<\/p><\/div>\n<\/section>\n<div>\n","protected":false},"excerpt":{"rendered":"<p>Huvudplan f\u00f6r f\u00f6retagsansvar Rapport om f\u00f6retagsansvar Etik och styrning Sociala \u00e5tg\u00e4rder Milj\u00f6 menu Etik och styrning Etiska kod Etiska kod V\u00e5r etiska kod grundar sig p\u00e5 v\u00e5rt uppdrag, vision och v\u00e5ra v\u00e4rderingar. Den \u00e4r viktig f\u00f6r alla oss som \u00e4r en del av TM Real Estate Group, eftersom den s\u00e4kerst\u00e4ller ett ansvarsfullt agerande i utvecklingen [&hellip;]<\/p>\n","protected":false},"author":11715,"featured_media":0,"parent":0,"menu_order":0,"comment_status":"closed","ping_status":"closed","template":"","meta":{"footnotes":""},"class_list":["post-17729","page","type-page","status-publish","hentry"],"better_featured_image":null,"acf":[],"yoast_head":"<!-- This site is optimized with the Yoast SEO Premium plugin v23.6 (Yoast SEO v27.4) - https:\/\/yoast.com\/product\/yoast-seo-premium-wordpress\/ -->\n<title>C\u00f3digo \u00e9tico - Svenska<\/title>\n<meta name=\"robots\" content=\"index, follow, max-snippet:-1, max-image-preview:large, max-video-preview:-1\" \/>\n<link rel=\"canonical\" href=\"https:\/\/blog.tmgrupoinmobiliario.com\/sv\/codigo-etico\/\" \/>\n<meta property=\"og:locale\" content=\"sv_SE\" \/>\n<meta property=\"og:type\" content=\"article\" \/>\n<meta property=\"og:title\" content=\"C\u00f3digo \u00e9tico\" \/>\n<meta property=\"og:description\" content=\"Huvudplan f\u00f6r f\u00f6retagsansvar Rapport om f\u00f6retagsansvar Etik och styrning Sociala \u00e5tg\u00e4rder Milj\u00f6 menu Etik och styrning Etiska kod Etiska kod V\u00e5r etiska kod grundar sig p\u00e5 v\u00e5rt uppdrag, vision och v\u00e5ra v\u00e4rderingar. Den \u00e4r viktig f\u00f6r alla oss som \u00e4r en del av TM Real Estate Group, eftersom den s\u00e4kerst\u00e4ller ett ansvarsfullt agerande i utvecklingen [&hellip;]\" \/>\n<meta property=\"og:url\" content=\"https:\/\/blog.tmgrupoinmobiliario.com\/sv\/codigo-etico\/\" \/>\n<meta property=\"og:site_name\" content=\"Svenska\" \/>\n<meta property=\"article:modified_time\" content=\"2024-12-30T10:12:44+00:00\" \/>\n<meta name=\"twitter:card\" content=\"summary_large_image\" \/>\n<meta name=\"twitter:label1\" content=\"Ber\u00e4knad l\u00e4stid\" \/>\n\t<meta name=\"twitter:data1\" content=\"1 minut\" \/>\n<script type=\"application\/ld+json\" class=\"yoast-schema-graph\">{\"@context\":\"https:\\\/\\\/schema.org\",\"@graph\":[{\"@type\":\"WebPage\",\"@id\":\"https:\\\/\\\/blog.tmgrupoinmobiliario.com\\\/sv\\\/codigo-etico\\\/\",\"url\":\"https:\\\/\\\/blog.tmgrupoinmobiliario.com\\\/sv\\\/codigo-etico\\\/\",\"name\":\"C\u00f3digo \u00e9tico - Svenska\",\"isPartOf\":{\"@id\":\"https:\\\/\\\/blog.tmgrupoinmobiliario.com\\\/sv\\\/#website\"},\"datePublished\":\"2024-12-20T12:39:50+00:00\",\"dateModified\":\"2024-12-30T10:12:44+00:00\",\"breadcrumb\":{\"@id\":\"https:\\\/\\\/blog.tmgrupoinmobiliario.com\\\/sv\\\/codigo-etico\\\/#breadcrumb\"},\"inLanguage\":\"sv-SE\",\"potentialAction\":[{\"@type\":\"ReadAction\",\"target\":[\"https:\\\/\\\/blog.tmgrupoinmobiliario.com\\\/sv\\\/codigo-etico\\\/\"]}]},{\"@type\":\"BreadcrumbList\",\"@id\":\"https:\\\/\\\/blog.tmgrupoinmobiliario.com\\\/sv\\\/codigo-etico\\\/#breadcrumb\",\"itemListElement\":[{\"@type\":\"ListItem\",\"position\":1,\"name\":\"Portada\",\"item\":\"https:\\\/\\\/blog.tmgrupoinmobiliario.com\\\/sv\\\/\"},{\"@type\":\"ListItem\",\"position\":2,\"name\":\"C\u00f3digo \u00e9tico\"}]},{\"@type\":\"WebSite\",\"@id\":\"https:\\\/\\\/blog.tmgrupoinmobiliario.com\\\/sv\\\/#website\",\"url\":\"https:\\\/\\\/blog.tmgrupoinmobiliario.com\\\/sv\\\/\",\"name\":\"Svenska\",\"description\":\"Otro sitio m\u00e1s de Blog Desarrollo TM sitios\",\"potentialAction\":[{\"@type\":\"SearchAction\",\"target\":{\"@type\":\"EntryPoint\",\"urlTemplate\":\"https:\\\/\\\/blog.tmgrupoinmobiliario.com\\\/sv\\\/?s={search_term_string}\"},\"query-input\":{\"@type\":\"PropertyValueSpecification\",\"valueRequired\":true,\"valueName\":\"search_term_string\"}}],\"inLanguage\":\"sv-SE\"}]}<\/script>\n<!-- \/ Yoast SEO Premium plugin. -->","yoast_head_json":{"title":"C\u00f3digo \u00e9tico - Svenska","robots":{"index":"index","follow":"follow","max-snippet":"max-snippet:-1","max-image-preview":"max-image-preview:large","max-video-preview":"max-video-preview:-1"},"canonical":"https:\/\/blog.tmgrupoinmobiliario.com\/sv\/codigo-etico\/","og_locale":"sv_SE","og_type":"article","og_title":"C\u00f3digo \u00e9tico","og_description":"Huvudplan f\u00f6r f\u00f6retagsansvar Rapport om f\u00f6retagsansvar Etik och styrning Sociala \u00e5tg\u00e4rder Milj\u00f6 menu Etik och styrning Etiska kod Etiska kod V\u00e5r etiska kod grundar sig p\u00e5 v\u00e5rt uppdrag, vision och v\u00e5ra v\u00e4rderingar. Den \u00e4r viktig f\u00f6r alla oss som \u00e4r en del av TM Real Estate Group, eftersom den s\u00e4kerst\u00e4ller ett ansvarsfullt agerande i utvecklingen [&hellip;]","og_url":"https:\/\/blog.tmgrupoinmobiliario.com\/sv\/codigo-etico\/","og_site_name":"Svenska","article_modified_time":"2024-12-30T10:12:44+00:00","twitter_card":"summary_large_image","twitter_misc":{"Ber\u00e4knad l\u00e4stid":"1 minut"},"schema":{"@context":"https:\/\/schema.org","@graph":[{"@type":"WebPage","@id":"https:\/\/blog.tmgrupoinmobiliario.com\/sv\/codigo-etico\/","url":"https:\/\/blog.tmgrupoinmobiliario.com\/sv\/codigo-etico\/","name":"C\u00f3digo \u00e9tico - Svenska","isPartOf":{"@id":"https:\/\/blog.tmgrupoinmobiliario.com\/sv\/#website"},"datePublished":"2024-12-20T12:39:50+00:00","dateModified":"2024-12-30T10:12:44+00:00","breadcrumb":{"@id":"https:\/\/blog.tmgrupoinmobiliario.com\/sv\/codigo-etico\/#breadcrumb"},"inLanguage":"sv-SE","potentialAction":[{"@type":"ReadAction","target":["https:\/\/blog.tmgrupoinmobiliario.com\/sv\/codigo-etico\/"]}]},{"@type":"BreadcrumbList","@id":"https:\/\/blog.tmgrupoinmobiliario.com\/sv\/codigo-etico\/#breadcrumb","itemListElement":[{"@type":"ListItem","position":1,"name":"Portada","item":"https:\/\/blog.tmgrupoinmobiliario.com\/sv\/"},{"@type":"ListItem","position":2,"name":"C\u00f3digo \u00e9tico"}]},{"@type":"WebSite","@id":"https:\/\/blog.tmgrupoinmobiliario.com\/sv\/#website","url":"https:\/\/blog.tmgrupoinmobiliario.com\/sv\/","name":"Svenska","description":"Otro sitio m\u00e1s de Blog Desarrollo TM sitios","potentialAction":[{"@type":"SearchAction","target":{"@type":"EntryPoint","urlTemplate":"https:\/\/blog.tmgrupoinmobiliario.com\/sv\/?s={search_term_string}"},"query-input":{"@type":"PropertyValueSpecification","valueRequired":true,"valueName":"search_term_string"}}],"inLanguage":"sv-SE"}]}},"jetpack_sharing_enabled":true,"_links":{"self":[{"href":"https:\/\/blog.tmgrupoinmobiliario.com\/sv\/wp-json\/wp\/v2\/pages\/17729","targetHints":{"allow":["GET"]}}],"collection":[{"href":"https:\/\/blog.tmgrupoinmobiliario.com\/sv\/wp-json\/wp\/v2\/pages"}],"about":[{"href":"https:\/\/blog.tmgrupoinmobiliario.com\/sv\/wp-json\/wp\/v2\/types\/page"}],"author":[{"embeddable":true,"href":"https:\/\/blog.tmgrupoinmobiliario.com\/sv\/wp-json\/wp\/v2\/users\/11715"}],"replies":[{"embeddable":true,"href":"https:\/\/blog.tmgrupoinmobiliario.com\/sv\/wp-json\/wp\/v2\/comments?post=17729"}],"version-history":[{"count":2,"href":"https:\/\/blog.tmgrupoinmobiliario.com\/sv\/wp-json\/wp\/v2\/pages\/17729\/revisions"}],"predecessor-version":[{"id":17742,"href":"https:\/\/blog.tmgrupoinmobiliario.com\/sv\/wp-json\/wp\/v2\/pages\/17729\/revisions\/17742"}],"wp:attachment":[{"href":"https:\/\/blog.tmgrupoinmobiliario.com\/sv\/wp-json\/wp\/v2\/media?parent=17729"}],"curies":[{"name":"wp","href":"https:\/\/api.w.org\/{rel}","templated":true}]}}