{"id":17727,"date":"2024-12-20T13:38:27","date_gmt":"2024-12-20T12:38:27","guid":{"rendered":"https:\/\/blog.tmgrupoinmobiliario.com\/sv\/?page_id=17727"},"modified":"2024-12-20T13:38:27","modified_gmt":"2024-12-20T12:38:27","slug":"etica-y-gobernanza","status":"publish","type":"page","link":"https:\/\/blog.tmgrupoinmobiliario.com\/sv\/etica-y-gobernanza\/","title":{"rendered":"\u00c9tica y gobernanza"},"content":{"rendered":"<div class=\"gc\">\n<nav class=\"static-nav inline-nav lineas-nav locked\">\n<ul>\n<li><a href=\"\/sv\/gobierno-corporativo\/plan-director-rc\">Huvudplan f\u00f6r f\u00f6retagsansvar<\/a><\/li>\n<li><a href=\"\/sv\/gobierno-corporativo\/memoria-rc\">Rapport om f\u00f6retagsansvar<\/a><\/li>\n<li><a class=\"active\" href=\"\/sv\/gobierno-corporativo\/etica-y-gobernanza\">Etik och styrning<\/a><\/li>\n<li><a href=\"\/sv\/gobierno-corporativo\/accion-social\">Sociala \u00e5tg\u00e4rder<\/a><\/li>\n<li><a href=\"\/sv\/gobierno-corporativo\/medioambiente\">Milj\u00f6<\/a><\/li>\n<\/ul>\n<p>        <button class=\"toggle-static-nav\">menu <i class=\"far fa-caret-square-down\"><\/i><\/button><br \/>\n    <\/nav>\n<section class=\"gc-cover-section top-cover scroll-div\">\n<div class=\"cover\" style=\"position: relative;\">\n<div class=\"gc-video-holder etica-gob\">\n                <!--<video class=\"gc-cover-video\" playsinline=\"\" autoplay=\"autoplay\" muted=\"\" loop=\"\" style=\"width:100%\">\n<source src=\"\" type=\"video\/webm\">\n<source src=\"https:\/\/static.tmgrupoinmobiliario.com\/files\/gc\/video\/TM+Grupo+Inmobiliario+en+el+horizonte.mp4\" type=\"video\/mp4\">\n<\/video> -->\n            <\/div>\n<p>            <a href=\"https:\/\/www.youtube.com\/watch?v=r84MdEj628g\" data-fancybox=\"\" class=\"btn btn-outlined\"><br \/>\n                <svg class=\"svg-inline--fa fa-play-circle fa-w-16 fa-lg\" aria-hidden=\"true\" data-prefix=\"far\" data-icon=\"play-circle\" role=\"img\" xmlns=\"http:\/\/www.w3.org\/2000\/svg\" viewBox=\"0 0 512 512\" data-fa-i2svg=\"\" style=\"width: 18.7px; height: 18.7px;\">\n                    <path fill=\"currentColor\" d=\"M371.7 238l-176-107c-15.8-8.8-35.7 2.5-35.7 21v208c0 18.4 19.8 29.8 35.7 21l176-101c16.4-9.1 16.4-32.8 0-42zM504 256C504 119 393 8 256 8S8 119 8 256s111 248 248 248 248-111 248-248zm-448 0c0-110.5 89.5-200 200-200s200 89.5 200 200-89.5 200-200 200S56 366.5 56 256z\"><\/path><\/svg><!-- <i class=\"far fa-lg fa-play-circle\"><\/i> --><br \/>\n                    Se hela videon<br \/>\n            <\/a><br \/>\n            <!-- \n\n<p style=\"position:absolute;bottom:10%;z-index:2;width: 100%;text-align:center;\"><a class=\"btn btn-default\" href=\"https:\/\/www.youtube.com\/watch?v=r84MdEj628g\" target=\"_blank\" rel=\"noopener\">Ver video completo<\/a><\/p>\n\n -->\n        <\/div>\n<\/section>\n<section class=\"gc-section etica-gobernanza-section\"><span id=\"ethics-gov\"><\/span><\/p>\n<div class=\"container mw-1200\">\n<h1 class=\"gc-title\">ETIK OCH STYRNING<\/h1>\n<p class=\"gc-intro\">P\u00e5 TM tror vi p\u00e5 en stark bolagsstyrningsmodell, som grundar sig p\u00e5 <b>\u00f6ppenhet<\/b> och <b>god praxis<\/b>. D\u00e4rf\u00f6r satsar vi p\u00e5 en ledningsstruktur som avgr\u00e4nsar de olika organens roller och garanterar \u00f6ppenhet <b>i allt som bolaget g\u00f6r<\/b>.<\/p>\n<\/p><\/div>\n<div class=\"container mw-800\">\n<div class=\"row gc-img-menu-holder\">\n<div class=\"col-md-6\">\n                    <a href=\"\/sv\/gobierno-corporativo\/codigo-etico\"><br \/>\n                        <img decoding=\"async\" src=\"https:\/\/www.tmgrupoinmobiliario.com\/blog\/wp-content\/uploads\/2023\/07\/Codigo-Etico.png\" style=\"padding: 5px\"><\/p>\n<div class=\"gc-img-title\">Etiska kod<\/div>\n<p>                    <\/a>\n                <\/div>\n<div class=\"col-md-6\">\n                    <a href=\"\/sv\/gobierno-corporativo\/buzon-etico\"><br \/>\n                        <img decoding=\"async\" src=\"https:\/\/www.tmgrupoinmobiliario.com\/blog\/wp-content\/uploads\/2023\/07\/SISTEMA-DE-SEGURIDAD.jpeg\" style=\"padding: 5px\"><\/p>\n<div class=\"gc-img-title\" style=\"width:80%\">Internt system f\u00f6r information och st\u00f6d till visselbl\u00e5sare<\/div>\n<p>                    <\/a>\n                <\/div>\n<\/p><\/div>\n<\/p><\/div>\n<\/section><\/div>\n","protected":false},"excerpt":{"rendered":"<p>Huvudplan f\u00f6r f\u00f6retagsansvar Rapport om f\u00f6retagsansvar Etik och styrning Sociala \u00e5tg\u00e4rder Milj\u00f6 menu Se hela videon ETIK OCH STYRNING P\u00e5 TM tror vi p\u00e5 en stark bolagsstyrningsmodell, som grundar sig p\u00e5 \u00f6ppenhet och god praxis. D\u00e4rf\u00f6r satsar vi p\u00e5 en ledningsstruktur som avgr\u00e4nsar de olika organens roller och garanterar \u00f6ppenhet i allt som bolaget g\u00f6r. [&hellip;]<\/p>\n","protected":false},"author":11715,"featured_media":0,"parent":0,"menu_order":0,"comment_status":"closed","ping_status":"closed","template":"","meta":{"footnotes":""},"class_list":["post-17727","page","type-page","status-publish","hentry"],"better_featured_image":null,"acf":[],"yoast_head":"<!-- This site is optimized with the Yoast SEO Premium plugin v23.6 (Yoast SEO v27.4) - https:\/\/yoast.com\/product\/yoast-seo-premium-wordpress\/ -->\n<title>\u00c9tica y gobernanza - Svenska<\/title>\n<meta name=\"robots\" content=\"index, follow, max-snippet:-1, max-image-preview:large, max-video-preview:-1\" \/>\n<link rel=\"canonical\" href=\"https:\/\/blog.tmgrupoinmobiliario.com\/sv\/etica-y-gobernanza\/\" \/>\n<meta property=\"og:locale\" content=\"sv_SE\" \/>\n<meta property=\"og:type\" content=\"article\" \/>\n<meta property=\"og:title\" content=\"\u00c9tica y gobernanza\" \/>\n<meta property=\"og:description\" content=\"Huvudplan f\u00f6r f\u00f6retagsansvar Rapport om f\u00f6retagsansvar Etik och styrning Sociala \u00e5tg\u00e4rder Milj\u00f6 menu Se hela videon ETIK OCH STYRNING P\u00e5 TM tror vi p\u00e5 en stark bolagsstyrningsmodell, som grundar sig p\u00e5 \u00f6ppenhet och god praxis. D\u00e4rf\u00f6r satsar vi p\u00e5 en ledningsstruktur som avgr\u00e4nsar de olika organens roller och garanterar \u00f6ppenhet i allt som bolaget g\u00f6r. [&hellip;]\" \/>\n<meta property=\"og:url\" content=\"https:\/\/blog.tmgrupoinmobiliario.com\/sv\/etica-y-gobernanza\/\" \/>\n<meta property=\"og:site_name\" content=\"Svenska\" \/>\n<meta property=\"og:image\" content=\"https:\/\/www.tmgrupoinmobiliario.com\/blog\/wp-content\/uploads\/2023\/07\/Codigo-Etico.png\" \/>\n<meta name=\"twitter:card\" content=\"summary_large_image\" \/>\n<script type=\"application\/ld+json\" class=\"yoast-schema-graph\">{\"@context\":\"https:\\\/\\\/schema.org\",\"@graph\":[{\"@type\":\"WebPage\",\"@id\":\"https:\\\/\\\/blog.tmgrupoinmobiliario.com\\\/sv\\\/etica-y-gobernanza\\\/\",\"url\":\"https:\\\/\\\/blog.tmgrupoinmobiliario.com\\\/sv\\\/etica-y-gobernanza\\\/\",\"name\":\"\u00c9tica y gobernanza - Svenska\",\"isPartOf\":{\"@id\":\"https:\\\/\\\/blog.tmgrupoinmobiliario.com\\\/sv\\\/#website\"},\"primaryImageOfPage\":{\"@id\":\"https:\\\/\\\/blog.tmgrupoinmobiliario.com\\\/sv\\\/etica-y-gobernanza\\\/#primaryimage\"},\"image\":{\"@id\":\"https:\\\/\\\/blog.tmgrupoinmobiliario.com\\\/sv\\\/etica-y-gobernanza\\\/#primaryimage\"},\"thumbnailUrl\":\"https:\\\/\\\/www.tmgrupoinmobiliario.com\\\/blog\\\/wp-content\\\/uploads\\\/2023\\\/07\\\/Codigo-Etico.png\",\"datePublished\":\"2024-12-20T12:38:27+00:00\",\"breadcrumb\":{\"@id\":\"https:\\\/\\\/blog.tmgrupoinmobiliario.com\\\/sv\\\/etica-y-gobernanza\\\/#breadcrumb\"},\"inLanguage\":\"sv-SE\",\"potentialAction\":[{\"@type\":\"ReadAction\",\"target\":[\"https:\\\/\\\/blog.tmgrupoinmobiliario.com\\\/sv\\\/etica-y-gobernanza\\\/\"]}]},{\"@type\":\"ImageObject\",\"inLanguage\":\"sv-SE\",\"@id\":\"https:\\\/\\\/blog.tmgrupoinmobiliario.com\\\/sv\\\/etica-y-gobernanza\\\/#primaryimage\",\"url\":\"https:\\\/\\\/www.tmgrupoinmobiliario.com\\\/blog\\\/wp-content\\\/uploads\\\/2023\\\/07\\\/Codigo-Etico.png\",\"contentUrl\":\"https:\\\/\\\/www.tmgrupoinmobiliario.com\\\/blog\\\/wp-content\\\/uploads\\\/2023\\\/07\\\/Codigo-Etico.png\"},{\"@type\":\"BreadcrumbList\",\"@id\":\"https:\\\/\\\/blog.tmgrupoinmobiliario.com\\\/sv\\\/etica-y-gobernanza\\\/#breadcrumb\",\"itemListElement\":[{\"@type\":\"ListItem\",\"position\":1,\"name\":\"Portada\",\"item\":\"https:\\\/\\\/blog.tmgrupoinmobiliario.com\\\/sv\\\/\"},{\"@type\":\"ListItem\",\"position\":2,\"name\":\"\u00c9tica y gobernanza\"}]},{\"@type\":\"WebSite\",\"@id\":\"https:\\\/\\\/blog.tmgrupoinmobiliario.com\\\/sv\\\/#website\",\"url\":\"https:\\\/\\\/blog.tmgrupoinmobiliario.com\\\/sv\\\/\",\"name\":\"Svenska\",\"description\":\"Otro sitio m\u00e1s de Blog Desarrollo TM sitios\",\"potentialAction\":[{\"@type\":\"SearchAction\",\"target\":{\"@type\":\"EntryPoint\",\"urlTemplate\":\"https:\\\/\\\/blog.tmgrupoinmobiliario.com\\\/sv\\\/?s={search_term_string}\"},\"query-input\":{\"@type\":\"PropertyValueSpecification\",\"valueRequired\":true,\"valueName\":\"search_term_string\"}}],\"inLanguage\":\"sv-SE\"}]}<\/script>\n<!-- \/ Yoast SEO Premium plugin. -->","yoast_head_json":{"title":"\u00c9tica y gobernanza - Svenska","robots":{"index":"index","follow":"follow","max-snippet":"max-snippet:-1","max-image-preview":"max-image-preview:large","max-video-preview":"max-video-preview:-1"},"canonical":"https:\/\/blog.tmgrupoinmobiliario.com\/sv\/etica-y-gobernanza\/","og_locale":"sv_SE","og_type":"article","og_title":"\u00c9tica y gobernanza","og_description":"Huvudplan f\u00f6r f\u00f6retagsansvar Rapport om f\u00f6retagsansvar Etik och styrning Sociala \u00e5tg\u00e4rder Milj\u00f6 menu Se hela videon ETIK OCH STYRNING P\u00e5 TM tror vi p\u00e5 en stark bolagsstyrningsmodell, som grundar sig p\u00e5 \u00f6ppenhet och god praxis. D\u00e4rf\u00f6r satsar vi p\u00e5 en ledningsstruktur som avgr\u00e4nsar de olika organens roller och garanterar \u00f6ppenhet i allt som bolaget g\u00f6r. [&hellip;]","og_url":"https:\/\/blog.tmgrupoinmobiliario.com\/sv\/etica-y-gobernanza\/","og_site_name":"Svenska","og_image":[{"url":"https:\/\/www.tmgrupoinmobiliario.com\/blog\/wp-content\/uploads\/2023\/07\/Codigo-Etico.png","type":"","width":"","height":""}],"twitter_card":"summary_large_image","schema":{"@context":"https:\/\/schema.org","@graph":[{"@type":"WebPage","@id":"https:\/\/blog.tmgrupoinmobiliario.com\/sv\/etica-y-gobernanza\/","url":"https:\/\/blog.tmgrupoinmobiliario.com\/sv\/etica-y-gobernanza\/","name":"\u00c9tica y gobernanza - Svenska","isPartOf":{"@id":"https:\/\/blog.tmgrupoinmobiliario.com\/sv\/#website"},"primaryImageOfPage":{"@id":"https:\/\/blog.tmgrupoinmobiliario.com\/sv\/etica-y-gobernanza\/#primaryimage"},"image":{"@id":"https:\/\/blog.tmgrupoinmobiliario.com\/sv\/etica-y-gobernanza\/#primaryimage"},"thumbnailUrl":"https:\/\/www.tmgrupoinmobiliario.com\/blog\/wp-content\/uploads\/2023\/07\/Codigo-Etico.png","datePublished":"2024-12-20T12:38:27+00:00","breadcrumb":{"@id":"https:\/\/blog.tmgrupoinmobiliario.com\/sv\/etica-y-gobernanza\/#breadcrumb"},"inLanguage":"sv-SE","potentialAction":[{"@type":"ReadAction","target":["https:\/\/blog.tmgrupoinmobiliario.com\/sv\/etica-y-gobernanza\/"]}]},{"@type":"ImageObject","inLanguage":"sv-SE","@id":"https:\/\/blog.tmgrupoinmobiliario.com\/sv\/etica-y-gobernanza\/#primaryimage","url":"https:\/\/www.tmgrupoinmobiliario.com\/blog\/wp-content\/uploads\/2023\/07\/Codigo-Etico.png","contentUrl":"https:\/\/www.tmgrupoinmobiliario.com\/blog\/wp-content\/uploads\/2023\/07\/Codigo-Etico.png"},{"@type":"BreadcrumbList","@id":"https:\/\/blog.tmgrupoinmobiliario.com\/sv\/etica-y-gobernanza\/#breadcrumb","itemListElement":[{"@type":"ListItem","position":1,"name":"Portada","item":"https:\/\/blog.tmgrupoinmobiliario.com\/sv\/"},{"@type":"ListItem","position":2,"name":"\u00c9tica y gobernanza"}]},{"@type":"WebSite","@id":"https:\/\/blog.tmgrupoinmobiliario.com\/sv\/#website","url":"https:\/\/blog.tmgrupoinmobiliario.com\/sv\/","name":"Svenska","description":"Otro sitio m\u00e1s de Blog Desarrollo TM sitios","potentialAction":[{"@type":"SearchAction","target":{"@type":"EntryPoint","urlTemplate":"https:\/\/blog.tmgrupoinmobiliario.com\/sv\/?s={search_term_string}"},"query-input":{"@type":"PropertyValueSpecification","valueRequired":true,"valueName":"search_term_string"}}],"inLanguage":"sv-SE"}]}},"jetpack_sharing_enabled":true,"_links":{"self":[{"href":"https:\/\/blog.tmgrupoinmobiliario.com\/sv\/wp-json\/wp\/v2\/pages\/17727","targetHints":{"allow":["GET"]}}],"collection":[{"href":"https:\/\/blog.tmgrupoinmobiliario.com\/sv\/wp-json\/wp\/v2\/pages"}],"about":[{"href":"https:\/\/blog.tmgrupoinmobiliario.com\/sv\/wp-json\/wp\/v2\/types\/page"}],"author":[{"embeddable":true,"href":"https:\/\/blog.tmgrupoinmobiliario.com\/sv\/wp-json\/wp\/v2\/users\/11715"}],"replies":[{"embeddable":true,"href":"https:\/\/blog.tmgrupoinmobiliario.com\/sv\/wp-json\/wp\/v2\/comments?post=17727"}],"version-history":[{"count":1,"href":"https:\/\/blog.tmgrupoinmobiliario.com\/sv\/wp-json\/wp\/v2\/pages\/17727\/revisions"}],"predecessor-version":[{"id":17728,"href":"https:\/\/blog.tmgrupoinmobiliario.com\/sv\/wp-json\/wp\/v2\/pages\/17727\/revisions\/17728"}],"wp:attachment":[{"href":"https:\/\/blog.tmgrupoinmobiliario.com\/sv\/wp-json\/wp\/v2\/media?parent=17727"}],"curies":[{"name":"wp","href":"https:\/\/api.w.org\/{rel}","templated":true}]}}