{"id":17723,"date":"2024-12-20T13:32:06","date_gmt":"2024-12-20T12:32:06","guid":{"rendered":"https:\/\/blog.tmgrupoinmobiliario.com\/sv\/?page_id=17723"},"modified":"2025-07-31T19:16:18","modified_gmt":"2025-07-31T17:16:18","slug":"memoria-rc","status":"publish","type":"page","link":"https:\/\/blog.tmgrupoinmobiliario.com\/sv\/memoria-rc\/","title":{"rendered":"Memoria RC"},"content":{"rendered":"<div class=\"gc\">\n<nav class=\"static-nav inline-nav lineas-nav locked\">\n<ul>\n<li><a href=\"\/sv\/gobierno-corporativo\/plan-director-rc\">Huvudplan f\u00f6r f\u00f6retagsansvar<\/a><\/li>\n<li><a class=\"active\" href=\"\/sv\/gobierno-corporativo\/memoria-rc\">Rapport om f\u00f6retagsansvar<\/a><\/li>\n<li><a href=\"\/sv\/gobierno-corporativo\/etica-y-gobernanza\">Etik och styrning<\/a><\/li>\n<li><a href=\"\/sv\/gobierno-corporativo\/accion-social\">Sociala \u00e5tg\u00e4rder<\/a><\/li>\n<li><a href=\"\/sv\/gobierno-corporativo\/medioambiente\">Milj\u00f6<\/a><\/li>\n<\/ul>\n<p>        <button class=\"toggle-static-nav\">menu <i class=\"far fa-caret-square-down\"><\/i><\/button><br \/>\n    <\/nav>\n<section class=\"gc-cover-section top-cover scroll-div\">\n<div class=\"cover\" style=\"position: relative;\">\n<div class=\"gc-video-holder memoria-rc\">\n                <!--   <video class=\"gc-cover-video\" playsinline=\"\" autoplay=\"autoplay\" muted=\"\" loop=\"\" style=\"width:100%\">\n<source src=\"\" type=\"video\/webm\">\n<source src=\"https:\/\/static.tmgrupoinmobiliario.com\/files\/gc\/video\/TM+VIDEO+MEMORIA+RC_sin+mosca+subs+ING.mp4\" type=\"video\/mp4\">\n<\/video> -->\n            <\/div>\n<p>            <a href=\"https:\/\/youtu.be\/euGBJcGPhWk\" data-fancybox=\"\" class=\"btn btn-outlined\"><br \/>\n                <svg class=\"svg-inline--fa fa-play-circle fa-w-16 fa-lg\" aria-hidden=\"true\" data-prefix=\"far\" data-icon=\"play-circle\" role=\"img\" xmlns=\"http:\/\/www.w3.org\/2000\/svg\" viewBox=\"0 0 512 512\" data-fa-i2svg=\"\" style=\"width: 18.7px; height: 18.7px;\">\n                    <path fill=\"currentColor\" d=\"M371.7 238l-176-107c-15.8-8.8-35.7 2.5-35.7 21v208c0 18.4 19.8 29.8 35.7 21l176-101c16.4-9.1 16.4-32.8 0-42zM504 256C504 119 393 8 256 8S8 119 8 256s111 248 248 248 248-111 248-248zm-448 0c0-110.5 89.5-200 200-200s200 89.5 200 200-89.5 200-200 200S56 366.5 56 256z\"><\/path><\/svg><!-- <i class=\"far fa-lg fa-play-circle\"><\/i> --><br \/>\n                    Se hela videon<br \/>\n            <\/a><br \/>\n            <!-- \n\n<p style=\"position:absolute;bottom:10%;z-index:2;width: 100%;text-align:center;\"><a class=\"btn btn-default\" href=\"https:\/\/www.youtube.com\/watch?v=pQzWmKq2_Sg\" target=\"_blank\" rel=\"noopener\">Ver video completo<\/a><\/p>\n\n -->\n        <\/div>\n<\/section>\n<section class=\"container mw-1200  gc-memoria-container\">\n<h1 class=\"gc-title gc-memoria-title\">RAPPORT OM F\u00d6RETAGSANSVAR<\/h1>\n<div class=\"row gc-memoria-row\">\n<div class=\"col col-md-7 text-right\">\n                <img decoding=\"async\" style=\"width: 100%\" src=\"https:\/\/static.tmgrupoinmobiliario.com\/files\/Portada+Memoria+2024.jpg\">\n            <\/div>\n<div class=\"col col-md-5 text-left gc-memoria-col-text\">\n<p>L\u00c4S V\u00c5R<\/p>\n<h3>RAPPORT OM F\u00d6RETAGSANSVAR<br \/>2024<\/h3>\n<p>                <a href=\"https:\/\/static.tmgrupoinmobiliario.com\/files\/MEMORIA-RESPONSABILIDAD-CORPORATIVA-TM-2024.pdf\" class=\"gc-memoria-pdf-btn\" target=\"_blank\" rel=\"noopener\">L\u00e4s<\/a><\/p>\n<p style=\"font-size: 10px; margin: 30px 0;\">\n                    Para poder disfrutar de la versi\u00f3n interactiva en tablet y mobile, es necesario tener instalado Adobe Acrobat Reader para PDF. Desc\u00e1rgalo en <a href=\"https:\/\/apps.apple.com\/es\/app\/adobe-acrobat-reader-leer-pdf\/id469337564\">App Store<\/a> o <a href=\"https:\/\/play.google.com\/store\/apps\/details?id=com.adobe.reader\">Play Store<\/a><\/p>\n<\/p><\/div>\n<\/p><\/div>\n<p class=\"gc-memoria-subtitle\"><b>L\u00e4s v\u00e5ra tidigare rapporter om f\u00f6retagsansvar:<\/b><\/p>\n<\/section>\n<section class=\"business-lines gc-memoria-cards-section\" >\n<div class=\"memoria-slider dots-slider\">\n<div class=\"card-holder\">\n<div class=\"card business-card gc-memoria-card\">\n<div class=\"card-link gc-memoria-card-link\" target=\"_blank\" \/>\n                        <img decoding=\"async\" class=\"async-load\" src=\"https:\/\/static.tmgrupoinmobiliario.com\/files\/Portada+Memoria+2023.jpg\" class=\"card-image\" \/><\/p>\n<div class=\"gc-memoria-card-content\">\n<div class=\"title-holder\">\n<h3 class=\"card-title gc-memoria-card-title\">RAPPORT OM F\u00d6RETAGSANSVAR<br \/>2023<\/h3>\n<\/div>\n<div> <a href=\"https:\/\/static.tmgrupoinmobiliario.com\/files\/MEMORIA_RESPONSABILIDAD_CORPORATIVA_TM_2023.pdf\" class=\"gc-memoria-card-button\" target=\"_blank\" rel=\"noopener\"> L\u00e4s<\/a><\/div>\n<\/p><\/div>\n<\/p><\/div>\n<\/p><\/div>\n<\/p><\/div>\n<div class=\"card-holder\">\n<div class=\"card business-card gc-memoria-card\">\n<div class=\"card-link gc-memoria-card-link\" target=\"_blank\" \/>\n                        <img decoding=\"async\" class=\"async-load\" src=\"https:\/\/www.tmgrupoinmobiliario.com\/blog\/wp-content\/uploads\/2024\/06\/portada-memoria-rc-2022-360px.jpg\" class=\"card-image\" \/><\/p>\n<div class=\"gc-memoria-card-content\">\n<div class=\"title-holder\">\n<h3 class=\"card-title gc-memoria-card-title\">RAPPORT OM F\u00d6RETAGSANSVAR<br \/>2022<\/h3>\n<\/div>\n<div> <a href=\"https:\/\/static.tmgrupoinmobiliario.com\/files\/MEMORIA_DE_RESPONSABILIDAD_CORPORATIVA_TM_2022.pdf\" class=\"gc-memoria-card-button\" target=\"_blank\" rel=\"noopener\"> L\u00e4s<\/a><\/div>\n<\/p><\/div>\n<\/p><\/div>\n<\/p><\/div>\n<\/p><\/div>\n<div class=\"card-holder\">\n<div class=\"card business-card gc-memoria-card\">\n<div class=\"card-link gc-memoria-card-link\" target=\"_blank\" \/>\n                        <img decoding=\"async\" class=\"async-load\" src=\"https:\/\/www.tmgrupoinmobiliario.com\/blog\/wp-content\/uploads\/2023\/07\/Memoria-RC-2021.jpg\" class=\"card-image\" \/><\/p>\n<div class=\"gc-memoria-card-content\">\n<div class=\"title-holder\">\n<h3 class=\"card-title gc-memoria-card-title\">RAPPORT OM F\u00d6RETAGSANSVAR<br \/>2021<\/h3>\n<\/div>\n<div> <a href=\"https:\/\/static.tmgrupoinmobiliario.com\/files\/Memoria+Responsabilidad+Corporativa+2021.pdf\" class=\"gc-memoria-card-button\" target=\"_blank\" rel=\"noopener\"> L\u00e4s<\/a><\/div>\n<\/p><\/div>\n<\/p><\/div>\n<\/p><\/div>\n<\/p><\/div>\n<div class=\"card-holder\">\n<div class=\"card business-card gc-memoria-card\">\n<div class=\"card-link gc-memoria-card-link\">\n                        <img decoding=\"async\" class=\"async-load\" src=\"https:\/\/www.tmgrupoinmobiliario.com\/blog\/wp-content\/uploads\/2023\/07\/Memoria-RC-2020.jpg\" class=\"card-image\" \/><\/p>\n<div class=\"gc-memoria-card-content\">\n<div class=\"title-holder\">\n<h3 class=\"card-title gc-memoria-card-title\">RAPPORT OM F\u00d6RETAGSANSVAR<br \/>2020<\/h3>\n<\/div>\n<div><a href=\"https:\/\/static.tmgrupoinmobiliario.com\/files\/memoria_RC_2020.pdf\" class=\"gc-memoria-card-button\" target=\"_blank\" rel=\"noopener\">L\u00e4s<\/a><\/div>\n<\/p><\/div>\n<\/p><\/div>\n<\/p><\/div>\n<\/p><\/div>\n<div class=\"card-holder\">\n<div class=\"card business-card gc-memoria-card\">\n<div class=\"card-link gc-memoria-card-link\">\n                        <img decoding=\"async\" class=\"async-load\" src=\"https:\/\/www.tmgrupoinmobiliario.com\/blog\/wp-content\/uploads\/2023\/07\/Memoria-RC-2019.jpg\" class=\"card-image\" \/><\/p>\n<div class=\"card-content gc-memoria-card-content\">\n<div class=\"title-holder\">\n<h3 class=\"card-title gc-memoria-card-title\">RAPPORT OM F\u00d6RETAGSANSVAR<br \/>2019<\/h3>\n<\/div>\n<div> <a href=\"https:\/\/static.tmgrupoinmobiliario.com\/files\/Memoria-Responsabilidad-Corporativa-2019.pdf\" class=\"gc-memoria-card-button\" target=\"_blank\" rel=\"noopener\">L\u00e4s<\/a><\/div>\n<\/p><\/div>\n<\/p><\/div>\n<\/p><\/div>\n<\/p><\/div>\n<div class=\"card-holder\">\n<div class=\"card business-card gc-memoria-card\">\n<div class=\"card-link gc-memoria-card-link\">\n                        <img decoding=\"async\" class=\"async-load\" src=\"https:\/\/www.tmgrupoinmobiliario.com\/blog\/wp-content\/uploads\/2023\/07\/Memoria-RC-2017-2018.png\" class=\"card-image\" \/><\/p>\n<div class=\"gc-memoria-card-content\">\n<div class=\"title-holder\">\n<h3 class=\"card-title gc-memoria-card-title\">RAPPORT OM F\u00d6RETAGSANSVAR<br \/>2018\/2017<\/h3>\n<\/div>\n<div><a href=\"https:\/\/static.tmgrupoinmobiliario.com\/files\/Memoria+RC+2017-2018.pdf\" class=\"gc-memoria-card-button\" target=\"_blank\" rel=\"noopener\">L\u00e4s<\/a><\/div>\n<\/p><\/div>\n<\/p><\/div>\n<\/p><\/div>\n<\/p><\/div>\n<\/p><\/div>\n<\/section>\n<\/div>\n","protected":false},"excerpt":{"rendered":"<p>Huvudplan f\u00f6r f\u00f6retagsansvar Rapport om f\u00f6retagsansvar Etik och styrning Sociala \u00e5tg\u00e4rder Milj\u00f6 menu Se hela videon RAPPORT OM F\u00d6RETAGSANSVAR L\u00c4S V\u00c5R RAPPORT OM F\u00d6RETAGSANSVAR2024 L\u00e4s Para poder disfrutar de la versi\u00f3n interactiva en tablet y mobile, es necesario tener instalado Adobe Acrobat Reader para PDF. Desc\u00e1rgalo en App Store o Play Store L\u00e4s v\u00e5ra tidigare [&hellip;]<\/p>\n","protected":false},"author":11715,"featured_media":0,"parent":0,"menu_order":0,"comment_status":"closed","ping_status":"closed","template":"","meta":{"footnotes":""},"class_list":["post-17723","page","type-page","status-publish","hentry"],"better_featured_image":null,"acf":[],"yoast_head":"<!-- This site is optimized with the Yoast SEO Premium plugin v23.6 (Yoast SEO v27.4) - https:\/\/yoast.com\/product\/yoast-seo-premium-wordpress\/ -->\n<title>Memoria RC - Svenska<\/title>\n<meta name=\"robots\" content=\"index, follow, max-snippet:-1, max-image-preview:large, max-video-preview:-1\" \/>\n<link rel=\"canonical\" href=\"https:\/\/blog.tmgrupoinmobiliario.com\/sv\/memoria-rc\/\" \/>\n<meta property=\"og:locale\" content=\"sv_SE\" \/>\n<meta property=\"og:type\" content=\"article\" \/>\n<meta property=\"og:title\" content=\"Memoria RC\" \/>\n<meta property=\"og:description\" content=\"Huvudplan f\u00f6r f\u00f6retagsansvar Rapport om f\u00f6retagsansvar Etik och styrning Sociala \u00e5tg\u00e4rder Milj\u00f6 menu Se hela videon RAPPORT OM F\u00d6RETAGSANSVAR L\u00c4S V\u00c5R RAPPORT OM F\u00d6RETAGSANSVAR2024 L\u00e4s Para poder disfrutar de la versi\u00f3n interactiva en tablet y mobile, es necesario tener instalado Adobe Acrobat Reader para PDF. Desc\u00e1rgalo en App Store o Play Store L\u00e4s v\u00e5ra tidigare [&hellip;]\" \/>\n<meta property=\"og:url\" content=\"https:\/\/blog.tmgrupoinmobiliario.com\/sv\/memoria-rc\/\" \/>\n<meta property=\"og:site_name\" content=\"Svenska\" \/>\n<meta property=\"article:modified_time\" content=\"2025-07-31T17:16:18+00:00\" \/>\n<meta property=\"og:image\" content=\"https:\/\/static.tmgrupoinmobiliario.com\/files\/Portada+Memoria+2024.jpg\" \/>\n<meta name=\"twitter:card\" content=\"summary_large_image\" \/>\n<meta name=\"twitter:label1\" content=\"Ber\u00e4knad l\u00e4stid\" \/>\n\t<meta name=\"twitter:data1\" content=\"2 minuter\" \/>\n<script type=\"application\/ld+json\" class=\"yoast-schema-graph\">{\"@context\":\"https:\\\/\\\/schema.org\",\"@graph\":[{\"@type\":\"WebPage\",\"@id\":\"https:\\\/\\\/blog.tmgrupoinmobiliario.com\\\/sv\\\/memoria-rc\\\/\",\"url\":\"https:\\\/\\\/blog.tmgrupoinmobiliario.com\\\/sv\\\/memoria-rc\\\/\",\"name\":\"Memoria RC - Svenska\",\"isPartOf\":{\"@id\":\"https:\\\/\\\/blog.tmgrupoinmobiliario.com\\\/sv\\\/#website\"},\"primaryImageOfPage\":{\"@id\":\"https:\\\/\\\/blog.tmgrupoinmobiliario.com\\\/sv\\\/memoria-rc\\\/#primaryimage\"},\"image\":{\"@id\":\"https:\\\/\\\/blog.tmgrupoinmobiliario.com\\\/sv\\\/memoria-rc\\\/#primaryimage\"},\"thumbnailUrl\":\"https:\\\/\\\/static.tmgrupoinmobiliario.com\\\/files\\\/Portada+Memoria+2024.jpg\",\"datePublished\":\"2024-12-20T12:32:06+00:00\",\"dateModified\":\"2025-07-31T17:16:18+00:00\",\"breadcrumb\":{\"@id\":\"https:\\\/\\\/blog.tmgrupoinmobiliario.com\\\/sv\\\/memoria-rc\\\/#breadcrumb\"},\"inLanguage\":\"sv-SE\",\"potentialAction\":[{\"@type\":\"ReadAction\",\"target\":[\"https:\\\/\\\/blog.tmgrupoinmobiliario.com\\\/sv\\\/memoria-rc\\\/\"]}]},{\"@type\":\"ImageObject\",\"inLanguage\":\"sv-SE\",\"@id\":\"https:\\\/\\\/blog.tmgrupoinmobiliario.com\\\/sv\\\/memoria-rc\\\/#primaryimage\",\"url\":\"https:\\\/\\\/static.tmgrupoinmobiliario.com\\\/files\\\/Portada+Memoria+2024.jpg\",\"contentUrl\":\"https:\\\/\\\/static.tmgrupoinmobiliario.com\\\/files\\\/Portada+Memoria+2024.jpg\"},{\"@type\":\"BreadcrumbList\",\"@id\":\"https:\\\/\\\/blog.tmgrupoinmobiliario.com\\\/sv\\\/memoria-rc\\\/#breadcrumb\",\"itemListElement\":[{\"@type\":\"ListItem\",\"position\":1,\"name\":\"Portada\",\"item\":\"https:\\\/\\\/blog.tmgrupoinmobiliario.com\\\/sv\\\/\"},{\"@type\":\"ListItem\",\"position\":2,\"name\":\"Memoria RC\"}]},{\"@type\":\"WebSite\",\"@id\":\"https:\\\/\\\/blog.tmgrupoinmobiliario.com\\\/sv\\\/#website\",\"url\":\"https:\\\/\\\/blog.tmgrupoinmobiliario.com\\\/sv\\\/\",\"name\":\"Svenska\",\"description\":\"Otro sitio m\u00e1s de Blog Desarrollo TM sitios\",\"potentialAction\":[{\"@type\":\"SearchAction\",\"target\":{\"@type\":\"EntryPoint\",\"urlTemplate\":\"https:\\\/\\\/blog.tmgrupoinmobiliario.com\\\/sv\\\/?s={search_term_string}\"},\"query-input\":{\"@type\":\"PropertyValueSpecification\",\"valueRequired\":true,\"valueName\":\"search_term_string\"}}],\"inLanguage\":\"sv-SE\"}]}<\/script>\n<!-- \/ Yoast SEO Premium plugin. -->","yoast_head_json":{"title":"Memoria RC - Svenska","robots":{"index":"index","follow":"follow","max-snippet":"max-snippet:-1","max-image-preview":"max-image-preview:large","max-video-preview":"max-video-preview:-1"},"canonical":"https:\/\/blog.tmgrupoinmobiliario.com\/sv\/memoria-rc\/","og_locale":"sv_SE","og_type":"article","og_title":"Memoria RC","og_description":"Huvudplan f\u00f6r f\u00f6retagsansvar Rapport om f\u00f6retagsansvar Etik och styrning Sociala \u00e5tg\u00e4rder Milj\u00f6 menu Se hela videon RAPPORT OM F\u00d6RETAGSANSVAR L\u00c4S V\u00c5R RAPPORT OM F\u00d6RETAGSANSVAR2024 L\u00e4s Para poder disfrutar de la versi\u00f3n interactiva en tablet y mobile, es necesario tener instalado Adobe Acrobat Reader para PDF. Desc\u00e1rgalo en App Store o Play Store L\u00e4s v\u00e5ra tidigare [&hellip;]","og_url":"https:\/\/blog.tmgrupoinmobiliario.com\/sv\/memoria-rc\/","og_site_name":"Svenska","article_modified_time":"2025-07-31T17:16:18+00:00","og_image":[{"url":"https:\/\/static.tmgrupoinmobiliario.com\/files\/Portada+Memoria+2024.jpg","type":"","width":"","height":""}],"twitter_card":"summary_large_image","twitter_misc":{"Ber\u00e4knad l\u00e4stid":"2 minuter"},"schema":{"@context":"https:\/\/schema.org","@graph":[{"@type":"WebPage","@id":"https:\/\/blog.tmgrupoinmobiliario.com\/sv\/memoria-rc\/","url":"https:\/\/blog.tmgrupoinmobiliario.com\/sv\/memoria-rc\/","name":"Memoria RC - Svenska","isPartOf":{"@id":"https:\/\/blog.tmgrupoinmobiliario.com\/sv\/#website"},"primaryImageOfPage":{"@id":"https:\/\/blog.tmgrupoinmobiliario.com\/sv\/memoria-rc\/#primaryimage"},"image":{"@id":"https:\/\/blog.tmgrupoinmobiliario.com\/sv\/memoria-rc\/#primaryimage"},"thumbnailUrl":"https:\/\/static.tmgrupoinmobiliario.com\/files\/Portada+Memoria+2024.jpg","datePublished":"2024-12-20T12:32:06+00:00","dateModified":"2025-07-31T17:16:18+00:00","breadcrumb":{"@id":"https:\/\/blog.tmgrupoinmobiliario.com\/sv\/memoria-rc\/#breadcrumb"},"inLanguage":"sv-SE","potentialAction":[{"@type":"ReadAction","target":["https:\/\/blog.tmgrupoinmobiliario.com\/sv\/memoria-rc\/"]}]},{"@type":"ImageObject","inLanguage":"sv-SE","@id":"https:\/\/blog.tmgrupoinmobiliario.com\/sv\/memoria-rc\/#primaryimage","url":"https:\/\/static.tmgrupoinmobiliario.com\/files\/Portada+Memoria+2024.jpg","contentUrl":"https:\/\/static.tmgrupoinmobiliario.com\/files\/Portada+Memoria+2024.jpg"},{"@type":"BreadcrumbList","@id":"https:\/\/blog.tmgrupoinmobiliario.com\/sv\/memoria-rc\/#breadcrumb","itemListElement":[{"@type":"ListItem","position":1,"name":"Portada","item":"https:\/\/blog.tmgrupoinmobiliario.com\/sv\/"},{"@type":"ListItem","position":2,"name":"Memoria RC"}]},{"@type":"WebSite","@id":"https:\/\/blog.tmgrupoinmobiliario.com\/sv\/#website","url":"https:\/\/blog.tmgrupoinmobiliario.com\/sv\/","name":"Svenska","description":"Otro sitio m\u00e1s de Blog Desarrollo TM sitios","potentialAction":[{"@type":"SearchAction","target":{"@type":"EntryPoint","urlTemplate":"https:\/\/blog.tmgrupoinmobiliario.com\/sv\/?s={search_term_string}"},"query-input":{"@type":"PropertyValueSpecification","valueRequired":true,"valueName":"search_term_string"}}],"inLanguage":"sv-SE"}]}},"jetpack_sharing_enabled":true,"_links":{"self":[{"href":"https:\/\/blog.tmgrupoinmobiliario.com\/sv\/wp-json\/wp\/v2\/pages\/17723","targetHints":{"allow":["GET"]}}],"collection":[{"href":"https:\/\/blog.tmgrupoinmobiliario.com\/sv\/wp-json\/wp\/v2\/pages"}],"about":[{"href":"https:\/\/blog.tmgrupoinmobiliario.com\/sv\/wp-json\/wp\/v2\/types\/page"}],"author":[{"embeddable":true,"href":"https:\/\/blog.tmgrupoinmobiliario.com\/sv\/wp-json\/wp\/v2\/users\/11715"}],"replies":[{"embeddable":true,"href":"https:\/\/blog.tmgrupoinmobiliario.com\/sv\/wp-json\/wp\/v2\/comments?post=17723"}],"version-history":[{"count":5,"href":"https:\/\/blog.tmgrupoinmobiliario.com\/sv\/wp-json\/wp\/v2\/pages\/17723\/revisions"}],"predecessor-version":[{"id":17859,"href":"https:\/\/blog.tmgrupoinmobiliario.com\/sv\/wp-json\/wp\/v2\/pages\/17723\/revisions\/17859"}],"wp:attachment":[{"href":"https:\/\/blog.tmgrupoinmobiliario.com\/sv\/wp-json\/wp\/v2\/media?parent=17723"}],"curies":[{"name":"wp","href":"https:\/\/api.w.org\/{rel}","templated":true}]}}