{"id":13092,"date":"2019-02-03T17:11:43","date_gmt":"2019-02-03T17:11:43","guid":{"rendered":"https:\/\/blog.tmgrupoinmobiliario.com\/en\/?page_id=13092"},"modified":"2022-04-01T18:47:12","modified_gmt":"2022-04-01T16:47:12","slug":"services","status":"publish","type":"page","link":"https:\/\/blog.tmgrupoinmobiliario.com\/sv\/zona-privada\/services\/","title":{"rendered":"Services"},"content":{"rendered":"<div class=\"barra-gris section-breadcrumb promotion-breadcrumb\">\n<ul class=\"container\">\n<li><a><i class=\"fas fa-home\"><\/i> Home<\/a><\/li>\n<li class=\"active\"><strong>Tj\u00e4nster efter f\u00f6rs\u00e4ljning<\/strong><\/li>\n<\/ul>\n<\/div>\n<section id=\"main\" class=\"page-container\">\n<div class=\"container mw-1200\">\n<h2 class=\"section-title\">Happy Homes<\/h2>\n<p>ANSVAR F\u00d6R NYCKLAR<\/p>\n<p>Om du precis har k\u00f6pt en bostad fr\u00e5n TM kan du utan kostnad dra nytta av v\u00e5r nyckelf\u00f6rvaringstj\u00e4nst i ett \u00e5r, och snabbare f\u00e5 hj\u00e4lp med dina incidenter. Och \u00e4ger du redan en bostad kan du ans\u00f6ka om tj\u00e4nsten genom v\u00e5r kundtj\u00e4nst!<\/p>\n<p>ST\u00c4DTJ\u00c4NST<\/p>\n<p>Med v\u00e5r st\u00e4dtj\u00e4nst \u00e4r din bostad i perfekt skick n\u00e4r du b\u00f6rjar din semester. Vi vill att ditt enda problem ska vara att koppla av!<\/p>\n<p>UNDERH\u00c5LL AV BOSTADEN<\/p>\n<p>Vi tar hand om din bostad n\u00e4r du inte \u00e4r d\u00e4r. V\u00e5rt team utf\u00f6r regelbunden tillsyn s\u00e5 att den alltid \u00e4r i perfekt skick.<\/p>\n<p>SK\u00d6TSEL AV TR\u00c4DG\u00c5RDAR OCH BASS\u00c4NG<\/p>\n<p>F\u00f6rs\u00e4kra dig om att dina v\u00e4xter ser lika fina ut fr\u00e5n f\u00f6rsta dagen med v\u00e5ra professionella tr\u00e4dg\u00e5rdstj\u00e4nster. Och har du bass\u00e4ng tar vi hand om underh\u00e5llet hela \u00e5ret.<\/p>\n<p>F\u00c5 TILLBAKA UTL\u00c4GGEN F\u00d6R DE FASTA KOSTNADERNA F\u00d6R BOSTADEN<\/p>\n<p>Har du n\u00e5gon g\u00e5ng t\u00e4nkt p\u00e5 att du kan tj\u00e4na extra p\u00e5 att hyra ut din bostad? Nu f\u00e5r du m\u00f6jlighet att hantera uthyrningen under de m\u00e5nader du inte anv\u00e4nder den. Kontakta oss f\u00f6r att f\u00e5 information om de olika alternativen f\u00f6r din bostad.<\/p>\n<h2 class=\"section-title\">Semesteruthyrning<\/h2>\n<p>FAMILJESEMESTER!<\/p>\n<p>Vill du dela vistelsen i ditt strandhus med dina v\u00e4nner och sl\u00e4ktingar? Bes\u00f6k v\u00e5r webbportal f\u00f6r uthyrning av semesterboende: <a href=\"http:\/\/www.marholidays.es\">www.marholidays.es<\/a> , v\u00e4lj en bungalow eller l\u00e4genhet i ditt eget hus, och g\u00f6r reservationen. Fr\u00e5ga efter specialrabatterna f\u00f6r TM-kunder!<\/p>\n<p>LEV DIN DR\u00d6MVISTELSE I KARIBIEN<\/p>\n<p>Det turkosa havet, palmerna, den f\u00f6rtrollande djungeln \u2026 h\u00e4nge dig \u00e5t tropikernas charm i ett av v\u00e5ra magnifika bostadskomplex n\u00e4rmast havet i Riviera Maya Mexicana.<\/p>\n<p>Tillbringa en lyxsemester eller \u00f6verv\u00e4g att investera genom att skaffa en av l\u00e4genheterna d\u00e4r, och f\u00e5 avkastning under m\u00e5naderna du inte \u00e4r d\u00e4r. Kontakta oss f\u00f6r mer information och njut av en femstj\u00e4rnig semester!<\/p>\n<\/div>\n<\/section>\n","protected":false},"excerpt":{"rendered":"<p>Home Tj\u00e4nster efter f\u00f6rs\u00e4ljning Happy Homes ANSVAR F\u00d6R NYCKLAR Om du precis har k\u00f6pt en bostad fr\u00e5n TM kan du utan kostnad dra nytta av v\u00e5r nyckelf\u00f6rvaringstj\u00e4nst i ett \u00e5r, och snabbare f\u00e5 hj\u00e4lp med dina incidenter. Och \u00e4ger du redan en bostad kan du ans\u00f6ka om tj\u00e4nsten genom v\u00e5r kundtj\u00e4nst! ST\u00c4DTJ\u00c4NST Med v\u00e5r st\u00e4dtj\u00e4nst [&hellip;]<\/p>\n","protected":false},"author":2,"featured_media":0,"parent":13082,"menu_order":0,"comment_status":"closed","ping_status":"closed","template":"","meta":{"footnotes":""},"class_list":["post-13092","page","type-page","status-publish","hentry"],"better_featured_image":null,"acf":[],"yoast_head":"<!-- This site is optimized with the Yoast SEO Premium plugin v23.6 (Yoast SEO v27.5) - https:\/\/yoast.com\/product\/yoast-seo-premium-wordpress\/ -->\n<title>Services - Svenska<\/title>\n<meta name=\"robots\" content=\"index, follow, max-snippet:-1, max-image-preview:large, max-video-preview:-1\" \/>\n<link rel=\"canonical\" href=\"https:\/\/blog.tmgrupoinmobiliario.com\/sv\/zona-privada\/services\/\" \/>\n<meta property=\"og:locale\" content=\"sv_SE\" \/>\n<meta property=\"og:type\" content=\"article\" \/>\n<meta property=\"og:title\" content=\"Services\" \/>\n<meta property=\"og:description\" content=\"Home Tj\u00e4nster efter f\u00f6rs\u00e4ljning Happy Homes ANSVAR F\u00d6R NYCKLAR Om du precis har k\u00f6pt en bostad fr\u00e5n TM kan du utan kostnad dra nytta av v\u00e5r nyckelf\u00f6rvaringstj\u00e4nst i ett \u00e5r, och snabbare f\u00e5 hj\u00e4lp med dina incidenter. Och \u00e4ger du redan en bostad kan du ans\u00f6ka om tj\u00e4nsten genom v\u00e5r kundtj\u00e4nst! ST\u00c4DTJ\u00c4NST Med v\u00e5r st\u00e4dtj\u00e4nst [&hellip;]\" \/>\n<meta property=\"og:url\" content=\"https:\/\/blog.tmgrupoinmobiliario.com\/sv\/zona-privada\/services\/\" \/>\n<meta property=\"og:site_name\" content=\"Svenska\" \/>\n<meta property=\"article:modified_time\" content=\"2022-04-01T16:47:12+00:00\" \/>\n<meta name=\"twitter:card\" content=\"summary_large_image\" \/>\n<meta name=\"twitter:label1\" content=\"Ber\u00e4knad l\u00e4stid\" \/>\n\t<meta name=\"twitter:data1\" content=\"2 minuter\" \/>\n<script type=\"application\/ld+json\" class=\"yoast-schema-graph\">{\"@context\":\"https:\\\/\\\/schema.org\",\"@graph\":[{\"@type\":\"WebPage\",\"@id\":\"https:\\\/\\\/blog.tmgrupoinmobiliario.com\\\/sv\\\/zona-privada\\\/services\\\/\",\"url\":\"https:\\\/\\\/blog.tmgrupoinmobiliario.com\\\/sv\\\/zona-privada\\\/services\\\/\",\"name\":\"Services - Svenska\",\"isPartOf\":{\"@id\":\"https:\\\/\\\/blog.tmgrupoinmobiliario.com\\\/sv\\\/#website\"},\"datePublished\":\"2019-02-03T17:11:43+00:00\",\"dateModified\":\"2022-04-01T16:47:12+00:00\",\"breadcrumb\":{\"@id\":\"https:\\\/\\\/blog.tmgrupoinmobiliario.com\\\/sv\\\/zona-privada\\\/services\\\/#breadcrumb\"},\"inLanguage\":\"sv-SE\",\"potentialAction\":[{\"@type\":\"ReadAction\",\"target\":[\"https:\\\/\\\/blog.tmgrupoinmobiliario.com\\\/sv\\\/zona-privada\\\/services\\\/\"]}]},{\"@type\":\"BreadcrumbList\",\"@id\":\"https:\\\/\\\/blog.tmgrupoinmobiliario.com\\\/sv\\\/zona-privada\\\/services\\\/#breadcrumb\",\"itemListElement\":[{\"@type\":\"ListItem\",\"position\":1,\"name\":\"Portada\",\"item\":\"https:\\\/\\\/blog.tmgrupoinmobiliario.com\\\/sv\\\/\"},{\"@type\":\"ListItem\",\"position\":2,\"name\":\"Zona privada\",\"item\":\"https:\\\/\\\/blog.tmgrupoinmobiliario.com\\\/sv\\\/zona-privada\\\/\"},{\"@type\":\"ListItem\",\"position\":3,\"name\":\"Services\"}]},{\"@type\":\"WebSite\",\"@id\":\"https:\\\/\\\/blog.tmgrupoinmobiliario.com\\\/sv\\\/#website\",\"url\":\"https:\\\/\\\/blog.tmgrupoinmobiliario.com\\\/sv\\\/\",\"name\":\"Svenska\",\"description\":\"Otro sitio m\u00e1s de Blog Desarrollo TM sitios\",\"potentialAction\":[{\"@type\":\"SearchAction\",\"target\":{\"@type\":\"EntryPoint\",\"urlTemplate\":\"https:\\\/\\\/blog.tmgrupoinmobiliario.com\\\/sv\\\/?s={search_term_string}\"},\"query-input\":{\"@type\":\"PropertyValueSpecification\",\"valueRequired\":true,\"valueName\":\"search_term_string\"}}],\"inLanguage\":\"sv-SE\"}]}<\/script>\n<!-- \/ Yoast SEO Premium plugin. -->","yoast_head_json":{"title":"Services - Svenska","robots":{"index":"index","follow":"follow","max-snippet":"max-snippet:-1","max-image-preview":"max-image-preview:large","max-video-preview":"max-video-preview:-1"},"canonical":"https:\/\/blog.tmgrupoinmobiliario.com\/sv\/zona-privada\/services\/","og_locale":"sv_SE","og_type":"article","og_title":"Services","og_description":"Home Tj\u00e4nster efter f\u00f6rs\u00e4ljning Happy Homes ANSVAR F\u00d6R NYCKLAR Om du precis har k\u00f6pt en bostad fr\u00e5n TM kan du utan kostnad dra nytta av v\u00e5r nyckelf\u00f6rvaringstj\u00e4nst i ett \u00e5r, och snabbare f\u00e5 hj\u00e4lp med dina incidenter. Och \u00e4ger du redan en bostad kan du ans\u00f6ka om tj\u00e4nsten genom v\u00e5r kundtj\u00e4nst! ST\u00c4DTJ\u00c4NST Med v\u00e5r st\u00e4dtj\u00e4nst [&hellip;]","og_url":"https:\/\/blog.tmgrupoinmobiliario.com\/sv\/zona-privada\/services\/","og_site_name":"Svenska","article_modified_time":"2022-04-01T16:47:12+00:00","twitter_card":"summary_large_image","twitter_misc":{"Ber\u00e4knad l\u00e4stid":"2 minuter"},"schema":{"@context":"https:\/\/schema.org","@graph":[{"@type":"WebPage","@id":"https:\/\/blog.tmgrupoinmobiliario.com\/sv\/zona-privada\/services\/","url":"https:\/\/blog.tmgrupoinmobiliario.com\/sv\/zona-privada\/services\/","name":"Services - Svenska","isPartOf":{"@id":"https:\/\/blog.tmgrupoinmobiliario.com\/sv\/#website"},"datePublished":"2019-02-03T17:11:43+00:00","dateModified":"2022-04-01T16:47:12+00:00","breadcrumb":{"@id":"https:\/\/blog.tmgrupoinmobiliario.com\/sv\/zona-privada\/services\/#breadcrumb"},"inLanguage":"sv-SE","potentialAction":[{"@type":"ReadAction","target":["https:\/\/blog.tmgrupoinmobiliario.com\/sv\/zona-privada\/services\/"]}]},{"@type":"BreadcrumbList","@id":"https:\/\/blog.tmgrupoinmobiliario.com\/sv\/zona-privada\/services\/#breadcrumb","itemListElement":[{"@type":"ListItem","position":1,"name":"Portada","item":"https:\/\/blog.tmgrupoinmobiliario.com\/sv\/"},{"@type":"ListItem","position":2,"name":"Zona privada","item":"https:\/\/blog.tmgrupoinmobiliario.com\/sv\/zona-privada\/"},{"@type":"ListItem","position":3,"name":"Services"}]},{"@type":"WebSite","@id":"https:\/\/blog.tmgrupoinmobiliario.com\/sv\/#website","url":"https:\/\/blog.tmgrupoinmobiliario.com\/sv\/","name":"Svenska","description":"Otro sitio m\u00e1s de Blog Desarrollo TM sitios","potentialAction":[{"@type":"SearchAction","target":{"@type":"EntryPoint","urlTemplate":"https:\/\/blog.tmgrupoinmobiliario.com\/sv\/?s={search_term_string}"},"query-input":{"@type":"PropertyValueSpecification","valueRequired":true,"valueName":"search_term_string"}}],"inLanguage":"sv-SE"}]}},"jetpack_sharing_enabled":true,"_links":{"self":[{"href":"https:\/\/blog.tmgrupoinmobiliario.com\/sv\/wp-json\/wp\/v2\/pages\/13092","targetHints":{"allow":["GET"]}}],"collection":[{"href":"https:\/\/blog.tmgrupoinmobiliario.com\/sv\/wp-json\/wp\/v2\/pages"}],"about":[{"href":"https:\/\/blog.tmgrupoinmobiliario.com\/sv\/wp-json\/wp\/v2\/types\/page"}],"author":[{"embeddable":true,"href":"https:\/\/blog.tmgrupoinmobiliario.com\/sv\/wp-json\/wp\/v2\/users\/2"}],"replies":[{"embeddable":true,"href":"https:\/\/blog.tmgrupoinmobiliario.com\/sv\/wp-json\/wp\/v2\/comments?post=13092"}],"version-history":[{"count":2,"href":"https:\/\/blog.tmgrupoinmobiliario.com\/sv\/wp-json\/wp\/v2\/pages\/13092\/revisions"}],"predecessor-version":[{"id":16839,"href":"https:\/\/blog.tmgrupoinmobiliario.com\/sv\/wp-json\/wp\/v2\/pages\/13092\/revisions\/16839"}],"up":[{"embeddable":true,"href":"https:\/\/blog.tmgrupoinmobiliario.com\/sv\/wp-json\/wp\/v2\/pages\/13082"}],"wp:attachment":[{"href":"https:\/\/blog.tmgrupoinmobiliario.com\/sv\/wp-json\/wp\/v2\/media?parent=13092"}],"curies":[{"name":"wp","href":"https:\/\/api.w.org\/{rel}","templated":true}]}}