{"id":21,"date":"2018-08-13T16:31:19","date_gmt":"2018-08-13T14:31:19","guid":{"rendered":"https:\/\/blog.tmgrupoinmobiliario.com\/?page_id=21"},"modified":"2022-12-09T16:32:32","modified_gmt":"2022-12-09T16:32:32","slug":"personas","status":"publish","type":"page","link":"https:\/\/blog.tmgrupoinmobiliario.com\/pl\/personas\/","title":{"rendered":"Personas"},"content":{"rendered":"<section class=\"promotion-gallery-fullscreen\" id=\"main\">\n<div class=\"promotion-header\">\n<div>\n\t\t\t<span class=\"promotion-header-title\">Ludzie stanowi\u0105 g\u0142\u00f3wn\u0105 si\u0142\u0119 nap\u0119dow\u0105<br \/> naszego projektu biznesowego.<\/span><\/p>\n<div class=\"shader\"><\/div>\n<picture><source media=\"(max-width: 400px)\" srcset=\"\/img\/mobile-sobre-nosotros.jpg\"><source media=\"(min-width: 401px)\" srcset=\"\/img\/cabecera-personas.jpg\"><img decoding=\"async\" src=\"\/img\/cabecera-personas.jpg\" alt=\"\" \/>\n\t\t\t<\/picture>\n\t\t<\/div>\n<\/p><\/div>\n<\/section>\n<section id=\"main\" class=\"section no-pb\">\n<div class=\"container mw-1200\">\n<h2 class=\"section-title static-title\"><span>Nasz zesp\u00f3\u0142<\/span><\/h2>\n<p class=\"fs-16\">Nasz sukces jest sum\u0105 wysi\u0142ku, energii i talentu naszych specjalist\u00f3w. S\u0105 oni g\u0142\u00f3wnym aktywem projektu korporacyjnego, a tak\u017ce kluczem do osi\u0105gni\u0119cia cel\u00f3w i sukcesu firmy. Posiadamy liczny, wysoko wykwalifikowany zesp\u00f3\u0142, \u0142\u0105cz\u0105cy m\u0142odo\u015b\u0107 i do\u015bwiadczenie, co pozwala nam realizowa\u0107 wymagaj\u0105ce projekty i zapewni\u0107 osi\u0105gni\u0119cie satysfakcji naszych klient\u00f3w.<\/p>\n<ul class=\"keypoints-holder keypoints-personas\">\n<li>Ponad<br \/><strong>1.500<\/strong> <span>pracownik\u00f3w<\/span><\/li>\n<li>&nbsp;<br \/><strong>14.000<\/strong> <span>godzin szkole\u0144<\/span><\/li>\n<li>Ponad<br \/><strong>97<\/strong> <span>przeprowadzonych kurs\u00f3w<\/span><\/li>\n<li>Ponad<br \/><strong>30<\/strong> <span>narodowo\u015bci<\/span><\/li>\n<\/ul><\/div>\n<\/section>\n<section class=\"section lineas-de-actuacion lineas-de-actuacion-porquetm background-gray-lighter\">\n<div class=\"container mw-1200\">\n<h2 class=\"section-title static-title\"><span>Dlaczego firma TM?<\/span><\/h2>\n<div class=\"lineas-de-actuacion--holder\">\n<div class=\"lineas-de-actuacion--item\">\n<div class=\"youtube-iframe\">\n\t\t<iframe loading=\"lazy\" class=\"ytb\" width=\"560\" height=\"330\" src=\"https:\/\/www.youtube.com\/embed\/cqgvxDTa41o\" title=\"YouTube video player\" \n    frameborder=\"0\" allow=\"accelerometer; autoplay; clipboard-write; encrypted-media; gyroscope; picture-in-picture\" allowfullscreen><\/iframe>\n\t\t<\/div>\n<div class=\"lineas-de-actuacion--data\">\n<h3 class=\"lineas-de-actuacion--title\">Plan Valor Empleado TM<\/h3>\n<p>    W TM Real Estate Group chcemy, aby Pa\u0144stwa praca czyni\u0142a \u017cycie bardziej warto\u015bciowym. W tym celu opracowali\u015bmy plan warto\u015bci, kt\u00f3ry zaoferuje Pa\u0144stwu lepsz\u0105 przysz\u0142o\u015b\u0107, wi\u0119ksz\u0105 elastyczno\u015b\u0107 i wi\u0119cej korzy\u015bci.\n    <\/p><\/div>\n<\/p><\/div>\n<div class=\"lineas-de-actuacion--item\">\n<figure class=\"lineas-de-actuacion--img\"><img decoding=\"async\" src=\"https:\/\/static.tmgrupoinmobiliario.com\/files\/tm-mas-valor.jpg\" \/><\/figure>\n<div class=\"lineas-de-actuacion--data\">\n<h3 class=\"lineas-de-actuacion--title\">Szkolenia i rozw\u00f3j zawodowy<\/h3>\n<p>Zasoby ludzkie s\u0105 dla nas strategicznym aktywem, dlatego rozw\u00f3j talent\u00f3w stanowi nasz kluczowy cel. Zapewnienie naszym pracownikom kana\u0142\u00f3w, kt\u00f3re pozwol\u0105 im na rozw\u00f3j zawodowy, stanowi zasadnicz\u0105 kwesti\u0119 w ramach oferowania klientom doskona\u0142ej obs\u0142ugi. W latach 2021 i 2022 przeznaczyli\u015bmy fundusze na 14\u00a0000 godzin szkole\u0144 naszych specjalist\u00f3w.<\/p>\n<\/p><\/div>\n<\/p><\/div>\n<div class=\"lineas-de-actuacion--item\">\n<figure class=\"lineas-de-actuacion--img\"><img decoding=\"async\" src=\"https:\/\/static.tmgrupoinmobiliario.com\/files\/proyecto-estimulante-seccion-personas.jpg\" \/><\/figure>\n<div class=\"lineas-de-actuacion--data\">\n<h3 class=\"lineas-de-actuacion--title\">Integracja w stymuluj\u0105cym projekcie biznesowym<\/h3>\n<p>Wspieramy \u015brodowisko pracy sprzyjaj\u0105ce rozwojowi talentu i tworzeniu mo\u017cliwo\u015bci stania si\u0119 ekspertem w tym, co Pa\u0144stwo kochaj\u0105, oraz zapewniamy poczucia uczestnictwa, motywuj\u0105cego do wsp\u00f3\u0142pracy na rzecz wsp\u00f3lnego celu.<\/p>\n<\/p><\/div>\n<\/p><\/div>\n<\/p><\/div>\n<\/p><\/div>\n<\/section>\n<section class=\"video-corporativo\">\n<div class=\"video-holder\">\n    <img decoding=\"async\" src=\"\/img\/video-splash.jpg\" alt=\"\" \/>\n  <\/div>\n<p>  <a data-fancybox=\"\" href=\"https:\/\/www.youtube.com\/watch?v=Cotactvbufc&amp;feature=youtu.be\" class=\"btn btn-outlined\"><i class=\"far fa-lg fa-play-circle\"><\/i> Watch the corporate video<\/a><br \/>\n<\/section>\n<section class=\"trabaja-con-nosotros\">\n<h2 class=\"section-title static-title\"><span>Wsp\u00f3\u0142pracuj z nami<\/span><\/h2>\n<div class=\"container mw-1200\">\n<div id=\"ofertas-de-empleo-idiomas\" style=\"width: 100%;flex-direction: row\">\n<div class=\"trabaja-con-nosotros--item\">\n      <a target=\"_blank\" href=\"https:\/\/www.infojobs.net\/tm-grupo-inmobiliario\/em-i98485151534250847732712012024861708439\" rel=\"noopener noreferrer\"><\/p>\n<figure>\n          <img decoding=\"async\" src=\"\/img\/accede-a-ofertas.jpg\" class=\"card-image\" \/><figcaption>Zapoznaj si\u0119 z naszymi ofertami pracy<\/figcaption><\/figure>\n<p>      <\/a>\n    <\/div>\n<div class=\"trabaja-con-nosotros--item\">\n      <a href=\"#work-form\"><\/p>\n<figure>\n          <img decoding=\"async\" src=\"\/img\/envia-tu-cv.jpg\" class=\"card-image\" \/><figcaption>Wy\u015blij swoje cv<\/figcaption><\/figure>\n<p>      <\/a>\n    <\/div>\n<\/p><\/div>\n<\/p><\/div>\n<\/section>\n","protected":false},"excerpt":{"rendered":"<p>Ludzie stanowi\u0105 g\u0142\u00f3wn\u0105 si\u0142\u0119 nap\u0119dow\u0105 naszego projektu biznesowego. Nasz zesp\u00f3\u0142 Nasz sukces jest sum\u0105 wysi\u0142ku, energii i talentu naszych specjalist\u00f3w. S\u0105 oni g\u0142\u00f3wnym aktywem projektu korporacyjnego, a tak\u017ce kluczem do osi\u0105gni\u0119cia cel\u00f3w i sukcesu firmy. Posiadamy liczny, wysoko wykwalifikowany zesp\u00f3\u0142, \u0142\u0105cz\u0105cy m\u0142odo\u015b\u0107 i do\u015bwiadczenie, co pozwala nam realizowa\u0107 wymagaj\u0105ce projekty i zapewni\u0107 osi\u0105gni\u0119cie satysfakcji naszych [&hellip;]<\/p>\n","protected":false},"author":2,"featured_media":0,"parent":0,"menu_order":4,"comment_status":"closed","ping_status":"closed","template":"","meta":{"footnotes":""},"class_list":["post-21","page","type-page","status-publish","hentry"],"better_featured_image":null,"acf":[],"yoast_head":"<!-- This site is optimized with the Yoast SEO Premium plugin v23.6 (Yoast SEO v27.3) - https:\/\/yoast.com\/product\/yoast-seo-premium-wordpress\/ -->\n<title>Personas - Polski<\/title>\n<meta name=\"robots\" content=\"index, follow, max-snippet:-1, max-image-preview:large, max-video-preview:-1\" \/>\n<link rel=\"canonical\" href=\"https:\/\/blog.tmgrupoinmobiliario.com\/pl\/personas\/\" \/>\n<meta property=\"og:locale\" content=\"pl_PL\" \/>\n<meta property=\"og:type\" content=\"article\" \/>\n<meta property=\"og:title\" content=\"Personas\" \/>\n<meta property=\"og:description\" content=\"Ludzie stanowi\u0105 g\u0142\u00f3wn\u0105 si\u0142\u0119 nap\u0119dow\u0105 naszego projektu biznesowego. Nasz zesp\u00f3\u0142 Nasz sukces jest sum\u0105 wysi\u0142ku, energii i talentu naszych specjalist\u00f3w. S\u0105 oni g\u0142\u00f3wnym aktywem projektu korporacyjnego, a tak\u017ce kluczem do osi\u0105gni\u0119cia cel\u00f3w i sukcesu firmy. Posiadamy liczny, wysoko wykwalifikowany zesp\u00f3\u0142, \u0142\u0105cz\u0105cy m\u0142odo\u015b\u0107 i do\u015bwiadczenie, co pozwala nam realizowa\u0107 wymagaj\u0105ce projekty i zapewni\u0107 osi\u0105gni\u0119cie satysfakcji naszych [&hellip;]\" \/>\n<meta property=\"og:url\" content=\"https:\/\/blog.tmgrupoinmobiliario.com\/pl\/personas\/\" \/>\n<meta property=\"og:site_name\" content=\"Polski\" \/>\n<meta property=\"article:modified_time\" content=\"2022-12-09T16:32:32+00:00\" \/>\n<meta property=\"og:image\" content=\"https:\/\/static.tmgrupoinmobiliario.com\/files\/tm-mas-valor.jpg\" \/>\n<meta name=\"twitter:card\" content=\"summary_large_image\" \/>\n<meta name=\"twitter:label1\" content=\"Szacowany czas czytania\" \/>\n\t<meta name=\"twitter:data1\" content=\"3 minuty\" \/>\n<script type=\"application\/ld+json\" class=\"yoast-schema-graph\">{\"@context\":\"https:\\\/\\\/schema.org\",\"@graph\":[{\"@type\":\"WebPage\",\"@id\":\"https:\\\/\\\/blog.tmgrupoinmobiliario.com\\\/pl\\\/personas\\\/\",\"url\":\"https:\\\/\\\/blog.tmgrupoinmobiliario.com\\\/pl\\\/personas\\\/\",\"name\":\"Personas - Polski\",\"isPartOf\":{\"@id\":\"https:\\\/\\\/blog.tmgrupoinmobiliario.com\\\/pl\\\/#website\"},\"primaryImageOfPage\":{\"@id\":\"https:\\\/\\\/blog.tmgrupoinmobiliario.com\\\/pl\\\/personas\\\/#primaryimage\"},\"image\":{\"@id\":\"https:\\\/\\\/blog.tmgrupoinmobiliario.com\\\/pl\\\/personas\\\/#primaryimage\"},\"thumbnailUrl\":\"https:\\\/\\\/static.tmgrupoinmobiliario.com\\\/files\\\/tm-mas-valor.jpg\",\"datePublished\":\"2018-08-13T14:31:19+00:00\",\"dateModified\":\"2022-12-09T16:32:32+00:00\",\"breadcrumb\":{\"@id\":\"https:\\\/\\\/blog.tmgrupoinmobiliario.com\\\/pl\\\/personas\\\/#breadcrumb\"},\"inLanguage\":\"pl-PL\",\"potentialAction\":[{\"@type\":\"ReadAction\",\"target\":[\"https:\\\/\\\/blog.tmgrupoinmobiliario.com\\\/pl\\\/personas\\\/\"]}]},{\"@type\":\"ImageObject\",\"inLanguage\":\"pl-PL\",\"@id\":\"https:\\\/\\\/blog.tmgrupoinmobiliario.com\\\/pl\\\/personas\\\/#primaryimage\",\"url\":\"https:\\\/\\\/static.tmgrupoinmobiliario.com\\\/files\\\/tm-mas-valor.jpg\",\"contentUrl\":\"https:\\\/\\\/static.tmgrupoinmobiliario.com\\\/files\\\/tm-mas-valor.jpg\"},{\"@type\":\"BreadcrumbList\",\"@id\":\"https:\\\/\\\/blog.tmgrupoinmobiliario.com\\\/pl\\\/personas\\\/#breadcrumb\",\"itemListElement\":[{\"@type\":\"ListItem\",\"position\":1,\"name\":\"Home\",\"item\":\"https:\\\/\\\/blog.tmgrupoinmobiliario.com\\\/pl\\\/\"},{\"@type\":\"ListItem\",\"position\":2,\"name\":\"Personas\"}]},{\"@type\":\"WebSite\",\"@id\":\"https:\\\/\\\/blog.tmgrupoinmobiliario.com\\\/pl\\\/#website\",\"url\":\"https:\\\/\\\/blog.tmgrupoinmobiliario.com\\\/pl\\\/\",\"name\":\"Polski\",\"description\":\"Just another Blog Desarrollo TM sitios site\",\"potentialAction\":[{\"@type\":\"SearchAction\",\"target\":{\"@type\":\"EntryPoint\",\"urlTemplate\":\"https:\\\/\\\/blog.tmgrupoinmobiliario.com\\\/pl\\\/?s={search_term_string}\"},\"query-input\":{\"@type\":\"PropertyValueSpecification\",\"valueRequired\":true,\"valueName\":\"search_term_string\"}}],\"inLanguage\":\"pl-PL\"}]}<\/script>\n<!-- \/ Yoast SEO Premium plugin. -->","yoast_head_json":{"title":"Personas - Polski","robots":{"index":"index","follow":"follow","max-snippet":"max-snippet:-1","max-image-preview":"max-image-preview:large","max-video-preview":"max-video-preview:-1"},"canonical":"https:\/\/blog.tmgrupoinmobiliario.com\/pl\/personas\/","og_locale":"pl_PL","og_type":"article","og_title":"Personas","og_description":"Ludzie stanowi\u0105 g\u0142\u00f3wn\u0105 si\u0142\u0119 nap\u0119dow\u0105 naszego projektu biznesowego. Nasz zesp\u00f3\u0142 Nasz sukces jest sum\u0105 wysi\u0142ku, energii i talentu naszych specjalist\u00f3w. S\u0105 oni g\u0142\u00f3wnym aktywem projektu korporacyjnego, a tak\u017ce kluczem do osi\u0105gni\u0119cia cel\u00f3w i sukcesu firmy. Posiadamy liczny, wysoko wykwalifikowany zesp\u00f3\u0142, \u0142\u0105cz\u0105cy m\u0142odo\u015b\u0107 i do\u015bwiadczenie, co pozwala nam realizowa\u0107 wymagaj\u0105ce projekty i zapewni\u0107 osi\u0105gni\u0119cie satysfakcji naszych [&hellip;]","og_url":"https:\/\/blog.tmgrupoinmobiliario.com\/pl\/personas\/","og_site_name":"Polski","article_modified_time":"2022-12-09T16:32:32+00:00","og_image":[{"url":"https:\/\/static.tmgrupoinmobiliario.com\/files\/tm-mas-valor.jpg","type":"","width":"","height":""}],"twitter_card":"summary_large_image","twitter_misc":{"Szacowany czas czytania":"3 minuty"},"schema":{"@context":"https:\/\/schema.org","@graph":[{"@type":"WebPage","@id":"https:\/\/blog.tmgrupoinmobiliario.com\/pl\/personas\/","url":"https:\/\/blog.tmgrupoinmobiliario.com\/pl\/personas\/","name":"Personas - Polski","isPartOf":{"@id":"https:\/\/blog.tmgrupoinmobiliario.com\/pl\/#website"},"primaryImageOfPage":{"@id":"https:\/\/blog.tmgrupoinmobiliario.com\/pl\/personas\/#primaryimage"},"image":{"@id":"https:\/\/blog.tmgrupoinmobiliario.com\/pl\/personas\/#primaryimage"},"thumbnailUrl":"https:\/\/static.tmgrupoinmobiliario.com\/files\/tm-mas-valor.jpg","datePublished":"2018-08-13T14:31:19+00:00","dateModified":"2022-12-09T16:32:32+00:00","breadcrumb":{"@id":"https:\/\/blog.tmgrupoinmobiliario.com\/pl\/personas\/#breadcrumb"},"inLanguage":"pl-PL","potentialAction":[{"@type":"ReadAction","target":["https:\/\/blog.tmgrupoinmobiliario.com\/pl\/personas\/"]}]},{"@type":"ImageObject","inLanguage":"pl-PL","@id":"https:\/\/blog.tmgrupoinmobiliario.com\/pl\/personas\/#primaryimage","url":"https:\/\/static.tmgrupoinmobiliario.com\/files\/tm-mas-valor.jpg","contentUrl":"https:\/\/static.tmgrupoinmobiliario.com\/files\/tm-mas-valor.jpg"},{"@type":"BreadcrumbList","@id":"https:\/\/blog.tmgrupoinmobiliario.com\/pl\/personas\/#breadcrumb","itemListElement":[{"@type":"ListItem","position":1,"name":"Home","item":"https:\/\/blog.tmgrupoinmobiliario.com\/pl\/"},{"@type":"ListItem","position":2,"name":"Personas"}]},{"@type":"WebSite","@id":"https:\/\/blog.tmgrupoinmobiliario.com\/pl\/#website","url":"https:\/\/blog.tmgrupoinmobiliario.com\/pl\/","name":"Polski","description":"Just another Blog Desarrollo TM sitios site","potentialAction":[{"@type":"SearchAction","target":{"@type":"EntryPoint","urlTemplate":"https:\/\/blog.tmgrupoinmobiliario.com\/pl\/?s={search_term_string}"},"query-input":{"@type":"PropertyValueSpecification","valueRequired":true,"valueName":"search_term_string"}}],"inLanguage":"pl-PL"}]}},"jetpack_sharing_enabled":true,"_links":{"self":[{"href":"https:\/\/blog.tmgrupoinmobiliario.com\/pl\/wp-json\/wp\/v2\/pages\/21","targetHints":{"allow":["GET"]}}],"collection":[{"href":"https:\/\/blog.tmgrupoinmobiliario.com\/pl\/wp-json\/wp\/v2\/pages"}],"about":[{"href":"https:\/\/blog.tmgrupoinmobiliario.com\/pl\/wp-json\/wp\/v2\/types\/page"}],"author":[{"embeddable":true,"href":"https:\/\/blog.tmgrupoinmobiliario.com\/pl\/wp-json\/wp\/v2\/users\/2"}],"replies":[{"embeddable":true,"href":"https:\/\/blog.tmgrupoinmobiliario.com\/pl\/wp-json\/wp\/v2\/comments?post=21"}],"version-history":[{"count":11,"href":"https:\/\/blog.tmgrupoinmobiliario.com\/pl\/wp-json\/wp\/v2\/pages\/21\/revisions"}],"predecessor-version":[{"id":16629,"href":"https:\/\/blog.tmgrupoinmobiliario.com\/pl\/wp-json\/wp\/v2\/pages\/21\/revisions\/16629"}],"wp:attachment":[{"href":"https:\/\/blog.tmgrupoinmobiliario.com\/pl\/wp-json\/wp\/v2\/media?parent=21"}],"curies":[{"name":"wp","href":"https:\/\/api.w.org\/{rel}","templated":true}]}}