{"id":19295,"date":"2024-12-20T12:21:29","date_gmt":"2024-12-20T12:21:29","guid":{"rendered":"https:\/\/blog.tmgrupoinmobiliario.com\/pl\/?page_id=19295"},"modified":"2024-12-30T11:02:50","modified_gmt":"2024-12-30T11:02:50","slug":"codigo-etico","status":"publish","type":"page","link":"https:\/\/blog.tmgrupoinmobiliario.com\/pl\/codigo-etico\/","title":{"rendered":"C\u00f3digo \u00e9tico"},"content":{"rendered":"<div class=\"gc\">\n<nav class=\"static-nav inline-nav lineas-nav locked\">\n<ul>\n<li><a href=\"\/pl\/gobierno-corporativo\/plan-director-rc\">G\u0142\u00f3wny plan odpowiedzialno\u015bci korporacyjnej<\/a><\/li>\n<li><a href=\"\/pl\/gobierno-corporativo\/memoria-rc\">Raport dotycz\u0105cy odpowiedzialno\u015bci korporacyjnej<\/a><\/li>\n<li><a class=\"active\" href=\"\/pl\/gobierno-corporativo\/etica-y-gobernanza\">Etyka i \u0142ad korporacyjny<\/a><\/li>\n<li><a href=\"\/pl\/gobierno-corporativo\/accion-social\">Dzia\u0142alno\u015b\u0107 prospo\u0142eczna<\/a><\/li>\n<li><a href=\"\/pl\/gobierno-corporativo\/medioambiente\">\u015arodowisko naturalne<\/a><\/li>\n<\/ul>\n<p>    <button class=\"toggle-static-nav\">menu <i class=\"far fa-caret-square-down\"><\/i><\/button><br \/>\n    <\/nav>\n<section class=\"ca gc-codigo-etico gc-subsection\">\n<div class=\"container mw-1200\">\n<div class=\"mod-promotion-breadcrumb-holder\">\n<ul class=\"breadcrumb\">\n<li><a href=\"\/pl\/gobierno-corporativo\/etica-y-gobernanza#ethics-gov\">Etyka i \u0142ad korporacyjny<\/a><\/li>\n<li><strong>Kodeks etyczny<\/strong><\/li>\n<\/ul><\/div>\n<div class=\"ca-intro\">\n<h4>Kodeks etyczny<\/h4>\n<div class=\"\">\n<div class=\"row\">\n<div class=\"col col-md-6\">\n<figure class=\"lineas-de-actuacion--img\">\n                                <iframe loading=\"lazy\" width=\"560\" height=\"315\" src=\"https:\/\/www.youtube.com\/embed\/qIOBrlrtKqU?rel=0&amp;autoplay=1&#038;loop=1&#038;mute=1\" title=\"YouTube video player\" frameborder=\"0\" allow=\"accelerometer; autoplay; clipboard-write; encrypted-media; gyroscope; picture-in-picture; web-share\" allowfullscreen><\/iframe><br \/>\n                            <\/figure>\n<\/p><\/div>\n<div class=\"col col-md-6 gc-codigo-etico-text\">\n<p class=\"text-center\">Wdro\u017cony przez nas Kodeks etyczny <b>opiera si\u0119 na naszej misji, wizji i warto\u015bciach<\/b>. Stanowi punkt odniesienia dla wszystkich, kt\u00f3rzy wsp\u00f3\u0142tworz\u0105 TM Real Estate Group, gwarantuj\u0105c <b>odpowiedzialne post\u0119powanie<\/b>  w ramach prowadzonej przez nas dzia\u0142alno\u015bci i okre\u015blaj\u0105c nasze zobowi\u0105zania wobec wszystkich interesariuszy.<\/p>\n<p class=\"text-center \" style=\"margin-top:2em\"> <a href=\"http:\/\/static.tmgrupoinmobiliario.com\/files\/gobierno-corporativo\/codigo-etico.pdf\" class=\"gc-memoria-pdf-btn gc-pdf-link\" target=\"_blank\" rel=\"noopener\">Tekst naszego Kodeksu Etycznego mo\u017cna pobra\u0107 tutaj<\/a><\/p>\n<\/p><\/div>\n<\/p><\/div>\n<\/p><\/div>\n<\/p><\/div>\n<\/p><\/div>\n<\/section>\n<div>\n","protected":false},"excerpt":{"rendered":"<p>G\u0142\u00f3wny plan odpowiedzialno\u015bci korporacyjnej Raport dotycz\u0105cy odpowiedzialno\u015bci korporacyjnej Etyka i \u0142ad korporacyjny Dzia\u0142alno\u015b\u0107 prospo\u0142eczna \u015arodowisko naturalne menu Etyka i \u0142ad korporacyjny Kodeks etyczny Kodeks etyczny Wdro\u017cony przez nas Kodeks etyczny opiera si\u0119 na naszej misji, wizji i warto\u015bciach. Stanowi punkt odniesienia dla wszystkich, kt\u00f3rzy wsp\u00f3\u0142tworz\u0105 TM Real Estate Group, gwarantuj\u0105c odpowiedzialne post\u0119powanie w ramach prowadzonej [&hellip;]<\/p>\n","protected":false},"author":11715,"featured_media":0,"parent":0,"menu_order":0,"comment_status":"closed","ping_status":"closed","template":"","meta":{"footnotes":""},"class_list":["post-19295","page","type-page","status-publish","hentry"],"better_featured_image":null,"acf":[],"yoast_head":"<!-- This site is optimized with the Yoast SEO Premium plugin v23.6 (Yoast SEO v27.5) - https:\/\/yoast.com\/product\/yoast-seo-premium-wordpress\/ -->\n<title>C\u00f3digo \u00e9tico - Polski<\/title>\n<meta name=\"robots\" content=\"index, follow, max-snippet:-1, max-image-preview:large, max-video-preview:-1\" \/>\n<link rel=\"canonical\" href=\"https:\/\/blog.tmgrupoinmobiliario.com\/pl\/codigo-etico\/\" \/>\n<meta property=\"og:locale\" content=\"pl_PL\" \/>\n<meta property=\"og:type\" content=\"article\" \/>\n<meta property=\"og:title\" content=\"C\u00f3digo \u00e9tico\" \/>\n<meta property=\"og:description\" content=\"G\u0142\u00f3wny plan odpowiedzialno\u015bci korporacyjnej Raport dotycz\u0105cy odpowiedzialno\u015bci korporacyjnej Etyka i \u0142ad korporacyjny Dzia\u0142alno\u015b\u0107 prospo\u0142eczna \u015arodowisko naturalne menu Etyka i \u0142ad korporacyjny Kodeks etyczny Kodeks etyczny Wdro\u017cony przez nas Kodeks etyczny opiera si\u0119 na naszej misji, wizji i warto\u015bciach. Stanowi punkt odniesienia dla wszystkich, kt\u00f3rzy wsp\u00f3\u0142tworz\u0105 TM Real Estate Group, gwarantuj\u0105c odpowiedzialne post\u0119powanie w ramach prowadzonej [&hellip;]\" \/>\n<meta property=\"og:url\" content=\"https:\/\/blog.tmgrupoinmobiliario.com\/pl\/codigo-etico\/\" \/>\n<meta property=\"og:site_name\" content=\"Polski\" \/>\n<meta property=\"article:modified_time\" content=\"2024-12-30T11:02:50+00:00\" \/>\n<meta name=\"twitter:card\" content=\"summary_large_image\" \/>\n<meta name=\"twitter:label1\" content=\"Szacowany czas czytania\" \/>\n\t<meta name=\"twitter:data1\" content=\"1 minuta\" \/>\n<script type=\"application\/ld+json\" class=\"yoast-schema-graph\">{\"@context\":\"https:\\\/\\\/schema.org\",\"@graph\":[{\"@type\":\"WebPage\",\"@id\":\"https:\\\/\\\/blog.tmgrupoinmobiliario.com\\\/pl\\\/codigo-etico\\\/\",\"url\":\"https:\\\/\\\/blog.tmgrupoinmobiliario.com\\\/pl\\\/codigo-etico\\\/\",\"name\":\"C\u00f3digo \u00e9tico - Polski\",\"isPartOf\":{\"@id\":\"https:\\\/\\\/blog.tmgrupoinmobiliario.com\\\/pl\\\/#website\"},\"datePublished\":\"2024-12-20T12:21:29+00:00\",\"dateModified\":\"2024-12-30T11:02:50+00:00\",\"breadcrumb\":{\"@id\":\"https:\\\/\\\/blog.tmgrupoinmobiliario.com\\\/pl\\\/codigo-etico\\\/#breadcrumb\"},\"inLanguage\":\"pl-PL\",\"potentialAction\":[{\"@type\":\"ReadAction\",\"target\":[\"https:\\\/\\\/blog.tmgrupoinmobiliario.com\\\/pl\\\/codigo-etico\\\/\"]}]},{\"@type\":\"BreadcrumbList\",\"@id\":\"https:\\\/\\\/blog.tmgrupoinmobiliario.com\\\/pl\\\/codigo-etico\\\/#breadcrumb\",\"itemListElement\":[{\"@type\":\"ListItem\",\"position\":1,\"name\":\"Home\",\"item\":\"https:\\\/\\\/blog.tmgrupoinmobiliario.com\\\/pl\\\/\"},{\"@type\":\"ListItem\",\"position\":2,\"name\":\"C\u00f3digo \u00e9tico\"}]},{\"@type\":\"WebSite\",\"@id\":\"https:\\\/\\\/blog.tmgrupoinmobiliario.com\\\/pl\\\/#website\",\"url\":\"https:\\\/\\\/blog.tmgrupoinmobiliario.com\\\/pl\\\/\",\"name\":\"Polski\",\"description\":\"Just another Blog Desarrollo TM sitios site\",\"potentialAction\":[{\"@type\":\"SearchAction\",\"target\":{\"@type\":\"EntryPoint\",\"urlTemplate\":\"https:\\\/\\\/blog.tmgrupoinmobiliario.com\\\/pl\\\/?s={search_term_string}\"},\"query-input\":{\"@type\":\"PropertyValueSpecification\",\"valueRequired\":true,\"valueName\":\"search_term_string\"}}],\"inLanguage\":\"pl-PL\"}]}<\/script>\n<!-- \/ Yoast SEO Premium plugin. -->","yoast_head_json":{"title":"C\u00f3digo \u00e9tico - Polski","robots":{"index":"index","follow":"follow","max-snippet":"max-snippet:-1","max-image-preview":"max-image-preview:large","max-video-preview":"max-video-preview:-1"},"canonical":"https:\/\/blog.tmgrupoinmobiliario.com\/pl\/codigo-etico\/","og_locale":"pl_PL","og_type":"article","og_title":"C\u00f3digo \u00e9tico","og_description":"G\u0142\u00f3wny plan odpowiedzialno\u015bci korporacyjnej Raport dotycz\u0105cy odpowiedzialno\u015bci korporacyjnej Etyka i \u0142ad korporacyjny Dzia\u0142alno\u015b\u0107 prospo\u0142eczna \u015arodowisko naturalne menu Etyka i \u0142ad korporacyjny Kodeks etyczny Kodeks etyczny Wdro\u017cony przez nas Kodeks etyczny opiera si\u0119 na naszej misji, wizji i warto\u015bciach. Stanowi punkt odniesienia dla wszystkich, kt\u00f3rzy wsp\u00f3\u0142tworz\u0105 TM Real Estate Group, gwarantuj\u0105c odpowiedzialne post\u0119powanie w ramach prowadzonej [&hellip;]","og_url":"https:\/\/blog.tmgrupoinmobiliario.com\/pl\/codigo-etico\/","og_site_name":"Polski","article_modified_time":"2024-12-30T11:02:50+00:00","twitter_card":"summary_large_image","twitter_misc":{"Szacowany czas czytania":"1 minuta"},"schema":{"@context":"https:\/\/schema.org","@graph":[{"@type":"WebPage","@id":"https:\/\/blog.tmgrupoinmobiliario.com\/pl\/codigo-etico\/","url":"https:\/\/blog.tmgrupoinmobiliario.com\/pl\/codigo-etico\/","name":"C\u00f3digo \u00e9tico - Polski","isPartOf":{"@id":"https:\/\/blog.tmgrupoinmobiliario.com\/pl\/#website"},"datePublished":"2024-12-20T12:21:29+00:00","dateModified":"2024-12-30T11:02:50+00:00","breadcrumb":{"@id":"https:\/\/blog.tmgrupoinmobiliario.com\/pl\/codigo-etico\/#breadcrumb"},"inLanguage":"pl-PL","potentialAction":[{"@type":"ReadAction","target":["https:\/\/blog.tmgrupoinmobiliario.com\/pl\/codigo-etico\/"]}]},{"@type":"BreadcrumbList","@id":"https:\/\/blog.tmgrupoinmobiliario.com\/pl\/codigo-etico\/#breadcrumb","itemListElement":[{"@type":"ListItem","position":1,"name":"Home","item":"https:\/\/blog.tmgrupoinmobiliario.com\/pl\/"},{"@type":"ListItem","position":2,"name":"C\u00f3digo \u00e9tico"}]},{"@type":"WebSite","@id":"https:\/\/blog.tmgrupoinmobiliario.com\/pl\/#website","url":"https:\/\/blog.tmgrupoinmobiliario.com\/pl\/","name":"Polski","description":"Just another Blog Desarrollo TM sitios site","potentialAction":[{"@type":"SearchAction","target":{"@type":"EntryPoint","urlTemplate":"https:\/\/blog.tmgrupoinmobiliario.com\/pl\/?s={search_term_string}"},"query-input":{"@type":"PropertyValueSpecification","valueRequired":true,"valueName":"search_term_string"}}],"inLanguage":"pl-PL"}]}},"jetpack_sharing_enabled":true,"_links":{"self":[{"href":"https:\/\/blog.tmgrupoinmobiliario.com\/pl\/wp-json\/wp\/v2\/pages\/19295","targetHints":{"allow":["GET"]}}],"collection":[{"href":"https:\/\/blog.tmgrupoinmobiliario.com\/pl\/wp-json\/wp\/v2\/pages"}],"about":[{"href":"https:\/\/blog.tmgrupoinmobiliario.com\/pl\/wp-json\/wp\/v2\/types\/page"}],"author":[{"embeddable":true,"href":"https:\/\/blog.tmgrupoinmobiliario.com\/pl\/wp-json\/wp\/v2\/users\/11715"}],"replies":[{"embeddable":true,"href":"https:\/\/blog.tmgrupoinmobiliario.com\/pl\/wp-json\/wp\/v2\/comments?post=19295"}],"version-history":[{"count":2,"href":"https:\/\/blog.tmgrupoinmobiliario.com\/pl\/wp-json\/wp\/v2\/pages\/19295\/revisions"}],"predecessor-version":[{"id":19314,"href":"https:\/\/blog.tmgrupoinmobiliario.com\/pl\/wp-json\/wp\/v2\/pages\/19295\/revisions\/19314"}],"wp:attachment":[{"href":"https:\/\/blog.tmgrupoinmobiliario.com\/pl\/wp-json\/wp\/v2\/media?parent=19295"}],"curies":[{"name":"wp","href":"https:\/\/api.w.org\/{rel}","templated":true}]}}