{"id":15705,"date":"2018-08-13T16:26:50","date_gmt":"2018-08-13T14:26:50","guid":{"rendered":"https:\/\/blog.tmgrupoinmobiliario.com\/?page_id=11"},"modified":"2022-03-31T10:25:39","modified_gmt":"2022-03-31T10:25:39","slug":"promociones-en-mexico","status":"publish","type":"page","link":"https:\/\/blog.tmgrupoinmobiliario.com\/pl\/lineas-de-negocio\/promociones-en-mexico\/","title":{"rendered":"Promociones en m\u00e9xico"},"content":{"rendered":"<nav class=\"static-nav inline-nav lineas-nav locked\">\n<ul>\n<li><a href=\"\/pl\/business-lines\/promotions-in-spain\">Inwestycje w Hiszpanii<\/a><\/li>\n<li><a class=\"active\" href=\"\/pl\/business-lines\/promotions-in-mexico\">Inwestycje w Meksyku<\/a><\/li>\n<li><a href=\"\/pl\/business-lines\/hotels-in-mexico\">Hotele w Meksyku<\/a><\/li>\n<li><a href=\"\/pl\/business-lines\/diversification\">Dywersyfikacja<\/a><\/li>\n<\/ul>\n<p><button class=\"toggle-static-nav\">menu <i class=\"far fa-caret-square-down\"><\/i><\/button><\/p>\n<\/nav>\n<section id=\"main\" class=\"promotion-gallery-fullscreen lineas-gallery\">\n<div class=\"promotion-header\">\n<div><span class=\"promotion-header-title\">Inwestycje w Meksyku<\/span><\/p>\n<div class=\"shader\"><\/div>\n<p><img decoding=\"async\" src=\"https:\/\/www.tmgrupoinmobiliario.com\/blog\/wp-content\/uploads\/2020\/04\/The-Fives-Oceanfront_1920x540.jpg\" alt=\"\" \/><\/p>\n<\/div>\n<\/div>\n<\/section>\n<section class=\"section lineas-de-negocio-mexico\">\n<div class=\"container mw-1200\">\n<h2 class=\"section-title static-title\">Dzia\u0142 mi\u0119dzynarodowy<\/h2>\n<p class=\"fs-16\">Nasz strategiczny plan internacjonalizacji doprowadzi\u0142 do ekspansji w Brazylii i na meksyka\u0144skich Karaibach, gdzie obecnie dzia\u0142amy pod nazw\u0105 \u201eThe Fives Hotels &amp; Residences\u201d, buduj\u0105c o\u015brodki wypoczynkowe w najlepszych lokalizacjach na wybrze\u017cu Riviera Maya.<\/p>\n<p class=\"fs-16\">Budujemy i sprzedajemy w pe\u0142ni umeblowane i wyposa\u017cone apartamenty, przeznaczone do funkcjonowania jako o\u015brodki wypoczynkowe, kt\u00f3re stanowi\u0105 cz\u0119\u015b\u0107 aktyw\u00f3w trzech 5-gwiazdkowych kompleks\u00f3w hotelowych, co pozwala zagwarantowa\u0107 naszym klientom rentowno\u015b\u0107 ich inwestycji.<\/p>\n<p class=\"fs-16\">Dzi\u0119ki tej innowacyjnej formule, kt\u00f3ra \u0142\u0105czy dzia\u0142alno\u015b\u0107 dewelopersk\u0105 z us\u0142ugami hotelarskimi, oferujemy w\u0142a\u015bcicielom mo\u017cliwo\u015b\u0107 nabycia nieruchomo\u015bci wakacyjnej w jednym z najlepszych o\u015brodk\u00f3w turystycznych na \u015bwiecie w ramach koncepcji \u201eWorry Free\u201d pozwalaj\u0105cej im cieszy\u0107 si\u0119 mieszkaniem z absolutnie wszystkimi us\u0142ugami, bez zmartwie\u0144 zwi\u0105zanych z utrzymaniem i administracj\u0105.<\/p>\n<div class=\"text-center mt-60\"><\/div>\n<\/div>\n<\/section>\n<section class=\"section proceso-tm lineas-de-actuacion background-gray-lighter\">\n<div class=\"container mw-1200\">\n<h2 class=\"section-title static-title\">Nasze kompleksy mieszkaniowe<\/h2>\n<div class=\"lineas-de-actuacion--holder\">\n<div class=\"lineas-de-actuacion--item\">\n<figure class=\"lineas-de-actuacion--img\"><img decoding=\"async\" src=\"\/img\/fives-beach.jpg\" \/><\/figure>\n<div class=\"lineas-de-actuacion--data\">\n<p class=\"lineas-de-actuacion--programs\"><strong>The Fives Beach Hotel &amp; Residences<\/strong><\/p>\n<ul>\n<li>Projekt zainaugurowany w 2010 r.<\/li>\n<li>392 apartamenty o unikalnym wzornictwie<\/li>\n<li>Mieszkania 1, 2 i 3-pokojowe<\/li>\n<li>Prywatny klub pla\u017cowy z widokiem na Karaiby<\/li>\n<li>5-gwiazdkowe udogodnienia<\/li>\n<li>The Fives Club. Ekskluzywny pakiet dla w\u0142a\u015bcicieli<\/li>\n<li>Bez zmartwie\u0144. Apartamenty gotowe do zamieszkania<\/li>\n<\/ul>\n<p class=\"text-center lineas-de-actuacion--button\"><a class=\"btn btn-default\" href=\"https:\/\/www.thefives.com.mx\/residences-in-playa-del-carmen\">Zobacz osiedle mieszkaniowe<\/a><\/p>\n<\/div>\n<\/div>\n<div class=\"lineas-de-actuacion--item\">\n<figure class=\"lineas-de-actuacion--img\"><img decoding=\"async\" src=\"\/img\/fives-downtown.jpg\" \/><\/figure>\n<div class=\"lineas-de-actuacion--data\">\n<p class=\"lineas-de-actuacion--programs\"><strong>The Fives Downtown Hotel &amp; Residences\u200b\u200b<\/strong><\/p>\n<ul>\n<li>Projekt zainaugurowany w grudniu 2017 r.<\/li>\n<li>Sk\u0142ada si\u0119 z 121 w pe\u0142ni wyposa\u017conych apartament\u00f3w<\/li>\n<li>Oferuje unikaln\u0105 propozycj\u0119 architektoniczn\u0105<\/li>\n<li>Wysoki luksus, wsp\u00f3\u0142czesne meksyka\u0144skie wzornictwo<\/li>\n<li>Po\u0142o\u017cony w samym sercu rejonu Playa del Carmen<\/li>\n<li>Ekskluzywne udogodnienia, charakterystyczne restauracje i niesamowity basen z najlepszym widokiem na Karaibach<\/li>\n<\/ul>\n<p class=\"text-center lineas-de-actuacion--button\"><a class=\"btn btn-default\" href=\"https:\/\/www.thefives.com.mx\/residences-downtown-playa-del-carmen\">Zobacz osiedle mieszkaniowe<\/a><\/p>\n<\/div>\n<\/div>\n<div class=\"lineas-de-actuacion--item\">\n<figure class=\"lineas-de-actuacion--img\"><img decoding=\"async\" src=\"https:\/\/static.tmgrupoinmobiliario.com\/files\/promociones-mexico\/The-Fives-Oceanfront_Beach.jpg\" \/><\/figure>\n<div class=\"lineas-de-actuacion--data\">\n<p class=\"lineas-de-actuacion--programs\"><strong>The Fives Oceanfront Puerto Morelos<\/strong><\/p>\n<ul>\n<li>Zainaugurowany w lipcu 2020 roku<\/li>\n<li>94 w pe\u0142ni wyposa\u017cone, luksusowe apartamenty<\/li>\n<li>Pierwsza tego typu inwestycja w okolicy<\/li>\n<li>Prywatny klub pla\u017cowy<\/li>\n<li>5-gwiazdkowe udogodnienia i us\u0142ugi<\/li>\n<li>Po\u0142o\u017cony w Puerto Morelos, 20 minut od mi\u0119dzynarodowego lotniska w Canc\u00fan<\/li>\n<\/ul>\n<p class=\"text-center lineas-de-actuacion--button\"><a class=\"btn btn-default\" href=\"https:\/\/www.thefives.com.mx\/residences-in-puerto-morelos\">Zobacz osiedle mieszkaniowe<\/a><\/p>\n<\/div>\n<\/div>\n<\/div>\n<\/div>\n<\/section>\n","protected":false},"excerpt":{"rendered":"<p>Inwestycje w Hiszpanii Inwestycje w Meksyku Hotele w Meksyku Dywersyfikacja menu Inwestycje w Meksyku Dzia\u0142 mi\u0119dzynarodowy Nasz strategiczny plan internacjonalizacji doprowadzi\u0142 do ekspansji w Brazylii i na meksyka\u0144skich Karaibach, gdzie obecnie dzia\u0142amy pod nazw\u0105 \u201eThe Fives Hotels &amp; Residences\u201d, buduj\u0105c o\u015brodki wypoczynkowe w najlepszych lokalizacjach na wybrze\u017cu Riviera Maya. Budujemy i sprzedajemy w pe\u0142ni umeblowane [&hellip;]<\/p>\n","protected":false},"author":2,"featured_media":0,"parent":15703,"menu_order":2,"comment_status":"closed","ping_status":"closed","template":"","meta":{"footnotes":""},"class_list":["post-15705","page","type-page","status-publish","hentry"],"better_featured_image":null,"acf":[],"yoast_head":"<!-- This site is optimized with the Yoast SEO Premium plugin v23.6 (Yoast SEO v27.4) - https:\/\/yoast.com\/product\/yoast-seo-premium-wordpress\/ -->\n<title>Promociones en m\u00e9xico - Polski<\/title>\n<meta name=\"robots\" content=\"index, follow, max-snippet:-1, max-image-preview:large, max-video-preview:-1\" \/>\n<link rel=\"canonical\" href=\"https:\/\/blog.tmgrupoinmobiliario.com\/pl\/lineas-de-negocio\/promociones-en-mexico\/\" \/>\n<meta property=\"og:locale\" content=\"pl_PL\" \/>\n<meta property=\"og:type\" content=\"article\" \/>\n<meta property=\"og:title\" content=\"Promociones en m\u00e9xico\" \/>\n<meta property=\"og:description\" content=\"Inwestycje w Hiszpanii Inwestycje w Meksyku Hotele w Meksyku Dywersyfikacja menu Inwestycje w Meksyku Dzia\u0142 mi\u0119dzynarodowy Nasz strategiczny plan internacjonalizacji doprowadzi\u0142 do ekspansji w Brazylii i na meksyka\u0144skich Karaibach, gdzie obecnie dzia\u0142amy pod nazw\u0105 \u201eThe Fives Hotels &amp; Residences\u201d, buduj\u0105c o\u015brodki wypoczynkowe w najlepszych lokalizacjach na wybrze\u017cu Riviera Maya. Budujemy i sprzedajemy w pe\u0142ni umeblowane [&hellip;]\" \/>\n<meta property=\"og:url\" content=\"https:\/\/blog.tmgrupoinmobiliario.com\/pl\/lineas-de-negocio\/promociones-en-mexico\/\" \/>\n<meta property=\"og:site_name\" content=\"Polski\" \/>\n<meta property=\"article:modified_time\" content=\"2022-03-31T10:25:39+00:00\" \/>\n<meta property=\"og:image\" content=\"https:\/\/www.tmgrupoinmobiliario.com\/blog\/wp-content\/uploads\/2020\/04\/The-Fives-Oceanfront_1920x540.jpg\" \/>\n<meta name=\"twitter:card\" content=\"summary_large_image\" \/>\n<meta name=\"twitter:label1\" content=\"Szacowany czas czytania\" \/>\n\t<meta name=\"twitter:data1\" content=\"2 minuty\" \/>\n<script type=\"application\/ld+json\" class=\"yoast-schema-graph\">{\"@context\":\"https:\\\/\\\/schema.org\",\"@graph\":[{\"@type\":\"WebPage\",\"@id\":\"https:\\\/\\\/blog.tmgrupoinmobiliario.com\\\/pl\\\/lineas-de-negocio\\\/promociones-en-mexico\\\/\",\"url\":\"https:\\\/\\\/blog.tmgrupoinmobiliario.com\\\/pl\\\/lineas-de-negocio\\\/promociones-en-mexico\\\/\",\"name\":\"Promociones en m\u00e9xico - Polski\",\"isPartOf\":{\"@id\":\"https:\\\/\\\/blog.tmgrupoinmobiliario.com\\\/pl\\\/#website\"},\"primaryImageOfPage\":{\"@id\":\"https:\\\/\\\/blog.tmgrupoinmobiliario.com\\\/pl\\\/lineas-de-negocio\\\/promociones-en-mexico\\\/#primaryimage\"},\"image\":{\"@id\":\"https:\\\/\\\/blog.tmgrupoinmobiliario.com\\\/pl\\\/lineas-de-negocio\\\/promociones-en-mexico\\\/#primaryimage\"},\"thumbnailUrl\":\"https:\\\/\\\/www.tmgrupoinmobiliario.com\\\/blog\\\/wp-content\\\/uploads\\\/2020\\\/04\\\/The-Fives-Oceanfront_1920x540.jpg\",\"datePublished\":\"2018-08-13T14:26:50+00:00\",\"dateModified\":\"2022-03-31T10:25:39+00:00\",\"breadcrumb\":{\"@id\":\"https:\\\/\\\/blog.tmgrupoinmobiliario.com\\\/pl\\\/lineas-de-negocio\\\/promociones-en-mexico\\\/#breadcrumb\"},\"inLanguage\":\"pl-PL\",\"potentialAction\":[{\"@type\":\"ReadAction\",\"target\":[\"https:\\\/\\\/blog.tmgrupoinmobiliario.com\\\/pl\\\/lineas-de-negocio\\\/promociones-en-mexico\\\/\"]}]},{\"@type\":\"ImageObject\",\"inLanguage\":\"pl-PL\",\"@id\":\"https:\\\/\\\/blog.tmgrupoinmobiliario.com\\\/pl\\\/lineas-de-negocio\\\/promociones-en-mexico\\\/#primaryimage\",\"url\":\"https:\\\/\\\/www.tmgrupoinmobiliario.com\\\/blog\\\/wp-content\\\/uploads\\\/2020\\\/04\\\/The-Fives-Oceanfront_1920x540.jpg\",\"contentUrl\":\"https:\\\/\\\/www.tmgrupoinmobiliario.com\\\/blog\\\/wp-content\\\/uploads\\\/2020\\\/04\\\/The-Fives-Oceanfront_1920x540.jpg\"},{\"@type\":\"BreadcrumbList\",\"@id\":\"https:\\\/\\\/blog.tmgrupoinmobiliario.com\\\/pl\\\/lineas-de-negocio\\\/promociones-en-mexico\\\/#breadcrumb\",\"itemListElement\":[{\"@type\":\"ListItem\",\"position\":1,\"name\":\"Home\",\"item\":\"https:\\\/\\\/blog.tmgrupoinmobiliario.com\\\/pl\\\/\"},{\"@type\":\"ListItem\",\"position\":2,\"name\":\"Lineas de Negocio\",\"item\":\"https:\\\/\\\/blog.tmgrupoinmobiliario.com\\\/pl\\\/lineas-de-negocio\\\/\"},{\"@type\":\"ListItem\",\"position\":3,\"name\":\"Promociones en m\u00e9xico\"}]},{\"@type\":\"WebSite\",\"@id\":\"https:\\\/\\\/blog.tmgrupoinmobiliario.com\\\/pl\\\/#website\",\"url\":\"https:\\\/\\\/blog.tmgrupoinmobiliario.com\\\/pl\\\/\",\"name\":\"Polski\",\"description\":\"Just another Blog Desarrollo TM sitios site\",\"potentialAction\":[{\"@type\":\"SearchAction\",\"target\":{\"@type\":\"EntryPoint\",\"urlTemplate\":\"https:\\\/\\\/blog.tmgrupoinmobiliario.com\\\/pl\\\/?s={search_term_string}\"},\"query-input\":{\"@type\":\"PropertyValueSpecification\",\"valueRequired\":true,\"valueName\":\"search_term_string\"}}],\"inLanguage\":\"pl-PL\"}]}<\/script>\n<!-- \/ Yoast SEO Premium plugin. -->","yoast_head_json":{"title":"Promociones en m\u00e9xico - Polski","robots":{"index":"index","follow":"follow","max-snippet":"max-snippet:-1","max-image-preview":"max-image-preview:large","max-video-preview":"max-video-preview:-1"},"canonical":"https:\/\/blog.tmgrupoinmobiliario.com\/pl\/lineas-de-negocio\/promociones-en-mexico\/","og_locale":"pl_PL","og_type":"article","og_title":"Promociones en m\u00e9xico","og_description":"Inwestycje w Hiszpanii Inwestycje w Meksyku Hotele w Meksyku Dywersyfikacja menu Inwestycje w Meksyku Dzia\u0142 mi\u0119dzynarodowy Nasz strategiczny plan internacjonalizacji doprowadzi\u0142 do ekspansji w Brazylii i na meksyka\u0144skich Karaibach, gdzie obecnie dzia\u0142amy pod nazw\u0105 \u201eThe Fives Hotels &amp; Residences\u201d, buduj\u0105c o\u015brodki wypoczynkowe w najlepszych lokalizacjach na wybrze\u017cu Riviera Maya. Budujemy i sprzedajemy w pe\u0142ni umeblowane [&hellip;]","og_url":"https:\/\/blog.tmgrupoinmobiliario.com\/pl\/lineas-de-negocio\/promociones-en-mexico\/","og_site_name":"Polski","article_modified_time":"2022-03-31T10:25:39+00:00","og_image":[{"url":"https:\/\/www.tmgrupoinmobiliario.com\/blog\/wp-content\/uploads\/2020\/04\/The-Fives-Oceanfront_1920x540.jpg","type":"","width":"","height":""}],"twitter_card":"summary_large_image","twitter_misc":{"Szacowany czas czytania":"2 minuty"},"schema":{"@context":"https:\/\/schema.org","@graph":[{"@type":"WebPage","@id":"https:\/\/blog.tmgrupoinmobiliario.com\/pl\/lineas-de-negocio\/promociones-en-mexico\/","url":"https:\/\/blog.tmgrupoinmobiliario.com\/pl\/lineas-de-negocio\/promociones-en-mexico\/","name":"Promociones en m\u00e9xico - Polski","isPartOf":{"@id":"https:\/\/blog.tmgrupoinmobiliario.com\/pl\/#website"},"primaryImageOfPage":{"@id":"https:\/\/blog.tmgrupoinmobiliario.com\/pl\/lineas-de-negocio\/promociones-en-mexico\/#primaryimage"},"image":{"@id":"https:\/\/blog.tmgrupoinmobiliario.com\/pl\/lineas-de-negocio\/promociones-en-mexico\/#primaryimage"},"thumbnailUrl":"https:\/\/www.tmgrupoinmobiliario.com\/blog\/wp-content\/uploads\/2020\/04\/The-Fives-Oceanfront_1920x540.jpg","datePublished":"2018-08-13T14:26:50+00:00","dateModified":"2022-03-31T10:25:39+00:00","breadcrumb":{"@id":"https:\/\/blog.tmgrupoinmobiliario.com\/pl\/lineas-de-negocio\/promociones-en-mexico\/#breadcrumb"},"inLanguage":"pl-PL","potentialAction":[{"@type":"ReadAction","target":["https:\/\/blog.tmgrupoinmobiliario.com\/pl\/lineas-de-negocio\/promociones-en-mexico\/"]}]},{"@type":"ImageObject","inLanguage":"pl-PL","@id":"https:\/\/blog.tmgrupoinmobiliario.com\/pl\/lineas-de-negocio\/promociones-en-mexico\/#primaryimage","url":"https:\/\/www.tmgrupoinmobiliario.com\/blog\/wp-content\/uploads\/2020\/04\/The-Fives-Oceanfront_1920x540.jpg","contentUrl":"https:\/\/www.tmgrupoinmobiliario.com\/blog\/wp-content\/uploads\/2020\/04\/The-Fives-Oceanfront_1920x540.jpg"},{"@type":"BreadcrumbList","@id":"https:\/\/blog.tmgrupoinmobiliario.com\/pl\/lineas-de-negocio\/promociones-en-mexico\/#breadcrumb","itemListElement":[{"@type":"ListItem","position":1,"name":"Home","item":"https:\/\/blog.tmgrupoinmobiliario.com\/pl\/"},{"@type":"ListItem","position":2,"name":"Lineas de Negocio","item":"https:\/\/blog.tmgrupoinmobiliario.com\/pl\/lineas-de-negocio\/"},{"@type":"ListItem","position":3,"name":"Promociones en m\u00e9xico"}]},{"@type":"WebSite","@id":"https:\/\/blog.tmgrupoinmobiliario.com\/pl\/#website","url":"https:\/\/blog.tmgrupoinmobiliario.com\/pl\/","name":"Polski","description":"Just another Blog Desarrollo TM sitios site","potentialAction":[{"@type":"SearchAction","target":{"@type":"EntryPoint","urlTemplate":"https:\/\/blog.tmgrupoinmobiliario.com\/pl\/?s={search_term_string}"},"query-input":{"@type":"PropertyValueSpecification","valueRequired":true,"valueName":"search_term_string"}}],"inLanguage":"pl-PL"}]}},"jetpack_sharing_enabled":true,"_links":{"self":[{"href":"https:\/\/blog.tmgrupoinmobiliario.com\/pl\/wp-json\/wp\/v2\/pages\/15705","targetHints":{"allow":["GET"]}}],"collection":[{"href":"https:\/\/blog.tmgrupoinmobiliario.com\/pl\/wp-json\/wp\/v2\/pages"}],"about":[{"href":"https:\/\/blog.tmgrupoinmobiliario.com\/pl\/wp-json\/wp\/v2\/types\/page"}],"author":[{"embeddable":true,"href":"https:\/\/blog.tmgrupoinmobiliario.com\/pl\/wp-json\/wp\/v2\/users\/2"}],"replies":[{"embeddable":true,"href":"https:\/\/blog.tmgrupoinmobiliario.com\/pl\/wp-json\/wp\/v2\/comments?post=15705"}],"version-history":[{"count":4,"href":"https:\/\/blog.tmgrupoinmobiliario.com\/pl\/wp-json\/wp\/v2\/pages\/15705\/revisions"}],"predecessor-version":[{"id":16406,"href":"https:\/\/blog.tmgrupoinmobiliario.com\/pl\/wp-json\/wp\/v2\/pages\/15705\/revisions\/16406"}],"up":[{"embeddable":true,"href":"https:\/\/blog.tmgrupoinmobiliario.com\/pl\/wp-json\/wp\/v2\/pages\/15703"}],"wp:attachment":[{"href":"https:\/\/blog.tmgrupoinmobiliario.com\/pl\/wp-json\/wp\/v2\/media?parent=15705"}],"curies":[{"name":"wp","href":"https:\/\/api.w.org\/{rel}","templated":true}]}}