{"id":13,"date":"2018-08-13T16:27:46","date_gmt":"2018-08-13T14:27:46","guid":{"rendered":"https:\/\/blog.tmgrupoinmobiliario.com\/?page_id=13"},"modified":"2022-03-31T10:42:47","modified_gmt":"2022-03-31T10:42:47","slug":"hoteles-en-mexico","status":"publish","type":"page","link":"https:\/\/blog.tmgrupoinmobiliario.com\/pl\/lineas-de-negocio\/hoteles-en-mexico\/","title":{"rendered":"Hoteles en m\u00e9xico"},"content":{"rendered":"<nav class=\"static-nav inline-nav lineas-nav locked\">\n<ul>\n<li><a href=\"\/pl\/business-lines\/promotions-in-spain\">Inwestycje w Hiszpanii<\/a><\/li>\n<li><a href=\"\/pl\/business-lines\/promotions-in-mexico\">Inwestycje w Meksyku<\/a><\/li>\n<li><a class=\"active\" href=\"\/pl\/business-lines\/hotels-in-mexico\">Hotele w Meksyku<\/a><\/li>\n<li><a href=\"\/pl\/business-lines\/diversification\">Dywersyfikacja<\/a><\/li>\n<\/ul>\n<p><button class=\"toggle-static-nav\">menu <i class=\"far fa-caret-square-down\"><\/i><\/button><\/p>\n<\/nav>\n<section id=\"main\" class=\"promotion-gallery-fullscreen lineas-gallery\">\n<div class=\"promotion-header\">\n<div><span class=\"promotion-header-title\">Hotele w Meksyku<\/span><\/p>\n<div class=\"shader\"><\/div>\n<p><img decoding=\"async\" src=\"https:\/\/www.tmgrupoinmobiliario.com\/blog\/wp-content\/uploads\/2020\/04\/TFB-Infinity-Pool-Couple-1920x540-1.jpg\" alt=\"\" \/><\/p>\n<\/div>\n<\/div>\n<\/section>\n<section class=\"section lineas-de-negocio-mexico\">\n<div class=\"container mw-1200\">\n<h2 class=\"section-title static-title\">Nowy spos\u00f3b do\u015bwiadczania wakacji<\/h2>\n<p class=\"fs-16\">W 2006 roku firma TM Real Estate Group rozpocz\u0119\u0142a mi\u0119dzynarodow\u0105 ekspansj\u0119 w jednym z najwa\u017cniejszych o\u015brodk\u00f3w turystycznych na \u015bwiecie, na meksyka\u0144skich Karaibach, wdra\u017caj\u0105c tam now\u0105 koncepcj\u0119 biznesow\u0105 w formie condohoteli, polegaj\u0105c\u0105 na inwestycji, budowie i sprzeda\u017cy nieruchomo\u015bci w celu p\u00f3\u017aniejszego \u015bwiadczenia us\u0142ug hotelarskich na ich terenie. Firma TM Real Estate Group obecnie zarz\u0105dza 3 o\u015brodkami hotelarskimi w rejonie wybrze\u017ca Playa del Carmen oraz ich obs\u0142ug\u0105, przeznaczonymi dla tych, kt\u00f3rzy chc\u0105 cieszy\u0107 si\u0119 wakacjami w uprzywilejowanej enklawie z gwarancj\u0105 luksusowych us\u0142ug.\u200b<\/p>\n<\/div>\n<\/section>\n<section class=\"section background-gray-lighter\">\n<div class=\"container mw-1200\">\n<div class=\"ficha-hoteles\">\n<h2 class=\"ficha-hoteles--title\">The Fives Beach Hotel &amp; Residences<\/h2>\n<p class=\"fs-16 text-center\">Pierwszy 5-gwiazdkowy i 4-diamentowy o\u015brodek otwarty w 2010 roku. Luksusowy kompleks wypoczynkowy nad Morzem Karaibskim.<\/p>\n<ul>\n<li>664 klucze hotelowe<\/li>\n<li>7 basen\u00f3w z widokiem na Karaiby<\/li>\n<li>Majestatyczne ogrody tropikalne <\/li>\n<li>Organizacja \u015blub\u00f3w i imprez<\/li>\n<li>Klub dla dzieci i m\u0142odzie\u017cy<\/li>\n<li>Prywatny klub pla\u017cowy<\/li>\n<li>Unikalne do\u015bwiadczenia kulinarne<\/li>\n<li>Vassa Spa<\/li>\n<\/ul>\n<p class=\"text-center video-hotel-btn\"><a class=\"btn btn-default\" href=\"https:\/\/www.thefiveshotels.com\/resorts\/the-fives-beach\" target=\"_blank\" rel=\"noopener noreferrer\">Zarezerwuj wakacje<\/a><\/p>\n<\/div>\n<\/div>\n<div class=\"container\">\n<div class=\"galeria-lineas\">\n<div class=\"col-md-3\"><img decoding=\"async\" src=\"\/img\/lineas\/hoteles-fives-1.jpg\" alt=\"\" \/><\/div>\n<div class=\"col-md-3\"><img decoding=\"async\" src=\"\/img\/lineas\/hoteles-fives-2.jpg\" alt=\"\" \/><\/div>\n<div class=\"col-md-3\"><img decoding=\"async\" src=\"\/img\/lineas\/hoteles-fives-3.jpg\" alt=\"\" \/><\/div>\n<div class=\"col-md-3\"><img decoding=\"async\" src=\"\/img\/lineas\/hoteles-fives-4.jpg\" alt=\"\" \/><\/div>\n<\/div>\n<\/div>\n<\/section>\n<section class=\"video-corporativo the-fives-beach\">\n<div class=\"video-holder\"><img decoding=\"async\" src=\"\/img\/video-the-fives-beach.jpg\" alt=\"\" \/><\/div>\n<p><a class=\"btn btn-outlined\" href=\"https:\/\/www.youtube.com\/watch?v=T65VgyCuuRw\" data-fancybox=\"\"><i class=\"far fa-lg fa-play-circle\"><\/i>Obejrzyj wideo<\/a><\/p>\n<\/section>\n<section class=\"section background-gray-lighter\">\n<div class=\"container mw-1200\">\n<div class=\"ficha-hoteles\">\n<h2 class=\"ficha-hoteles--title\">The Fives Dowtown Hotel &amp; Residences Curio Collection by Hilton<\/h2>\n<p class=\"fs-16\">Nasz drugi hotel, \u201cThe Fives Downtown Hotel &amp; Residences Curio Collection by Hilton\u201d, otwarty w grudniu 2017 roku, jest uwa\u017cany za pierwszy miejski hotel butikowy na ca\u0142ym wybrze\u017cu Riviera Maya i oferuje 133 luksusowe pokoje pod mark\u0105 Curio by Hilton.<\/p>\n<ul>\n<li>Wyj\u0105tkowo ekskluzywny komfort<\/li>\n<li>W samym sercu Pi\u0105tej Alei<\/li>\n<li>Autorskie restauracje<\/li>\n<li>Basen infinity z widokiem na Karaiby<\/li>\n<li>133 nowoczesne apartamenty i penthousy<\/li>\n<li>Us\u0142ugi spa<\/li>\n<li>Bliskie po\u0142o\u017cenie atrakcji turystycznych<\/li>\n<li>Przestrze\u0144 do organizacji spotka\u0144 i imprez<\/li>\n<\/ul>\n<p class=\"text-center video-hotel-btn\"><a class=\"btn btn-default\" href=\"https:\/\/www.thefiveshotels.com\/resorts\/the-fives-downtown\">Zarezerwuj wakacje<\/a><\/p>\n<\/div>\n<\/div>\n<div class=\"container\">\n<div class=\"galeria-lineas\">\n<div class=\"col-md-3\"><img decoding=\"async\" src=\"\/img\/lineas\/hoteles-downtown-1.jpg\" alt=\"\" \/><\/div>\n<div class=\"col-md-3\"><img decoding=\"async\" src=\"\/img\/lineas\/hoteles-downtown-2.jpg\" alt=\"\" \/><\/div>\n<div class=\"col-md-3\"><img decoding=\"async\" src=\"\/img\/lineas\/hoteles-downtown-3.jpg\" alt=\"\" \/><\/div>\n<div class=\"col-md-3\"><img decoding=\"async\" src=\"\/img\/lineas\/hoteles-downtown-4.jpg\" alt=\"\" \/><\/div>\n<\/div>\n<\/div>\n<\/section>\n<section class=\"video-corporativo the-fives-downtown\">\n<div class=\"video-holder\"><img decoding=\"async\" src=\"\/img\/video-the-fives-downtown.jpg\" alt=\"\" \/><\/div>\n<p><a class=\"btn btn-outlined\" href=\"https:\/\/www.youtube.com\/watch?v=EsoXDF4wbfc\" data-fancybox=\"\"><i class=\"far fa-lg fa-play-circle\"><\/i> Obejrzyj wideo<\/a><\/p>\n<\/section>\n<section class=\"section background-gray-lighter\">\n<div class=\"container mw-1200\">\n<div class=\"ficha-hoteles\">\n<h2 class=\"ficha-hoteles--title\">The Fives Oceanfront Puerto Morelos<\/h2>\n<p class=\"fs-16\">Nasz trzeci hotel, &#8220;The Fives Oceanfront&#8221;,otwarty w lipcu 2020 roku, znajduje si\u0119 w uroczej wiosce rybackiej Puerto Morelos, po\u0142o\u017conej nad bia\u0142ymi piaskami i Morzem Karaibskim, pomi\u0119dzy miastami Cancun i Playa del Carmen, na wybrze\u017cu Riviera Maya. The Fives Oceanfront oferuje nast\u0119puj\u0105ce us\u0142ugi:<\/p>\n<ul>\n<li>115 kluczy hotelowych<\/li>\n<li>Basen typu infinity na dachu<\/li>\n<li>Basen przy pla\u017cy<\/li>\n<li>2 restauracje z widokiem na ocean<\/li>\n<li>Parking z obs\u0142ug\u0105<\/li>\n<li>Sale imprezowe i konferencyjne<\/li>\n<li>Prywatny klub pla\u017cowy<\/li>\n<li>\u015awiatowej klasy spa<\/li>\n<li>Kawiarnia<\/li>\n<li>Lobby bar <\/li>\n<li>O\u015brodek fitness<\/li>\n<li>Ca\u0142odobowa obs\u0142uga hotelowa<\/li>\n<\/ul>\n<p class=\"text-center video-hotel-btn\"><a class=\"btn btn-default\" href=\"https:\/\/www.thefiveshotels.com\/resorts\/the-fives-puerto-morelos\">Zarezerwuj wakacje<\/a><\/p>\n<\/div>\n<\/div>\n<div class=\"container\">\n<div class=\"galeria-lineas\">\n<div class=\"col-md-3\"><img decoding=\"async\" src=\"https:\/\/static.tmgrupoinmobiliario.com\/files\/hoteles-mexico\/sala-espera.jpg\" alt=\"\" \/><\/div>\n<div class=\"col-md-3\"><img decoding=\"async\" src=\"https:\/\/static.tmgrupoinmobiliario.com\/files\/hoteles-mexico\/The-Fives-Oceanfront_Beach.jpg\" alt=\"\" \/><\/div>\n<div class=\"col-md-3\"><img decoding=\"async\" src=\"https:\/\/static.tmgrupoinmobiliario.com\/files\/hoteles-mexico\/The-Fives-Oceanfront_Comedor.jpg\" alt=\"\" \/><\/div>\n<div class=\"col-md-3\"><img decoding=\"async\" src=\"https:\/\/static.tmgrupoinmobiliario.com\/files\/hoteles-mexico\/The-Fives-Oceanfront_Recamara.jpg\" alt=\"\" \/><\/div>\n<\/div>\n<\/div>\n<\/section>\n<section class=\"video-corporativo the-fives-downtown\">\n<div class=\"video-holder\">\n<img decoding=\"async\" src=\"\/img\/video-the-fives-downtown.jpg\" alt=\"\" \/>\n<\/div>\n<p><a data-fancybox=\"\" href=\"https:\/\/www.youtube.com\/watch?v=IFggYqNC_3I\" class=\"btn btn-outlined\"><i class=\"far fa-lg fa-play-circle\"><\/i> Obejrzyj wideo<\/a><br \/>\n<\/section>\n","protected":false},"excerpt":{"rendered":"<p>Inwestycje w Hiszpanii Inwestycje w Meksyku Hotele w Meksyku Dywersyfikacja menu Hotele w Meksyku Nowy spos\u00f3b do\u015bwiadczania wakacji W 2006 roku firma TM Real Estate Group rozpocz\u0119\u0142a mi\u0119dzynarodow\u0105 ekspansj\u0119 w jednym z najwa\u017cniejszych o\u015brodk\u00f3w turystycznych na \u015bwiecie, na meksyka\u0144skich Karaibach, wdra\u017caj\u0105c tam now\u0105 koncepcj\u0119 biznesow\u0105 w formie condohoteli, polegaj\u0105c\u0105 na inwestycji, budowie i sprzeda\u017cy nieruchomo\u015bci [&hellip;]<\/p>\n","protected":false},"author":2,"featured_media":0,"parent":15703,"menu_order":3,"comment_status":"closed","ping_status":"closed","template":"","meta":{"footnotes":""},"class_list":["post-13","page","type-page","status-publish","hentry"],"better_featured_image":null,"acf":[],"yoast_head":"<!-- This site is optimized with the Yoast SEO Premium plugin v23.6 (Yoast SEO v27.3) - https:\/\/yoast.com\/product\/yoast-seo-premium-wordpress\/ -->\n<title>Hoteles en m\u00e9xico - Polski<\/title>\n<meta name=\"robots\" content=\"index, follow, max-snippet:-1, max-image-preview:large, max-video-preview:-1\" \/>\n<link rel=\"canonical\" href=\"https:\/\/blog.tmgrupoinmobiliario.com\/pl\/lineas-de-negocio\/hoteles-en-mexico\/\" \/>\n<meta property=\"og:locale\" content=\"pl_PL\" \/>\n<meta property=\"og:type\" content=\"article\" \/>\n<meta property=\"og:title\" content=\"Hoteles en m\u00e9xico\" \/>\n<meta property=\"og:description\" content=\"Inwestycje w Hiszpanii Inwestycje w Meksyku Hotele w Meksyku Dywersyfikacja menu Hotele w Meksyku Nowy spos\u00f3b do\u015bwiadczania wakacji W 2006 roku firma TM Real Estate Group rozpocz\u0119\u0142a mi\u0119dzynarodow\u0105 ekspansj\u0119 w jednym z najwa\u017cniejszych o\u015brodk\u00f3w turystycznych na \u015bwiecie, na meksyka\u0144skich Karaibach, wdra\u017caj\u0105c tam now\u0105 koncepcj\u0119 biznesow\u0105 w formie condohoteli, polegaj\u0105c\u0105 na inwestycji, budowie i sprzeda\u017cy nieruchomo\u015bci [&hellip;]\" \/>\n<meta property=\"og:url\" content=\"https:\/\/blog.tmgrupoinmobiliario.com\/pl\/lineas-de-negocio\/hoteles-en-mexico\/\" \/>\n<meta property=\"og:site_name\" content=\"Polski\" \/>\n<meta property=\"article:modified_time\" content=\"2022-03-31T10:42:47+00:00\" \/>\n<meta property=\"og:image\" content=\"https:\/\/www.tmgrupoinmobiliario.com\/blog\/wp-content\/uploads\/2020\/04\/TFB-Infinity-Pool-Couple-1920x540-1.jpg\" \/>\n<meta name=\"twitter:card\" content=\"summary_large_image\" \/>\n<meta name=\"twitter:label1\" content=\"Szacowany czas czytania\" \/>\n\t<meta name=\"twitter:data1\" content=\"2 minuty\" \/>\n<script type=\"application\/ld+json\" class=\"yoast-schema-graph\">{\"@context\":\"https:\\\/\\\/schema.org\",\"@graph\":[{\"@type\":\"WebPage\",\"@id\":\"https:\\\/\\\/blog.tmgrupoinmobiliario.com\\\/pl\\\/lineas-de-negocio\\\/hoteles-en-mexico\\\/\",\"url\":\"https:\\\/\\\/blog.tmgrupoinmobiliario.com\\\/pl\\\/lineas-de-negocio\\\/hoteles-en-mexico\\\/\",\"name\":\"Hoteles en m\u00e9xico - Polski\",\"isPartOf\":{\"@id\":\"https:\\\/\\\/blog.tmgrupoinmobiliario.com\\\/pl\\\/#website\"},\"primaryImageOfPage\":{\"@id\":\"https:\\\/\\\/blog.tmgrupoinmobiliario.com\\\/pl\\\/lineas-de-negocio\\\/hoteles-en-mexico\\\/#primaryimage\"},\"image\":{\"@id\":\"https:\\\/\\\/blog.tmgrupoinmobiliario.com\\\/pl\\\/lineas-de-negocio\\\/hoteles-en-mexico\\\/#primaryimage\"},\"thumbnailUrl\":\"https:\\\/\\\/www.tmgrupoinmobiliario.com\\\/blog\\\/wp-content\\\/uploads\\\/2020\\\/04\\\/TFB-Infinity-Pool-Couple-1920x540-1.jpg\",\"datePublished\":\"2018-08-13T14:27:46+00:00\",\"dateModified\":\"2022-03-31T10:42:47+00:00\",\"breadcrumb\":{\"@id\":\"https:\\\/\\\/blog.tmgrupoinmobiliario.com\\\/pl\\\/lineas-de-negocio\\\/hoteles-en-mexico\\\/#breadcrumb\"},\"inLanguage\":\"pl-PL\",\"potentialAction\":[{\"@type\":\"ReadAction\",\"target\":[\"https:\\\/\\\/blog.tmgrupoinmobiliario.com\\\/pl\\\/lineas-de-negocio\\\/hoteles-en-mexico\\\/\"]}]},{\"@type\":\"ImageObject\",\"inLanguage\":\"pl-PL\",\"@id\":\"https:\\\/\\\/blog.tmgrupoinmobiliario.com\\\/pl\\\/lineas-de-negocio\\\/hoteles-en-mexico\\\/#primaryimage\",\"url\":\"https:\\\/\\\/www.tmgrupoinmobiliario.com\\\/blog\\\/wp-content\\\/uploads\\\/2020\\\/04\\\/TFB-Infinity-Pool-Couple-1920x540-1.jpg\",\"contentUrl\":\"https:\\\/\\\/www.tmgrupoinmobiliario.com\\\/blog\\\/wp-content\\\/uploads\\\/2020\\\/04\\\/TFB-Infinity-Pool-Couple-1920x540-1.jpg\"},{\"@type\":\"BreadcrumbList\",\"@id\":\"https:\\\/\\\/blog.tmgrupoinmobiliario.com\\\/pl\\\/lineas-de-negocio\\\/hoteles-en-mexico\\\/#breadcrumb\",\"itemListElement\":[{\"@type\":\"ListItem\",\"position\":1,\"name\":\"Home\",\"item\":\"https:\\\/\\\/blog.tmgrupoinmobiliario.com\\\/pl\\\/\"},{\"@type\":\"ListItem\",\"position\":2,\"name\":\"Lineas de Negocio\",\"item\":\"https:\\\/\\\/blog.tmgrupoinmobiliario.com\\\/pl\\\/lineas-de-negocio\\\/\"},{\"@type\":\"ListItem\",\"position\":3,\"name\":\"Hoteles en m\u00e9xico\"}]},{\"@type\":\"WebSite\",\"@id\":\"https:\\\/\\\/blog.tmgrupoinmobiliario.com\\\/pl\\\/#website\",\"url\":\"https:\\\/\\\/blog.tmgrupoinmobiliario.com\\\/pl\\\/\",\"name\":\"Polski\",\"description\":\"Just another Blog Desarrollo TM sitios site\",\"potentialAction\":[{\"@type\":\"SearchAction\",\"target\":{\"@type\":\"EntryPoint\",\"urlTemplate\":\"https:\\\/\\\/blog.tmgrupoinmobiliario.com\\\/pl\\\/?s={search_term_string}\"},\"query-input\":{\"@type\":\"PropertyValueSpecification\",\"valueRequired\":true,\"valueName\":\"search_term_string\"}}],\"inLanguage\":\"pl-PL\"}]}<\/script>\n<!-- \/ Yoast SEO Premium plugin. -->","yoast_head_json":{"title":"Hoteles en m\u00e9xico - Polski","robots":{"index":"index","follow":"follow","max-snippet":"max-snippet:-1","max-image-preview":"max-image-preview:large","max-video-preview":"max-video-preview:-1"},"canonical":"https:\/\/blog.tmgrupoinmobiliario.com\/pl\/lineas-de-negocio\/hoteles-en-mexico\/","og_locale":"pl_PL","og_type":"article","og_title":"Hoteles en m\u00e9xico","og_description":"Inwestycje w Hiszpanii Inwestycje w Meksyku Hotele w Meksyku Dywersyfikacja menu Hotele w Meksyku Nowy spos\u00f3b do\u015bwiadczania wakacji W 2006 roku firma TM Real Estate Group rozpocz\u0119\u0142a mi\u0119dzynarodow\u0105 ekspansj\u0119 w jednym z najwa\u017cniejszych o\u015brodk\u00f3w turystycznych na \u015bwiecie, na meksyka\u0144skich Karaibach, wdra\u017caj\u0105c tam now\u0105 koncepcj\u0119 biznesow\u0105 w formie condohoteli, polegaj\u0105c\u0105 na inwestycji, budowie i sprzeda\u017cy nieruchomo\u015bci [&hellip;]","og_url":"https:\/\/blog.tmgrupoinmobiliario.com\/pl\/lineas-de-negocio\/hoteles-en-mexico\/","og_site_name":"Polski","article_modified_time":"2022-03-31T10:42:47+00:00","og_image":[{"url":"https:\/\/www.tmgrupoinmobiliario.com\/blog\/wp-content\/uploads\/2020\/04\/TFB-Infinity-Pool-Couple-1920x540-1.jpg","type":"","width":"","height":""}],"twitter_card":"summary_large_image","twitter_misc":{"Szacowany czas czytania":"2 minuty"},"schema":{"@context":"https:\/\/schema.org","@graph":[{"@type":"WebPage","@id":"https:\/\/blog.tmgrupoinmobiliario.com\/pl\/lineas-de-negocio\/hoteles-en-mexico\/","url":"https:\/\/blog.tmgrupoinmobiliario.com\/pl\/lineas-de-negocio\/hoteles-en-mexico\/","name":"Hoteles en m\u00e9xico - Polski","isPartOf":{"@id":"https:\/\/blog.tmgrupoinmobiliario.com\/pl\/#website"},"primaryImageOfPage":{"@id":"https:\/\/blog.tmgrupoinmobiliario.com\/pl\/lineas-de-negocio\/hoteles-en-mexico\/#primaryimage"},"image":{"@id":"https:\/\/blog.tmgrupoinmobiliario.com\/pl\/lineas-de-negocio\/hoteles-en-mexico\/#primaryimage"},"thumbnailUrl":"https:\/\/www.tmgrupoinmobiliario.com\/blog\/wp-content\/uploads\/2020\/04\/TFB-Infinity-Pool-Couple-1920x540-1.jpg","datePublished":"2018-08-13T14:27:46+00:00","dateModified":"2022-03-31T10:42:47+00:00","breadcrumb":{"@id":"https:\/\/blog.tmgrupoinmobiliario.com\/pl\/lineas-de-negocio\/hoteles-en-mexico\/#breadcrumb"},"inLanguage":"pl-PL","potentialAction":[{"@type":"ReadAction","target":["https:\/\/blog.tmgrupoinmobiliario.com\/pl\/lineas-de-negocio\/hoteles-en-mexico\/"]}]},{"@type":"ImageObject","inLanguage":"pl-PL","@id":"https:\/\/blog.tmgrupoinmobiliario.com\/pl\/lineas-de-negocio\/hoteles-en-mexico\/#primaryimage","url":"https:\/\/www.tmgrupoinmobiliario.com\/blog\/wp-content\/uploads\/2020\/04\/TFB-Infinity-Pool-Couple-1920x540-1.jpg","contentUrl":"https:\/\/www.tmgrupoinmobiliario.com\/blog\/wp-content\/uploads\/2020\/04\/TFB-Infinity-Pool-Couple-1920x540-1.jpg"},{"@type":"BreadcrumbList","@id":"https:\/\/blog.tmgrupoinmobiliario.com\/pl\/lineas-de-negocio\/hoteles-en-mexico\/#breadcrumb","itemListElement":[{"@type":"ListItem","position":1,"name":"Home","item":"https:\/\/blog.tmgrupoinmobiliario.com\/pl\/"},{"@type":"ListItem","position":2,"name":"Lineas de Negocio","item":"https:\/\/blog.tmgrupoinmobiliario.com\/pl\/lineas-de-negocio\/"},{"@type":"ListItem","position":3,"name":"Hoteles en m\u00e9xico"}]},{"@type":"WebSite","@id":"https:\/\/blog.tmgrupoinmobiliario.com\/pl\/#website","url":"https:\/\/blog.tmgrupoinmobiliario.com\/pl\/","name":"Polski","description":"Just another Blog Desarrollo TM sitios site","potentialAction":[{"@type":"SearchAction","target":{"@type":"EntryPoint","urlTemplate":"https:\/\/blog.tmgrupoinmobiliario.com\/pl\/?s={search_term_string}"},"query-input":{"@type":"PropertyValueSpecification","valueRequired":true,"valueName":"search_term_string"}}],"inLanguage":"pl-PL"}]}},"jetpack_sharing_enabled":true,"_links":{"self":[{"href":"https:\/\/blog.tmgrupoinmobiliario.com\/pl\/wp-json\/wp\/v2\/pages\/13","targetHints":{"allow":["GET"]}}],"collection":[{"href":"https:\/\/blog.tmgrupoinmobiliario.com\/pl\/wp-json\/wp\/v2\/pages"}],"about":[{"href":"https:\/\/blog.tmgrupoinmobiliario.com\/pl\/wp-json\/wp\/v2\/types\/page"}],"author":[{"embeddable":true,"href":"https:\/\/blog.tmgrupoinmobiliario.com\/pl\/wp-json\/wp\/v2\/users\/2"}],"replies":[{"embeddable":true,"href":"https:\/\/blog.tmgrupoinmobiliario.com\/pl\/wp-json\/wp\/v2\/comments?post=13"}],"version-history":[{"count":4,"href":"https:\/\/blog.tmgrupoinmobiliario.com\/pl\/wp-json\/wp\/v2\/pages\/13\/revisions"}],"predecessor-version":[{"id":16407,"href":"https:\/\/blog.tmgrupoinmobiliario.com\/pl\/wp-json\/wp\/v2\/pages\/13\/revisions\/16407"}],"up":[{"embeddable":true,"href":"https:\/\/blog.tmgrupoinmobiliario.com\/pl\/wp-json\/wp\/v2\/pages\/15703"}],"wp:attachment":[{"href":"https:\/\/blog.tmgrupoinmobiliario.com\/pl\/wp-json\/wp\/v2\/media?parent=13"}],"curies":[{"name":"wp","href":"https:\/\/api.w.org\/{rel}","templated":true}]}}