{"id":12963,"date":"2018-11-19T18:16:41","date_gmt":"2018-11-19T18:16:41","guid":{"rendered":"https:\/\/blog.tmgrupoinmobiliario.com\/en\/?page_id=12963"},"modified":"2025-08-23T18:00:52","modified_gmt":"2025-08-23T18:00:52","slug":"web-registration-processing-activity","status":"publish","type":"page","link":"https:\/\/blog.tmgrupoinmobiliario.com\/pl\/politica-de-privacidad\/web-registration-processing-activity\/","title":{"rendered":"WEB REGISTRATION PROCESSING ACTIVITY"},"content":{"rendered":"<section id=\"anyos_construyendo\" class=\"section lineas-de-actuacion\">\n<div class=\"container mw-1200\">\n<h2 class=\"section-title static-title\"><span>PRZETWARZANIE DANYCH POCHODZ\u0104CYCH Z REJESTRACJI W WITRYNIE<\/span><\/h2>\n<p>W naszym uzasadnionym interesie ujednolicili\u015bmy zasady ochrony prywatno\u015bci i danych osobowych w firmach grupy TM Real Estate Group, z kt\u00f3r\u0105 mo\u017cna si\u0119 kontaktowa\u0107 w ka\u017cdej sprawie zwi\u0105zanej z powy\u017csz\u0105 kwesti\u0105, wskazuj\u0105c jej sp\u00f3\u0142k\u0119 przechowuj\u0105c\u0105 i przetwarzaj\u0105c\u0105 okre\u015blone informacje o charakterze osobowym  (w Nocie prawnej mo\u017cna znale\u017a\u0107 informacje o podmiotach wchodz\u0105cych w sk\u0142ad Grupy).\n<\/p>\n<p><strong>Kto jest odpowiedzialny za przetwarzanie Pa\u0144stwa danych osobowych?<br \/>\n<\/strong><\/p>\n<ul>\n<li>Nazwa sp\u00f3\u0142ki: Torreblanca del Mediterr\u00e1neo Sol S.L.<\/li>\n<li>NIP: B03350642<\/li>\n<li>Adres pocztowy: Plaza Jos\u00e9 Luis Serna 1, 03184 (TORREVIEJA) ALICANTE<\/li>\n<li>Telefon: 902 15 15 12<\/li>\n<li>E-mail kontaktowy: datos@tmgrupoinmobiliario.com<\/li>\n<li>Kontakt z osob\u0105 odpowiedzialn\u0105 za ochron\u0119 danych osobowych lub z Dzia\u0142em ochrony danych osobowych: dpo@tmgrupoinmobiliario.com<\/li>\n<\/ul>\n<p><strong>W jakim celu b\u0119dziemy przetwarza\u0107 Pa\u0144stwa dane osobowe?<\/strong><\/p>\n<p>B\u0119d\u0105 one wykorzystywane w celu nawi\u0105zania kontaktu z potencjalnymi klientami, aby zaoferowa\u0107 Pa\u0144stwu produkty lub us\u0142ugi zwi\u0105zane z nieruchomo\u015bciami.<\/p>\n<p><strong>Jak d\u0142ugo b\u0119dziemy przechowywa\u0107 Pa\u0144stwa dane osobowe?<\/strong><\/p>\n<p>B\u0119d\u0105 one przechowywane dop\u00f3ki nie wycofaj\u0105 Pa\u0144stwo swojej zgody na otrzymywanie tego rodzaju powiadomie\u0144 handlowych lub informacyjnych, a po jej odwo\u0142aniu mog\u0105 zosta\u0107 odpowiednio \u201ezablokowane\u201d do momentu przedawnienia odpowiedzialno\u015bci, wynikaj\u0105cej z przetwarzania danych, przez okres nie d\u0142u\u017cszy ni\u017c 3 lata.<\/p>\n<p><strong>Jaka jest podstawa prawna przetwarzania Pa\u0144stwa danych osobowych?<\/strong><\/p>\n<p>Zgoda osoby zainteresowanej.<\/p>\n<p><strong>Czy istnieje obowi\u0105zek udost\u0119pniania danych osobowych?<\/strong><\/p>\n<p>Stanowi to warunek otrzymywania informacji.<\/p>\n<p><strong>Jakie s\u0105 konsekwencje odmowy ich udost\u0119pnienia?<\/strong><\/p>\n<p>Brak mo\u017cliwo\u015bci przekazania Pa\u0144stwu informacji.<\/p>\n<p><strong>Czy b\u0119dziemy przekazywa\u0107 Pa\u0144stwa dane osobowe?<\/strong><\/p>\n<p>Mog\u0105 one by\u0107 przekazywane (ale nie przenoszone) do sp\u00f3\u0142ek wchodz\u0105cych w sk\u0142ad naszej grupy biznesowej w celu umo\u017cliwienia w\u0142a\u015bciwego zarz\u0105dzania informacjami dotycz\u0105cymi naszych produkt\u00f3w lub us\u0142ug w wyniku centralizacji dzia\u0142u handlowego w ramach grupy na podstawie uzasadnionego interesu odpowiedzialnego za nie podmiotu.<\/p>\n<p><strong>Jakie prawa przys\u0142uguj\u0105 u\u017cytkownikowi po przekazaniu nam swoich danych osobowych?<\/strong><\/p>\n<p>Prawo dost\u0119pu: u\u017cytkownik ma prawo wiedzie\u0107, czy jego dane s\u0105 przetwarzane oraz otrzyma\u0107 odpowiednie potwierdzenie na pi\u015bmie przes\u0142ane we wskazany przez niego spos\u00f3b.<\/p>\n<p>Prawo do sprostowania danych: u\u017cytkownik ma prawo za\u017c\u0105da\u0107 sprostowania swoich danych, je\u015bli s\u0105 one niedok\u0142adne lub niekompletne.\n<\/p>\n<p>Mo\u017ce r\u00f3wnie\u017c zwr\u00f3ci\u0107 si\u0119 o usuni\u0119cie swoich danych, nale\u017cy jednak pami\u0119ta\u0107, \u017ce prawo to jest ograniczone w sytuacji, gdy istnieje prawny obowi\u0105zek ich zachowania lub zablokowania.<\/p>\n<p>W pewnych okoliczno\u015bciach osoby zainteresowane mog\u0105 za\u017c\u0105da\u0107 ograniczenia przetwarzania swoich danych; w takim przypadku b\u0119d\u0105 one przechowywane wy\u0142\u0105cznie w celu dochodzenia lub obrony roszcze\u0144, ochrony os\u00f3b trzecich lub ze wzgl\u0119du na istotny interes publiczny.\n<\/p>\n<p>W okre\u015blonych sytuacjach i z powod\u00f3w wynikaj\u0105cych ze szczeg\u00f3lnych okoliczno\u015bci mo\u017cna sprzeciwi\u0107 si\u0119 przetwarzaniu swoich danych. W tym przypadku, administrator zaprzestanie przetwarzania danych z wyj\u0105tkiem wa\u017cnych i uzasadnionych powod\u00f3w lub w celu dochodzenia lub obrony roszcze\u0144.<\/p>\n<p>Je\u015bli przetwarzanie danych odbywa si\u0119 na podstawie zgody b\u0105d\u017a jest niezb\u0119dne do wykonania umowy w\u0142a\u015bciwej lub przedwst\u0119pnej i odbywa si\u0119 w spos\u00f3b zautomatyzowany, przys\u0142uguje Pa\u0144stwu prawo do przeniesienia danych, tj. do otrzymania ich w ustrukturyzowanym, powszechnie u\u017cywanym formacie nadaj\u0105cym si\u0119 do odczytu maszynowego, przy czym mog\u0105 by\u0107 one r\u00f3wnie\u017c przekazane nowemu administratorowi.\n<\/p>\n<p>Ka\u017cda zainteresowana osoba mo\u017ce z\u0142o\u017cy\u0107 skarg\u0119 do w\u0142a\u015bciwego organu nadzorczego ochrony danych osobowych, zw\u0142aszcza w przypadku niesatysfakcjonuj\u0105cego j\u0105 korzystania ze swoich praw, kieruj\u0105c pismo do Hiszpa\u0144skiej Agencji Ochrony Danych Osobowych pod adres: C\/ Jorge Juan n.\u00ba 6, 28001 Madryt lub za po\u015brednictwem jej portalu elektronicznego na stronie www.agpd.es.\n <\/p>\n<p>Wzory wniosk\u00f3w o skorzystanie z przys\u0142uguj\u0105cych praw udost\u0119pnione s\u0105 w sekcji Polityka prywatno\u015bci \/ Prawa na naszej stronie internetowej. Mo\u017cna r\u00f3wnie\u017c zwr\u00f3ci\u0107 si\u0119 o nie na pi\u015bmie do administratora danych, a tak\u017ce uzyska\u0107 je w elektronicznej siedzibie organu nadzorczego pod adresem: www.agpd.es. Wnioski nale\u017cy przesy\u0142a\u0107 na adres pocztowy lub elektroniczny administratora danych.<\/p>\n<\/div>\n<\/section>\n","protected":false},"excerpt":{"rendered":"<p>PRZETWARZANIE DANYCH POCHODZ\u0104CYCH Z REJESTRACJI W WITRYNIE W naszym uzasadnionym interesie ujednolicili\u015bmy zasady ochrony prywatno\u015bci i danych osobowych w firmach grupy TM Real Estate Group, z kt\u00f3r\u0105 mo\u017cna si\u0119 kontaktowa\u0107 w ka\u017cdej sprawie zwi\u0105zanej z powy\u017csz\u0105 kwesti\u0105, wskazuj\u0105c jej sp\u00f3\u0142k\u0119 przechowuj\u0105c\u0105 i przetwarzaj\u0105c\u0105 okre\u015blone informacje o charakterze osobowym (w Nocie prawnej mo\u017cna znale\u017a\u0107 informacje o [&hellip;]<\/p>\n","protected":false},"author":2,"featured_media":0,"parent":12811,"menu_order":0,"comment_status":"closed","ping_status":"closed","template":"","meta":{"footnotes":""},"class_list":["post-12963","page","type-page","status-publish","hentry"],"better_featured_image":null,"acf":[],"yoast_head":"<!-- This site is optimized with the Yoast SEO Premium plugin v23.6 (Yoast SEO v27.3) - https:\/\/yoast.com\/product\/yoast-seo-premium-wordpress\/ -->\n<title>WEB REGISTRATION PROCESSING ACTIVITY - Polski<\/title>\n<meta name=\"robots\" content=\"index, follow, max-snippet:-1, max-image-preview:large, max-video-preview:-1\" \/>\n<link rel=\"canonical\" href=\"https:\/\/blog.tmgrupoinmobiliario.com\/pl\/politica-de-privacidad\/web-registration-processing-activity\/\" \/>\n<meta property=\"og:locale\" content=\"pl_PL\" \/>\n<meta property=\"og:type\" content=\"article\" \/>\n<meta property=\"og:title\" content=\"WEB REGISTRATION PROCESSING ACTIVITY\" \/>\n<meta property=\"og:description\" content=\"PRZETWARZANIE DANYCH POCHODZ\u0104CYCH Z REJESTRACJI W WITRYNIE W naszym uzasadnionym interesie ujednolicili\u015bmy zasady ochrony prywatno\u015bci i danych osobowych w firmach grupy TM Real Estate Group, z kt\u00f3r\u0105 mo\u017cna si\u0119 kontaktowa\u0107 w ka\u017cdej sprawie zwi\u0105zanej z powy\u017csz\u0105 kwesti\u0105, wskazuj\u0105c jej sp\u00f3\u0142k\u0119 przechowuj\u0105c\u0105 i przetwarzaj\u0105c\u0105 okre\u015blone informacje o charakterze osobowym (w Nocie prawnej mo\u017cna znale\u017a\u0107 informacje o [&hellip;]\" \/>\n<meta property=\"og:url\" content=\"https:\/\/blog.tmgrupoinmobiliario.com\/pl\/politica-de-privacidad\/web-registration-processing-activity\/\" \/>\n<meta property=\"og:site_name\" content=\"Polski\" \/>\n<meta property=\"article:modified_time\" content=\"2025-08-23T18:00:52+00:00\" \/>\n<meta name=\"twitter:card\" content=\"summary_large_image\" \/>\n<meta name=\"twitter:label1\" content=\"Szacowany czas czytania\" \/>\n\t<meta name=\"twitter:data1\" content=\"4 minuty\" \/>\n<script type=\"application\/ld+json\" class=\"yoast-schema-graph\">{\"@context\":\"https:\\\/\\\/schema.org\",\"@graph\":[{\"@type\":\"WebPage\",\"@id\":\"https:\\\/\\\/blog.tmgrupoinmobiliario.com\\\/pl\\\/politica-de-privacidad\\\/web-registration-processing-activity\\\/\",\"url\":\"https:\\\/\\\/blog.tmgrupoinmobiliario.com\\\/pl\\\/politica-de-privacidad\\\/web-registration-processing-activity\\\/\",\"name\":\"WEB REGISTRATION PROCESSING ACTIVITY - Polski\",\"isPartOf\":{\"@id\":\"https:\\\/\\\/blog.tmgrupoinmobiliario.com\\\/pl\\\/#website\"},\"datePublished\":\"2018-11-19T18:16:41+00:00\",\"dateModified\":\"2025-08-23T18:00:52+00:00\",\"breadcrumb\":{\"@id\":\"https:\\\/\\\/blog.tmgrupoinmobiliario.com\\\/pl\\\/politica-de-privacidad\\\/web-registration-processing-activity\\\/#breadcrumb\"},\"inLanguage\":\"pl-PL\",\"potentialAction\":[{\"@type\":\"ReadAction\",\"target\":[\"https:\\\/\\\/blog.tmgrupoinmobiliario.com\\\/pl\\\/politica-de-privacidad\\\/web-registration-processing-activity\\\/\"]}]},{\"@type\":\"BreadcrumbList\",\"@id\":\"https:\\\/\\\/blog.tmgrupoinmobiliario.com\\\/pl\\\/politica-de-privacidad\\\/web-registration-processing-activity\\\/#breadcrumb\",\"itemListElement\":[{\"@type\":\"ListItem\",\"position\":1,\"name\":\"Home\",\"item\":\"https:\\\/\\\/blog.tmgrupoinmobiliario.com\\\/pl\\\/\"},{\"@type\":\"ListItem\",\"position\":2,\"name\":\"Politica de privacidad\",\"item\":\"https:\\\/\\\/blog.tmgrupoinmobiliario.com\\\/pl\\\/politica-de-privacidad\\\/\"},{\"@type\":\"ListItem\",\"position\":3,\"name\":\"WEB REGISTRATION PROCESSING ACTIVITY\"}]},{\"@type\":\"WebSite\",\"@id\":\"https:\\\/\\\/blog.tmgrupoinmobiliario.com\\\/pl\\\/#website\",\"url\":\"https:\\\/\\\/blog.tmgrupoinmobiliario.com\\\/pl\\\/\",\"name\":\"Polski\",\"description\":\"Just another Blog Desarrollo TM sitios site\",\"potentialAction\":[{\"@type\":\"SearchAction\",\"target\":{\"@type\":\"EntryPoint\",\"urlTemplate\":\"https:\\\/\\\/blog.tmgrupoinmobiliario.com\\\/pl\\\/?s={search_term_string}\"},\"query-input\":{\"@type\":\"PropertyValueSpecification\",\"valueRequired\":true,\"valueName\":\"search_term_string\"}}],\"inLanguage\":\"pl-PL\"}]}<\/script>\n<!-- \/ Yoast SEO Premium plugin. -->","yoast_head_json":{"title":"WEB REGISTRATION PROCESSING ACTIVITY - Polski","robots":{"index":"index","follow":"follow","max-snippet":"max-snippet:-1","max-image-preview":"max-image-preview:large","max-video-preview":"max-video-preview:-1"},"canonical":"https:\/\/blog.tmgrupoinmobiliario.com\/pl\/politica-de-privacidad\/web-registration-processing-activity\/","og_locale":"pl_PL","og_type":"article","og_title":"WEB REGISTRATION PROCESSING ACTIVITY","og_description":"PRZETWARZANIE DANYCH POCHODZ\u0104CYCH Z REJESTRACJI W WITRYNIE W naszym uzasadnionym interesie ujednolicili\u015bmy zasady ochrony prywatno\u015bci i danych osobowych w firmach grupy TM Real Estate Group, z kt\u00f3r\u0105 mo\u017cna si\u0119 kontaktowa\u0107 w ka\u017cdej sprawie zwi\u0105zanej z powy\u017csz\u0105 kwesti\u0105, wskazuj\u0105c jej sp\u00f3\u0142k\u0119 przechowuj\u0105c\u0105 i przetwarzaj\u0105c\u0105 okre\u015blone informacje o charakterze osobowym (w Nocie prawnej mo\u017cna znale\u017a\u0107 informacje o [&hellip;]","og_url":"https:\/\/blog.tmgrupoinmobiliario.com\/pl\/politica-de-privacidad\/web-registration-processing-activity\/","og_site_name":"Polski","article_modified_time":"2025-08-23T18:00:52+00:00","twitter_card":"summary_large_image","twitter_misc":{"Szacowany czas czytania":"4 minuty"},"schema":{"@context":"https:\/\/schema.org","@graph":[{"@type":"WebPage","@id":"https:\/\/blog.tmgrupoinmobiliario.com\/pl\/politica-de-privacidad\/web-registration-processing-activity\/","url":"https:\/\/blog.tmgrupoinmobiliario.com\/pl\/politica-de-privacidad\/web-registration-processing-activity\/","name":"WEB REGISTRATION PROCESSING ACTIVITY - Polski","isPartOf":{"@id":"https:\/\/blog.tmgrupoinmobiliario.com\/pl\/#website"},"datePublished":"2018-11-19T18:16:41+00:00","dateModified":"2025-08-23T18:00:52+00:00","breadcrumb":{"@id":"https:\/\/blog.tmgrupoinmobiliario.com\/pl\/politica-de-privacidad\/web-registration-processing-activity\/#breadcrumb"},"inLanguage":"pl-PL","potentialAction":[{"@type":"ReadAction","target":["https:\/\/blog.tmgrupoinmobiliario.com\/pl\/politica-de-privacidad\/web-registration-processing-activity\/"]}]},{"@type":"BreadcrumbList","@id":"https:\/\/blog.tmgrupoinmobiliario.com\/pl\/politica-de-privacidad\/web-registration-processing-activity\/#breadcrumb","itemListElement":[{"@type":"ListItem","position":1,"name":"Home","item":"https:\/\/blog.tmgrupoinmobiliario.com\/pl\/"},{"@type":"ListItem","position":2,"name":"Politica de privacidad","item":"https:\/\/blog.tmgrupoinmobiliario.com\/pl\/politica-de-privacidad\/"},{"@type":"ListItem","position":3,"name":"WEB REGISTRATION PROCESSING ACTIVITY"}]},{"@type":"WebSite","@id":"https:\/\/blog.tmgrupoinmobiliario.com\/pl\/#website","url":"https:\/\/blog.tmgrupoinmobiliario.com\/pl\/","name":"Polski","description":"Just another Blog Desarrollo TM sitios site","potentialAction":[{"@type":"SearchAction","target":{"@type":"EntryPoint","urlTemplate":"https:\/\/blog.tmgrupoinmobiliario.com\/pl\/?s={search_term_string}"},"query-input":{"@type":"PropertyValueSpecification","valueRequired":true,"valueName":"search_term_string"}}],"inLanguage":"pl-PL"}]}},"jetpack_sharing_enabled":true,"_links":{"self":[{"href":"https:\/\/blog.tmgrupoinmobiliario.com\/pl\/wp-json\/wp\/v2\/pages\/12963","targetHints":{"allow":["GET"]}}],"collection":[{"href":"https:\/\/blog.tmgrupoinmobiliario.com\/pl\/wp-json\/wp\/v2\/pages"}],"about":[{"href":"https:\/\/blog.tmgrupoinmobiliario.com\/pl\/wp-json\/wp\/v2\/types\/page"}],"author":[{"embeddable":true,"href":"https:\/\/blog.tmgrupoinmobiliario.com\/pl\/wp-json\/wp\/v2\/users\/2"}],"replies":[{"embeddable":true,"href":"https:\/\/blog.tmgrupoinmobiliario.com\/pl\/wp-json\/wp\/v2\/comments?post=12963"}],"version-history":[{"count":3,"href":"https:\/\/blog.tmgrupoinmobiliario.com\/pl\/wp-json\/wp\/v2\/pages\/12963\/revisions"}],"predecessor-version":[{"id":19600,"href":"https:\/\/blog.tmgrupoinmobiliario.com\/pl\/wp-json\/wp\/v2\/pages\/12963\/revisions\/19600"}],"up":[{"embeddable":true,"href":"https:\/\/blog.tmgrupoinmobiliario.com\/pl\/wp-json\/wp\/v2\/pages\/12811"}],"wp:attachment":[{"href":"https:\/\/blog.tmgrupoinmobiliario.com\/pl\/wp-json\/wp\/v2\/media?parent=12963"}],"curies":[{"name":"wp","href":"https:\/\/api.w.org\/{rel}","templated":true}]}}