{"id":9,"date":"2018-08-13T16:26:05","date_gmt":"2018-08-13T14:26:05","guid":{"rendered":"https:\/\/blog.tmgrupoinmobiliario.com\/?page_id=9"},"modified":"2024-11-27T17:20:39","modified_gmt":"2024-11-27T16:20:39","slug":"promociones-en-espana","status":"publish","type":"page","link":"https:\/\/blog.tmgrupoinmobiliario.com\/fr\/lineas-de-negocio\/promociones-en-espana\/","title":{"rendered":"Promociones en espa\u00f1a"},"content":{"rendered":"<nav class=\"static-nav inline-nav lineas-nav locked\">\n<ul>\n<li><a class=\"active\" href=\"\/fr\/nos-activites-immobilieres\/promotions-immobilieres-au-spagne\">Nos biens immobiliers en Espagne<\/a><\/li>\n<li><a href=\"\/fr\/nos-activites-immobilieres\/promotions-immobilieres-au-mexico\">Nos biens immobiliers au Mexique<\/a><\/li>\n<li><a href=\"\/fr\/nos-activites-immobilieres\/hotels-au-mexico\">Nos h\u00f4tels au Mexique <\/a><\/li>\n<li><a href=\"\/fr\/nos-activites-immobilieres\/diversification\">Nos autres projets <\/a><\/li>\n<\/ul>\n<p>    <button class=\"toggle-static-nav\">menu <i class=\"far fa-caret-square-down\"><\/i><\/button><br \/>\n    <\/nav>\n<section class=\"promotion-gallery-fullscreen lineas-gallery\" id=\"main\">\n<div class=\"promotion-header\">\n<div>\n    <span class=\"promotion-header-title\">Nos biens immobiliers en Espagne<\/span><\/p>\n<div class=\"shader\"><\/div>\n<p>    <img decoding=\"async\" src=\"https:\/\/www.tmgrupoinmobiliario.com\/blog\/wp-content\/uploads\/2020\/04\/SIDI_1920x540px.jpg\" alt=\"\" \/>\n    <\/div>\n<\/p><\/div>\n<\/section>\n<section class=\"lineas-de-negocio section\">\n<div class=\"container mw-1200\">\n<h2 class=\"section-title static-title\"><span>Nos biens immobiliers en Espagne<\/span><\/h2>\n<p class=\"fs-16\">L\u2019activit\u00e9 principale de TM Real Estate Group est la construction, la promotion et la commercialisation de grandes r\u00e9sidences situ\u00e9es sur la c\u00f4te m\u00e9diterran\u00e9enne et proposant un concept global de mode de vie bas\u00e9 sur une implantation strat\u00e9gique, une conception innovante et \u00e9l\u00e9gante, des produits et des mat\u00e9riaux de qualit\u00e9, un vaste choix de produits et de services exceptionnels et uniques sur le march\u00e9, ainsi qu\u2019un service client\u00e8le et apr\u00e8s-vente exclusif. <\/p>\n<p class=\"text-center download-rsc\"><a href=\"\/es\/promociones-inmobiliarias\" class=\"btn btn-outlined\">D\u00e9couvrez nos r\u00e9sidences<\/a><\/p>\n<\/p><\/div>\n<\/section>\n<section class=\"section proceso-tm lineas-de-actuacion background-gray-lighter\">\n<div class=\"container mw-1200\">\n<h2 class=\"section-title static-title\"><span>Le processus TM<\/span><\/h2>\n<p class=\"fs-16\">Nous disposons de notre propre structure de gestion de l\u2019activit\u00e9 de promotion immobili\u00e8re gr\u00e2ce \u00e0 laquelle nous pouvons contr\u00f4ler l\u2019ensemble du processus immobilier : de l\u2019acquisition du terrain situ\u00e9 sur un emplacement privil\u00e9gi\u00e9, en passant par l\u2019\u00e9laboration et la conception int\u00e9grales du projet, la construction et la livraison du logement au client, et jusqu\u2019\u00e0 un service unique d\u2019accompagnement et apr\u00e8s-vente.<\/p>\n<div class=\"lineas-de-actuacion--holder\">\n<div class=\"lineas-de-actuacion--item\">\n<figure class=\"lineas-de-actuacion--img\"><img decoding=\"async\" src=\"\/img\/proceso-suelo.jpg\" \/><\/figure>\n<div class=\"lineas-de-actuacion--data\">\n<h3 class=\"lineas-de-actuacion--title\">Terrain<\/h3>\n<p class=\"lineas-de-actuacion--programs\"><strong>Le choix des meilleurs emplacements est une priorit\u00e9<\/strong><\/p>\n<ul>\n<li>Nous sommes conscients de l\u2019importance de l\u2019environnement et de l\u2019emplacement de nos r\u00e9sidences. Nous participons activement \u00e0 la gestion et \u00e0 l\u2019am\u00e9nagement du terrain, ainsi qu\u2019\u00e0 la planification urbaine afin de proposer une r\u00e9sidence unique.<\/li>\n<\/ul><\/div>\n<\/p><\/div>\n<div class=\"lineas-de-actuacion--item\">\n<figure class=\"lineas-de-actuacion--img\"><img decoding=\"async\" src=\"\/img\/proceso-diseno.jpg\" \/><\/figure>\n<div class=\"lineas-de-actuacion--data\">\n<h3 class=\"lineas-de-actuacion--title\">Conception <\/h3>\n<p class=\"lineas-de-actuacion--programs\"><strong>Nous axons la conception sur le client, obtenant ainsi un taux de satisfaction sup\u00e9rieur \u00e0 90 %<\/strong><\/p>\n<ul>\n<li>Nous organisons des groupes de discussion afin de conna\u00eetre les pr\u00e9f\u00e9rences des march\u00e9s les plus significatifs.<\/li>\n<li>Nous mettons en place des concours d\u2019id\u00e9es afin de parvenir \u00e0 une conception exceptionnelle qui accentue le caract\u00e8re unique d\u2019une exp\u00e9rience de vie dans une promotion immobili\u00e8re TM.<\/li>\n<li>Au niveau de la conception, nous misons tant sur l\u2019architecture que sur l\u2019int\u00e9rieur des logements, ainsi que sur les \u00e9quipements de nos r\u00e9sidences.<\/li>\n<\/ul><\/div>\n<\/p><\/div>\n<div class=\"lineas-de-actuacion--item\">\n<figure class=\"lineas-de-actuacion--img\"><img decoding=\"async\" src=\"\/img\/proceso-imasd.jpg\" \/><\/figure>\n<div class=\"lineas-de-actuacion--data\">\n<h3 class=\"lineas-de-actuacion--title\">R&#038;D et qualit\u00e9 <\/h3>\n<p class=\"lineas-de-actuacion--programs\"><strong>Pour TM, innovation et am\u00e9lioration continue vont de pair<\/strong><\/p>\n<ul>\n<li>L\u2019innovation et le d\u00e9veloppement sont les \u00e9l\u00e9ments cl\u00e9s de nos projets. <\/li>\n<li>Notre laboratoire analyse la pertinence technique et commerciale, et il \u00e9tudie de nouvelles m\u00e9thodes et de nouveaux mat\u00e9riaux, en organisant la construction de fa\u00e7on \u00e0 augmenter la performance et am\u00e9liorer la qualit\u00e9.<\/li>\n<\/ul><\/div>\n<\/p><\/div>\n<div class=\"lineas-de-actuacion--item\">\n<figure class=\"lineas-de-actuacion--img\"><img decoding=\"async\" src=\"https:\/\/www.tmgrupoinmobiliario.com\/blog\/wp-content\/uploads\/2018\/09\/proceso-comercializacion.jpg\" \/><\/figure>\n<div class=\"lineas-de-actuacion--data\">\n<h3 class=\"lineas-de-actuacion--title\">Commercialisation<\/h3>\n<p class=\"lineas-de-actuacion--programs\"><strong>Service client 24\/7<\/strong><\/p>\n<ul>\n<li>Nous disposons de notre propre r\u00e9seau d\u2019agents immobiliers qui vous recevront dans nos agences tous les jours de la semaine, y compris les jours f\u00e9ri\u00e9s, sur une plage horaire \u00e9tendue. Vous pourrez visiter les appartements et vous tenir inform\u00e9s de l\u2019ensemble du processus de vente. <\/li>\n<li>Notre vaste r\u00e9seau d\u2019agents intervient sur les march\u00e9s internationaux.<\/li>\n<\/ul><\/div>\n<\/p><\/div>\n<div class=\"lineas-de-actuacion--item\">\n<figure class=\"lineas-de-actuacion--img\"><img decoding=\"async\" src=\"\/img\/proceso-construccion.jpg\" \/><\/figure>\n<div class=\"lineas-de-actuacion--data\">\n<h3 class=\"lineas-de-actuacion--title\">Construction<\/h3>\n<p class=\"lineas-de-actuacion--programs\"><strong>Nous r\u00e9alisons chaque phase du processus de construction<\/strong><\/p>\n<ul>\n<li>Nos propres \u00e9quipes dirigent et contr\u00f4lent l\u2019ensemble du processus de chacun de nos projets, de la premi\u00e8re \u00e0 la derni\u00e8re phase. <\/li>\n<li>Cette gestion globale de la phase de construction constitue l\u2019une de nos principales forces, nous permettant de garantir une qualit\u00e9 et une s\u00e9curit\u00e9 optimales concernant la construction de nos r\u00e9sidences, en simplifiant les processus afin de proposer le meilleur produit au client<\/li>\n<\/ul><\/div>\n<\/p><\/div>\n<div class=\"lineas-de-actuacion--item\">\n<figure class=\"lineas-de-actuacion--img\"><img decoding=\"async\" src=\"\/img\/proceso-personalizacion.jpg\" \/><\/figure>\n<div class=\"lineas-de-actuacion--data\">\n<h3 class=\"lineas-de-actuacion--title\">Personnalisation<\/h3>\n<p class=\"lineas-de-actuacion--programs\"><strong>Des logements uniques pour des clients uniques<\/strong><\/p>\n<ul>\n<li>Nous proposons des options de finitions permettant plus de 50 combinaisons diff\u00e9rentes.<\/li>\n<li>Notre service de personnalisation traite toutes les demandes pour que chaque logement soit unique.<\/li>\n<li>Avec l\u2019aide des meilleurs architectes d\u2019int\u00e9rieur, nous cr\u00e9ons au minimum deux collections de mobilier, textile, \u00e9clairage, \u00e9lectrom\u00e9nager et service de table pour tous ceux qui recherchent un logement enti\u00e8rement \u00e9quip\u00e9 cl\u00e9 en main.<\/li>\n<\/ul><\/div>\n<\/p><\/div>\n<div class=\"lineas-de-actuacion--item\">\n<figure class=\"lineas-de-actuacion--img\"><img decoding=\"async\" src=\"https:\/\/www.tmgrupoinmobiliario.com\/blog\/wp-content\/uploads\/2020\/04\/Proc-eso-TM-Att-cliente.jpg\" \/><\/figure>\n<div class=\"lineas-de-actuacion--data\">\n<h3 class=\"lineas-de-actuacion--title\">Service client, apr\u00e8s-vente et fid\u00e9lit\u00e9<\/h3>\n<p class=\"lineas-de-actuacion--programs\"><strong>Notre valeur exclusive<\/strong><\/p>\n<ul>\n<li>Nous accompagnons l\u2019acqu\u00e9reur d\u00e8s la remise des cl\u00e9s, en proposant un service client personnalis\u00e9, un suivi et un conseil global pour chaque aspect de son nouveau logement.<\/li>\n<li>Nous proposons la meilleure solution pour chaque exigence : de la r\u00e9solution de tout incident concernant le logement, \u00e0 la gestion globale de nombreux services allant du nettoyage et de la maintenance \u00e0 l\u2019entretien des jardins et piscines, la garde des cl\u00e9s et un large \u00e9ventail de services \u00e0 la carte.<\/li>\n<li>Nous disposons d\u2019agences ouvertes sur une plage horaire \u00e9tendue et d\u2019une ligne t\u00e9l\u00e9phonique d\u00e9di\u00e9e aux propri\u00e9taires ainsi qu\u2019\u00e0 notre r\u00e9seau priv\u00e9 de clients.<\/li>\n<\/ul><\/div>\n<\/p><\/div>\n<\/p><\/div>\n<\/p><\/div>\n<\/section>\n","protected":false},"excerpt":{"rendered":"<p>Nos biens immobiliers en Espagne Nos biens immobiliers au Mexique Nos h\u00f4tels au Mexique Nos autres projets menu Nos biens immobiliers en Espagne Nos biens immobiliers en Espagne L\u2019activit\u00e9 principale de TM Real Estate Group est la construction, la promotion et la commercialisation de grandes r\u00e9sidences situ\u00e9es sur la c\u00f4te m\u00e9diterran\u00e9enne et proposant un concept [&hellip;]<\/p>\n","protected":false},"author":2,"featured_media":0,"parent":7,"menu_order":1,"comment_status":"closed","ping_status":"closed","template":"","meta":{"footnotes":""},"class_list":["post-9","page","type-page","status-publish","hentry"],"better_featured_image":null,"acf":[],"yoast_head":"<!-- This site is optimized with the Yoast SEO Premium plugin v23.6 (Yoast SEO v27.4) - https:\/\/yoast.com\/product\/yoast-seo-premium-wordpress\/ -->\n<title>Promociones en espa\u00f1a - Francais<\/title>\n<meta name=\"robots\" content=\"index, follow, max-snippet:-1, max-image-preview:large, max-video-preview:-1\" \/>\n<link rel=\"canonical\" href=\"https:\/\/blog.tmgrupoinmobiliario.com\/fr\/lineas-de-negocio\/promociones-en-espana\/\" \/>\n<meta property=\"og:locale\" content=\"fr_FR\" \/>\n<meta property=\"og:type\" content=\"article\" \/>\n<meta property=\"og:title\" content=\"Promociones en espa\u00f1a\" \/>\n<meta property=\"og:description\" content=\"Nos biens immobiliers en Espagne Nos biens immobiliers au Mexique Nos h\u00f4tels au Mexique Nos autres projets menu Nos biens immobiliers en Espagne Nos biens immobiliers en Espagne L\u2019activit\u00e9 principale de TM Real Estate Group est la construction, la promotion et la commercialisation de grandes r\u00e9sidences situ\u00e9es sur la c\u00f4te m\u00e9diterran\u00e9enne et proposant un concept [&hellip;]\" \/>\n<meta property=\"og:url\" content=\"https:\/\/blog.tmgrupoinmobiliario.com\/fr\/lineas-de-negocio\/promociones-en-espana\/\" \/>\n<meta property=\"og:site_name\" content=\"Francais\" \/>\n<meta property=\"article:modified_time\" content=\"2024-11-27T16:20:39+00:00\" \/>\n<meta property=\"og:image\" content=\"https:\/\/www.tmgrupoinmobiliario.com\/blog\/wp-content\/uploads\/2020\/04\/SIDI_1920x540px.jpg\" \/>\n<meta name=\"twitter:card\" content=\"summary_large_image\" \/>\n<meta name=\"twitter:label1\" content=\"Dur\u00e9e de lecture estim\u00e9e\" \/>\n\t<meta name=\"twitter:data1\" content=\"5 minutes\" \/>\n<script type=\"application\/ld+json\" class=\"yoast-schema-graph\">{\"@context\":\"https:\\\/\\\/schema.org\",\"@graph\":[{\"@type\":\"WebPage\",\"@id\":\"https:\\\/\\\/blog.tmgrupoinmobiliario.com\\\/fr\\\/lineas-de-negocio\\\/promociones-en-espana\\\/\",\"url\":\"https:\\\/\\\/blog.tmgrupoinmobiliario.com\\\/fr\\\/lineas-de-negocio\\\/promociones-en-espana\\\/\",\"name\":\"Promociones en espa\u00f1a - Francais\",\"isPartOf\":{\"@id\":\"https:\\\/\\\/blog.tmgrupoinmobiliario.com\\\/fr\\\/#website\"},\"primaryImageOfPage\":{\"@id\":\"https:\\\/\\\/blog.tmgrupoinmobiliario.com\\\/fr\\\/lineas-de-negocio\\\/promociones-en-espana\\\/#primaryimage\"},\"image\":{\"@id\":\"https:\\\/\\\/blog.tmgrupoinmobiliario.com\\\/fr\\\/lineas-de-negocio\\\/promociones-en-espana\\\/#primaryimage\"},\"thumbnailUrl\":\"https:\\\/\\\/www.tmgrupoinmobiliario.com\\\/blog\\\/wp-content\\\/uploads\\\/2020\\\/04\\\/SIDI_1920x540px.jpg\",\"datePublished\":\"2018-08-13T14:26:05+00:00\",\"dateModified\":\"2024-11-27T16:20:39+00:00\",\"breadcrumb\":{\"@id\":\"https:\\\/\\\/blog.tmgrupoinmobiliario.com\\\/fr\\\/lineas-de-negocio\\\/promociones-en-espana\\\/#breadcrumb\"},\"inLanguage\":\"fr-FR\",\"potentialAction\":[{\"@type\":\"ReadAction\",\"target\":[\"https:\\\/\\\/blog.tmgrupoinmobiliario.com\\\/fr\\\/lineas-de-negocio\\\/promociones-en-espana\\\/\"]}]},{\"@type\":\"ImageObject\",\"inLanguage\":\"fr-FR\",\"@id\":\"https:\\\/\\\/blog.tmgrupoinmobiliario.com\\\/fr\\\/lineas-de-negocio\\\/promociones-en-espana\\\/#primaryimage\",\"url\":\"https:\\\/\\\/www.tmgrupoinmobiliario.com\\\/blog\\\/wp-content\\\/uploads\\\/2020\\\/04\\\/SIDI_1920x540px.jpg\",\"contentUrl\":\"https:\\\/\\\/www.tmgrupoinmobiliario.com\\\/blog\\\/wp-content\\\/uploads\\\/2020\\\/04\\\/SIDI_1920x540px.jpg\"},{\"@type\":\"BreadcrumbList\",\"@id\":\"https:\\\/\\\/blog.tmgrupoinmobiliario.com\\\/fr\\\/lineas-de-negocio\\\/promociones-en-espana\\\/#breadcrumb\",\"itemListElement\":[{\"@type\":\"ListItem\",\"position\":1,\"name\":\"Portada\",\"item\":\"https:\\\/\\\/blog.tmgrupoinmobiliario.com\\\/fr\\\/\"},{\"@type\":\"ListItem\",\"position\":2,\"name\":\"Lineas de Negocio\",\"item\":\"https:\\\/\\\/blog.tmgrupoinmobiliario.com\\\/fr\\\/lineas-de-negocio\\\/\"},{\"@type\":\"ListItem\",\"position\":3,\"name\":\"Promociones en espa\u00f1a\"}]},{\"@type\":\"WebSite\",\"@id\":\"https:\\\/\\\/blog.tmgrupoinmobiliario.com\\\/fr\\\/#website\",\"url\":\"https:\\\/\\\/blog.tmgrupoinmobiliario.com\\\/fr\\\/\",\"name\":\"Francais\",\"description\":\"Otro sitio m\u00e1s de Blog Desarrollo TM sitios\",\"potentialAction\":[{\"@type\":\"SearchAction\",\"target\":{\"@type\":\"EntryPoint\",\"urlTemplate\":\"https:\\\/\\\/blog.tmgrupoinmobiliario.com\\\/fr\\\/?s={search_term_string}\"},\"query-input\":{\"@type\":\"PropertyValueSpecification\",\"valueRequired\":true,\"valueName\":\"search_term_string\"}}],\"inLanguage\":\"fr-FR\"}]}<\/script>\n<!-- \/ Yoast SEO Premium plugin. -->","yoast_head_json":{"title":"Promociones en espa\u00f1a - Francais","robots":{"index":"index","follow":"follow","max-snippet":"max-snippet:-1","max-image-preview":"max-image-preview:large","max-video-preview":"max-video-preview:-1"},"canonical":"https:\/\/blog.tmgrupoinmobiliario.com\/fr\/lineas-de-negocio\/promociones-en-espana\/","og_locale":"fr_FR","og_type":"article","og_title":"Promociones en espa\u00f1a","og_description":"Nos biens immobiliers en Espagne Nos biens immobiliers au Mexique Nos h\u00f4tels au Mexique Nos autres projets menu Nos biens immobiliers en Espagne Nos biens immobiliers en Espagne L\u2019activit\u00e9 principale de TM Real Estate Group est la construction, la promotion et la commercialisation de grandes r\u00e9sidences situ\u00e9es sur la c\u00f4te m\u00e9diterran\u00e9enne et proposant un concept [&hellip;]","og_url":"https:\/\/blog.tmgrupoinmobiliario.com\/fr\/lineas-de-negocio\/promociones-en-espana\/","og_site_name":"Francais","article_modified_time":"2024-11-27T16:20:39+00:00","og_image":[{"url":"https:\/\/www.tmgrupoinmobiliario.com\/blog\/wp-content\/uploads\/2020\/04\/SIDI_1920x540px.jpg","type":"","width":"","height":""}],"twitter_card":"summary_large_image","twitter_misc":{"Dur\u00e9e de lecture estim\u00e9e":"5 minutes"},"schema":{"@context":"https:\/\/schema.org","@graph":[{"@type":"WebPage","@id":"https:\/\/blog.tmgrupoinmobiliario.com\/fr\/lineas-de-negocio\/promociones-en-espana\/","url":"https:\/\/blog.tmgrupoinmobiliario.com\/fr\/lineas-de-negocio\/promociones-en-espana\/","name":"Promociones en espa\u00f1a - Francais","isPartOf":{"@id":"https:\/\/blog.tmgrupoinmobiliario.com\/fr\/#website"},"primaryImageOfPage":{"@id":"https:\/\/blog.tmgrupoinmobiliario.com\/fr\/lineas-de-negocio\/promociones-en-espana\/#primaryimage"},"image":{"@id":"https:\/\/blog.tmgrupoinmobiliario.com\/fr\/lineas-de-negocio\/promociones-en-espana\/#primaryimage"},"thumbnailUrl":"https:\/\/www.tmgrupoinmobiliario.com\/blog\/wp-content\/uploads\/2020\/04\/SIDI_1920x540px.jpg","datePublished":"2018-08-13T14:26:05+00:00","dateModified":"2024-11-27T16:20:39+00:00","breadcrumb":{"@id":"https:\/\/blog.tmgrupoinmobiliario.com\/fr\/lineas-de-negocio\/promociones-en-espana\/#breadcrumb"},"inLanguage":"fr-FR","potentialAction":[{"@type":"ReadAction","target":["https:\/\/blog.tmgrupoinmobiliario.com\/fr\/lineas-de-negocio\/promociones-en-espana\/"]}]},{"@type":"ImageObject","inLanguage":"fr-FR","@id":"https:\/\/blog.tmgrupoinmobiliario.com\/fr\/lineas-de-negocio\/promociones-en-espana\/#primaryimage","url":"https:\/\/www.tmgrupoinmobiliario.com\/blog\/wp-content\/uploads\/2020\/04\/SIDI_1920x540px.jpg","contentUrl":"https:\/\/www.tmgrupoinmobiliario.com\/blog\/wp-content\/uploads\/2020\/04\/SIDI_1920x540px.jpg"},{"@type":"BreadcrumbList","@id":"https:\/\/blog.tmgrupoinmobiliario.com\/fr\/lineas-de-negocio\/promociones-en-espana\/#breadcrumb","itemListElement":[{"@type":"ListItem","position":1,"name":"Portada","item":"https:\/\/blog.tmgrupoinmobiliario.com\/fr\/"},{"@type":"ListItem","position":2,"name":"Lineas de Negocio","item":"https:\/\/blog.tmgrupoinmobiliario.com\/fr\/lineas-de-negocio\/"},{"@type":"ListItem","position":3,"name":"Promociones en espa\u00f1a"}]},{"@type":"WebSite","@id":"https:\/\/blog.tmgrupoinmobiliario.com\/fr\/#website","url":"https:\/\/blog.tmgrupoinmobiliario.com\/fr\/","name":"Francais","description":"Otro sitio m\u00e1s de Blog Desarrollo TM sitios","potentialAction":[{"@type":"SearchAction","target":{"@type":"EntryPoint","urlTemplate":"https:\/\/blog.tmgrupoinmobiliario.com\/fr\/?s={search_term_string}"},"query-input":{"@type":"PropertyValueSpecification","valueRequired":true,"valueName":"search_term_string"}}],"inLanguage":"fr-FR"}]}},"jetpack_sharing_enabled":true,"_links":{"self":[{"href":"https:\/\/blog.tmgrupoinmobiliario.com\/fr\/wp-json\/wp\/v2\/pages\/9","targetHints":{"allow":["GET"]}}],"collection":[{"href":"https:\/\/blog.tmgrupoinmobiliario.com\/fr\/wp-json\/wp\/v2\/pages"}],"about":[{"href":"https:\/\/blog.tmgrupoinmobiliario.com\/fr\/wp-json\/wp\/v2\/types\/page"}],"author":[{"embeddable":true,"href":"https:\/\/blog.tmgrupoinmobiliario.com\/fr\/wp-json\/wp\/v2\/users\/2"}],"replies":[{"embeddable":true,"href":"https:\/\/blog.tmgrupoinmobiliario.com\/fr\/wp-json\/wp\/v2\/comments?post=9"}],"version-history":[{"count":8,"href":"https:\/\/blog.tmgrupoinmobiliario.com\/fr\/wp-json\/wp\/v2\/pages\/9\/revisions"}],"predecessor-version":[{"id":20109,"href":"https:\/\/blog.tmgrupoinmobiliario.com\/fr\/wp-json\/wp\/v2\/pages\/9\/revisions\/20109"}],"up":[{"embeddable":true,"href":"https:\/\/blog.tmgrupoinmobiliario.com\/fr\/wp-json\/wp\/v2\/pages\/7"}],"wp:attachment":[{"href":"https:\/\/blog.tmgrupoinmobiliario.com\/fr\/wp-json\/wp\/v2\/media?parent=9"}],"curies":[{"name":"wp","href":"https:\/\/api.w.org\/{rel}","templated":true}]}}