{"id":21,"date":"2018-08-13T16:31:19","date_gmt":"2018-08-13T14:31:19","guid":{"rendered":"https:\/\/blog.tmgrupoinmobiliario.com\/?page_id=21"},"modified":"2022-12-09T16:54:48","modified_gmt":"2022-12-09T15:54:48","slug":"personas","status":"publish","type":"page","link":"https:\/\/blog.tmgrupoinmobiliario.com\/fr\/personas\/","title":{"rendered":"Personas"},"content":{"rendered":"<section class=\"promotion-gallery-fullscreen\" id=\"main\">\n<div class=\"promotion-header\">\n<div>\n<span class=\"promotion-header-title\">Les personnes sont le principal moteur <br \/>de notre projet d\u2019entreprise.<\/span><\/p>\n<div class=\"shader\"><\/div>\n<picture><source media=\"(max-width: 400px)\" srcset=\"\/img\/mobile-sobre-nosotros.jpg\"><source media=\"(min-width: 401px)\" srcset=\"\/img\/cabecera-personas.jpg\"><img decoding=\"async\" src=\"\/img\/cabecera-personas.jpg\" alt=\"\" \/>\n<\/picture>\n<\/div>\n<\/div>\n<\/section>\n<section id=\"main\" class=\"section no-pb\">\n<div class=\"container mw-1200\">\n<h2 class=\"section-title static-title\"><span>Nos employ\u00e9s<\/span><\/h2>\n<p class=\"fs-16\">Notre r\u00e9ussite est le r\u00e9sultat des efforts, de l\u2019\u00e9nergie et du savoir-faire de nos employ\u00e9s. Ils constituent l\u2019atout majeur de notre projet d\u2019entreprise et sont essentiels \u00e0 la r\u00e9alisation de nos objectifs et \u00e0 la r\u00e9ussite de l\u2019entreprise. Nous disposons d\u2019une importante \u00e9quipe hautement qualifi\u00e9e m\u00ealant jeunesse et exp\u00e9rience, gr\u00e2ce \u00e0 laquelle nous pouvons r\u00e9aliser des projets exigeants et satisfaire nos clients.<\/p>\n<ul class=\"keypoints-holder keypoints-personas\">\n<li><strong>+1.500<\/strong> <span>employ\u00e9s<\/span><\/li>\n<li><strong>+35<\/strong> <span>nationalit\u00e9s<\/span><\/li>\n<li><strong>+14.000<\/strong> <span>heures de formation<\/span><\/li>\n<li><strong>+35<\/strong> <span>formations dispens\u00e9es<\/span><\/li>\n<\/ul>\n<\/div>\n<\/section>\n<section class=\"section lineas-de-actuacion lineas-de-actuacion-porquetm background-gray-lighter\">\n<div class=\"container mw-1200\">\n<h2 class=\"section-title static-title\"><span>Pourquoi TM<\/span><\/h2>\n<p>TM s\u2019engage \u00e0 cr\u00e9er de la valeur \u00e9conomique, sociale et environnementale pour ses parties prenantes et pour les communaut\u00e9s dans lesquelles elle op\u00e8re, par la gestion d\u2019un mod\u00e8le d\u2019entreprise responsable qui est d\u00e9fini dans notre plan directeur.<\/p>\n<div class=\"lineas-de-actuacion--holder\">\n<div class=\"lineas-de-actuacion--item\">\n<div class=\"youtube-iframe\">\n\t\t<iframe loading=\"lazy\" class=\"ytb\" width=\"560\" height=\"330\" src=\"https:\/\/www.youtube.com\/embed\/cqgvxDTa41o\" title=\"YouTube video player\" \n    frameborder=\"0\" allow=\"accelerometer; autoplay; clipboard-write; encrypted-media; gyroscope; picture-in-picture\" allowfullscreen><\/iframe>\n\t\t<\/div>\n<div class=\"lineas-de-actuacion--data\">\n<h3 class=\"lineas-de-actuacion--title\">Plan Valor Empleado TM<\/h3>\n<p>    TM Real Estate Group souhaite que votre travail ajoute plus de valeur \u00e0 votre vie, et \u00e0 cette fin, nous avons d\u00e9velopp\u00e9 un plan de valeur qui vous offre plus d\u2019avenir, plus de flexibilit\u00e9 et plus d\u2019avantages.\n    <\/p><\/div>\n<\/p><\/div>\n<div class=\"lineas-de-actuacion--item\">\n<figure class=\"lineas-de-actuacion--img\"><img decoding=\"async\" src=\"https:\/\/static.tmgrupoinmobiliario.com\/files\/tm-mas-valor.jpg\" \/><\/figure>\n<div class=\"lineas-de-actuacion--data\">\n<h3 class=\"lineas-de-actuacion--title\">Formation et perfectionnement professionnel<\/h3>\n<p>Les personnes sont notre atout strat\u00e9gique. C\u2019est la raison pour laquelle le perfectionnement du savoir-faire est essentiel. Nous souhaitons notamment donner \u00e0 nos employ\u00e9s les moyens de se perfectionner au niveau professionnel afin d\u2019offrir un service de qualit\u00e9 exceptionnelle \u00e0 nos clients. En 2021 et en 2022, nous avons consacr\u00e9 14\u00a0000\u00a0heures \u00e0 la formation de nos employ\u00e9s.<\/p>\n<\/div>\n<\/div>\n<div class=\"lineas-de-actuacion--item\">\n<figure class=\"lineas-de-actuacion--img\"><img decoding=\"async\" src=\"https:\/\/static.tmgrupoinmobiliario.com\/files\/proyecto-estimulante-seccion-personas.jpg\" \/><\/figure>\n<div class=\"lineas-de-actuacion--data\">\n<h3 class=\"lineas-de-actuacion--title\">Int\u00e9gration dans un projet d\u2019entreprise stimulant<\/h3>\n<p>Nous favorisons un environnement o\u00f9 vous pouvez d\u00e9velopper votre talent et devenir un expert dans vos domaines de pr\u00e9dilection, en vous donnant le sentiment de participer pleinement \u00e0 un projet et en vous motivant pour collaborer \u00e0 un objectif commun.<\/p>\n<\/div>\n<\/div>\n<\/div>\n<\/div>\n<\/section>\n<section class=\"video-corporativo\">\n<div class=\"video-holder\">\n<img decoding=\"async\" src=\"\/img\/video-splash.jpg\" alt=\"\" \/>\n<\/div>\n<p><a data-fancybox=\"\" href=\"https:\/\/www.youtube.com\/watch?v=Cotactvbufc4&amp;feature=youtu.be\" class=\"btn btn-outlined\"><i class=\"far fa-lg fa-play-circle\"><\/i> Voir la vid\u00e9o sur l\u2019entreprise<\/a><br \/>\n<\/section>\n<section class=\"trabaja-con-nosotros\">\n<h2 class=\"section-title static-title\"><span>Offres d\u2019emploi<\/span><\/h2>\n<div class=\"container mw-1200\">\n<div id=\"ofertas-de-empleo-idiomas\" style=\"display: flex;width: 100%;flex-direction: row;\">\n<div class=\"trabaja-con-nosotros--item\">\n<a target=\"_blank\" href=\"https:\/\/www.infojobs.net\/tm-grupo-inmobiliario\/em-i98485151534250847732712012024861708439\" rel=\"noopener noreferrer\"><\/p>\n<figure>\n<img decoding=\"async\" src=\"\/img\/accede-a-ofertas.jpg\" class=\"card-image\" \/><figcaption>Consultez nos offres d\u2019emploi<\/figcaption><\/figure>\n<p><\/a>\n<\/div>\n<div class=\"trabaja-con-nosotros--item\">\n<a href=\"#work-form\"><\/p>\n<figure>\n<img decoding=\"async\" src=\"\/img\/envia-tu-cv.jpg\" class=\"card-image\" \/><figcaption>D\u00e9posez votre CV<\/figcaption><\/figure>\n<p><\/a>\n<\/div>\n<\/div>\n<\/div>\n<\/section>\n","protected":false},"excerpt":{"rendered":"<p>Les personnes sont le principal moteur de notre projet d\u2019entreprise. Nos employ\u00e9s Notre r\u00e9ussite est le r\u00e9sultat des efforts, de l\u2019\u00e9nergie et du savoir-faire de nos employ\u00e9s. Ils constituent l\u2019atout majeur de notre projet d\u2019entreprise et sont essentiels \u00e0 la r\u00e9alisation de nos objectifs et \u00e0 la r\u00e9ussite de l\u2019entreprise. Nous disposons d\u2019une importante \u00e9quipe [&hellip;]<\/p>\n","protected":false},"author":2,"featured_media":0,"parent":0,"menu_order":4,"comment_status":"closed","ping_status":"closed","template":"","meta":{"footnotes":""},"class_list":["post-21","page","type-page","status-publish","hentry"],"better_featured_image":null,"acf":[],"yoast_head":"<!-- This site is optimized with the Yoast SEO Premium plugin v23.6 (Yoast SEO v27.4) - https:\/\/yoast.com\/product\/yoast-seo-premium-wordpress\/ -->\n<title>Personas - Francais<\/title>\n<meta name=\"robots\" content=\"index, follow, max-snippet:-1, max-image-preview:large, max-video-preview:-1\" \/>\n<link rel=\"canonical\" href=\"https:\/\/blog.tmgrupoinmobiliario.com\/fr\/personas\/\" \/>\n<meta property=\"og:locale\" content=\"fr_FR\" \/>\n<meta property=\"og:type\" content=\"article\" \/>\n<meta property=\"og:title\" content=\"Personas\" \/>\n<meta property=\"og:description\" content=\"Les personnes sont le principal moteur de notre projet d\u2019entreprise. Nos employ\u00e9s Notre r\u00e9ussite est le r\u00e9sultat des efforts, de l\u2019\u00e9nergie et du savoir-faire de nos employ\u00e9s. Ils constituent l\u2019atout majeur de notre projet d\u2019entreprise et sont essentiels \u00e0 la r\u00e9alisation de nos objectifs et \u00e0 la r\u00e9ussite de l\u2019entreprise. Nous disposons d\u2019une importante \u00e9quipe [&hellip;]\" \/>\n<meta property=\"og:url\" content=\"https:\/\/blog.tmgrupoinmobiliario.com\/fr\/personas\/\" \/>\n<meta property=\"og:site_name\" content=\"Francais\" \/>\n<meta property=\"article:modified_time\" content=\"2022-12-09T15:54:48+00:00\" \/>\n<meta property=\"og:image\" content=\"https:\/\/static.tmgrupoinmobiliario.com\/files\/tm-mas-valor.jpg\" \/>\n<meta name=\"twitter:card\" content=\"summary_large_image\" \/>\n<meta name=\"twitter:label1\" content=\"Dur\u00e9e de lecture estim\u00e9e\" \/>\n\t<meta name=\"twitter:data1\" content=\"3 minutes\" \/>\n<script type=\"application\/ld+json\" class=\"yoast-schema-graph\">{\"@context\":\"https:\\\/\\\/schema.org\",\"@graph\":[{\"@type\":\"WebPage\",\"@id\":\"https:\\\/\\\/blog.tmgrupoinmobiliario.com\\\/fr\\\/personas\\\/\",\"url\":\"https:\\\/\\\/blog.tmgrupoinmobiliario.com\\\/fr\\\/personas\\\/\",\"name\":\"Personas - Francais\",\"isPartOf\":{\"@id\":\"https:\\\/\\\/blog.tmgrupoinmobiliario.com\\\/fr\\\/#website\"},\"primaryImageOfPage\":{\"@id\":\"https:\\\/\\\/blog.tmgrupoinmobiliario.com\\\/fr\\\/personas\\\/#primaryimage\"},\"image\":{\"@id\":\"https:\\\/\\\/blog.tmgrupoinmobiliario.com\\\/fr\\\/personas\\\/#primaryimage\"},\"thumbnailUrl\":\"https:\\\/\\\/static.tmgrupoinmobiliario.com\\\/files\\\/tm-mas-valor.jpg\",\"datePublished\":\"2018-08-13T14:31:19+00:00\",\"dateModified\":\"2022-12-09T15:54:48+00:00\",\"breadcrumb\":{\"@id\":\"https:\\\/\\\/blog.tmgrupoinmobiliario.com\\\/fr\\\/personas\\\/#breadcrumb\"},\"inLanguage\":\"fr-FR\",\"potentialAction\":[{\"@type\":\"ReadAction\",\"target\":[\"https:\\\/\\\/blog.tmgrupoinmobiliario.com\\\/fr\\\/personas\\\/\"]}]},{\"@type\":\"ImageObject\",\"inLanguage\":\"fr-FR\",\"@id\":\"https:\\\/\\\/blog.tmgrupoinmobiliario.com\\\/fr\\\/personas\\\/#primaryimage\",\"url\":\"https:\\\/\\\/static.tmgrupoinmobiliario.com\\\/files\\\/tm-mas-valor.jpg\",\"contentUrl\":\"https:\\\/\\\/static.tmgrupoinmobiliario.com\\\/files\\\/tm-mas-valor.jpg\"},{\"@type\":\"BreadcrumbList\",\"@id\":\"https:\\\/\\\/blog.tmgrupoinmobiliario.com\\\/fr\\\/personas\\\/#breadcrumb\",\"itemListElement\":[{\"@type\":\"ListItem\",\"position\":1,\"name\":\"Portada\",\"item\":\"https:\\\/\\\/blog.tmgrupoinmobiliario.com\\\/fr\\\/\"},{\"@type\":\"ListItem\",\"position\":2,\"name\":\"Personas\"}]},{\"@type\":\"WebSite\",\"@id\":\"https:\\\/\\\/blog.tmgrupoinmobiliario.com\\\/fr\\\/#website\",\"url\":\"https:\\\/\\\/blog.tmgrupoinmobiliario.com\\\/fr\\\/\",\"name\":\"Francais\",\"description\":\"Otro sitio m\u00e1s de Blog Desarrollo TM sitios\",\"potentialAction\":[{\"@type\":\"SearchAction\",\"target\":{\"@type\":\"EntryPoint\",\"urlTemplate\":\"https:\\\/\\\/blog.tmgrupoinmobiliario.com\\\/fr\\\/?s={search_term_string}\"},\"query-input\":{\"@type\":\"PropertyValueSpecification\",\"valueRequired\":true,\"valueName\":\"search_term_string\"}}],\"inLanguage\":\"fr-FR\"}]}<\/script>\n<!-- \/ Yoast SEO Premium plugin. -->","yoast_head_json":{"title":"Personas - Francais","robots":{"index":"index","follow":"follow","max-snippet":"max-snippet:-1","max-image-preview":"max-image-preview:large","max-video-preview":"max-video-preview:-1"},"canonical":"https:\/\/blog.tmgrupoinmobiliario.com\/fr\/personas\/","og_locale":"fr_FR","og_type":"article","og_title":"Personas","og_description":"Les personnes sont le principal moteur de notre projet d\u2019entreprise. Nos employ\u00e9s Notre r\u00e9ussite est le r\u00e9sultat des efforts, de l\u2019\u00e9nergie et du savoir-faire de nos employ\u00e9s. Ils constituent l\u2019atout majeur de notre projet d\u2019entreprise et sont essentiels \u00e0 la r\u00e9alisation de nos objectifs et \u00e0 la r\u00e9ussite de l\u2019entreprise. Nous disposons d\u2019une importante \u00e9quipe [&hellip;]","og_url":"https:\/\/blog.tmgrupoinmobiliario.com\/fr\/personas\/","og_site_name":"Francais","article_modified_time":"2022-12-09T15:54:48+00:00","og_image":[{"url":"https:\/\/static.tmgrupoinmobiliario.com\/files\/tm-mas-valor.jpg","type":"","width":"","height":""}],"twitter_card":"summary_large_image","twitter_misc":{"Dur\u00e9e de lecture estim\u00e9e":"3 minutes"},"schema":{"@context":"https:\/\/schema.org","@graph":[{"@type":"WebPage","@id":"https:\/\/blog.tmgrupoinmobiliario.com\/fr\/personas\/","url":"https:\/\/blog.tmgrupoinmobiliario.com\/fr\/personas\/","name":"Personas - Francais","isPartOf":{"@id":"https:\/\/blog.tmgrupoinmobiliario.com\/fr\/#website"},"primaryImageOfPage":{"@id":"https:\/\/blog.tmgrupoinmobiliario.com\/fr\/personas\/#primaryimage"},"image":{"@id":"https:\/\/blog.tmgrupoinmobiliario.com\/fr\/personas\/#primaryimage"},"thumbnailUrl":"https:\/\/static.tmgrupoinmobiliario.com\/files\/tm-mas-valor.jpg","datePublished":"2018-08-13T14:31:19+00:00","dateModified":"2022-12-09T15:54:48+00:00","breadcrumb":{"@id":"https:\/\/blog.tmgrupoinmobiliario.com\/fr\/personas\/#breadcrumb"},"inLanguage":"fr-FR","potentialAction":[{"@type":"ReadAction","target":["https:\/\/blog.tmgrupoinmobiliario.com\/fr\/personas\/"]}]},{"@type":"ImageObject","inLanguage":"fr-FR","@id":"https:\/\/blog.tmgrupoinmobiliario.com\/fr\/personas\/#primaryimage","url":"https:\/\/static.tmgrupoinmobiliario.com\/files\/tm-mas-valor.jpg","contentUrl":"https:\/\/static.tmgrupoinmobiliario.com\/files\/tm-mas-valor.jpg"},{"@type":"BreadcrumbList","@id":"https:\/\/blog.tmgrupoinmobiliario.com\/fr\/personas\/#breadcrumb","itemListElement":[{"@type":"ListItem","position":1,"name":"Portada","item":"https:\/\/blog.tmgrupoinmobiliario.com\/fr\/"},{"@type":"ListItem","position":2,"name":"Personas"}]},{"@type":"WebSite","@id":"https:\/\/blog.tmgrupoinmobiliario.com\/fr\/#website","url":"https:\/\/blog.tmgrupoinmobiliario.com\/fr\/","name":"Francais","description":"Otro sitio m\u00e1s de Blog Desarrollo TM sitios","potentialAction":[{"@type":"SearchAction","target":{"@type":"EntryPoint","urlTemplate":"https:\/\/blog.tmgrupoinmobiliario.com\/fr\/?s={search_term_string}"},"query-input":{"@type":"PropertyValueSpecification","valueRequired":true,"valueName":"search_term_string"}}],"inLanguage":"fr-FR"}]}},"jetpack_sharing_enabled":true,"_links":{"self":[{"href":"https:\/\/blog.tmgrupoinmobiliario.com\/fr\/wp-json\/wp\/v2\/pages\/21","targetHints":{"allow":["GET"]}}],"collection":[{"href":"https:\/\/blog.tmgrupoinmobiliario.com\/fr\/wp-json\/wp\/v2\/pages"}],"about":[{"href":"https:\/\/blog.tmgrupoinmobiliario.com\/fr\/wp-json\/wp\/v2\/types\/page"}],"author":[{"embeddable":true,"href":"https:\/\/blog.tmgrupoinmobiliario.com\/fr\/wp-json\/wp\/v2\/users\/2"}],"replies":[{"embeddable":true,"href":"https:\/\/blog.tmgrupoinmobiliario.com\/fr\/wp-json\/wp\/v2\/comments?post=21"}],"version-history":[{"count":8,"href":"https:\/\/blog.tmgrupoinmobiliario.com\/fr\/wp-json\/wp\/v2\/pages\/21\/revisions"}],"predecessor-version":[{"id":19315,"href":"https:\/\/blog.tmgrupoinmobiliario.com\/fr\/wp-json\/wp\/v2\/pages\/21\/revisions\/19315"}],"wp:attachment":[{"href":"https:\/\/blog.tmgrupoinmobiliario.com\/fr\/wp-json\/wp\/v2\/media?parent=21"}],"curies":[{"name":"wp","href":"https:\/\/api.w.org\/{rel}","templated":true}]}}