{"id":14947,"date":"2018-12-03T16:01:58","date_gmt":"2018-12-03T15:01:58","guid":{"rendered":"https:\/\/blog.tmgrupoinmobiliario.com\/?page_id=14947"},"modified":"2020-10-26T13:11:17","modified_gmt":"2020-10-26T12:11:17","slug":"ayuda","status":"publish","type":"page","link":"https:\/\/blog.tmgrupoinmobiliario.com\/fr\/zona-privada\/ayuda\/","title":{"rendered":"Ayuda"},"content":{"rendered":"<div class=\"barra-gris section-breadcrumb promotion-breadcrumb\">\n<ul class=\"container\">\n<li><a href=\"\/\"><i class=\"fas fa-home\"><\/i> Home<\/a><\/li>\n<li class=\"active\"><strong>Support client<\/strong><\/li>\n<\/ul>\n<\/div>\n<section id=\"main\" class=\"section section-club\">\n<div class=\"container mw-1200\">\n<h2 class=\"section-title\">Posez-nous vos questions<\/h2>\n<p>Si vous avez des doutes sur le fonctionnement du Club TM, des ch\u00e8ques de recommandation, des entr\u00e9es et invitations \u00e0 nos \u00e9v\u00e9nements ou toute autre promotion, veuillez \u00e9crire un e-mail \u00e0 clubtm@tmgrupoinmobiliario.com et nous vous r\u00e9pondrons dans les plus brefs d\u00e9lais<\/p>\n<h3 class=\"section-subtitle\">Nous sommes l\u00e0 pour vous aider<\/h3>\n<p>Ou si vous pr\u00e9f\u00e9rez, contactez-nous via notre <a href=\"#print-club-card\" class=\"scroll-print-card\" data-toggle=\"modal\" data-target=\"#modal-contacto\">formulaire<\/a> pour nous rendre visite dans l&#8217;un de <a href=\"\/tm-group#ubicacion\">nos bureaux<\/a><\/p>\n<p>&nbsp;<\/p>\n<\/p><\/div>\n<\/section>\n","protected":false},"excerpt":{"rendered":"<p>Home Support client Posez-nous vos questions Si vous avez des doutes sur le fonctionnement du Club TM, des ch\u00e8ques de recommandation, des entr\u00e9es et invitations \u00e0 nos \u00e9v\u00e9nements ou toute autre promotion, veuillez \u00e9crire un e-mail \u00e0 clubtm@tmgrupoinmobiliario.com et nous vous r\u00e9pondrons dans les plus brefs d\u00e9lais Nous sommes l\u00e0 pour vous aider Ou si [&hellip;]<\/p>\n","protected":false},"author":2,"featured_media":0,"parent":14943,"menu_order":0,"comment_status":"closed","ping_status":"closed","template":"","meta":{"footnotes":""},"class_list":["post-14947","page","type-page","status-publish","hentry"],"better_featured_image":null,"acf":[],"yoast_head":"<!-- This site is optimized with the Yoast SEO Premium plugin v23.6 (Yoast SEO v27.4) - https:\/\/yoast.com\/product\/yoast-seo-premium-wordpress\/ -->\n<title>Ayuda - Francais<\/title>\n<meta name=\"robots\" content=\"index, follow, max-snippet:-1, max-image-preview:large, max-video-preview:-1\" \/>\n<link rel=\"canonical\" href=\"https:\/\/blog.tmgrupoinmobiliario.com\/fr\/zona-privada\/ayuda\/\" \/>\n<meta property=\"og:locale\" content=\"fr_FR\" \/>\n<meta property=\"og:type\" content=\"article\" \/>\n<meta property=\"og:title\" content=\"Ayuda\" \/>\n<meta property=\"og:description\" content=\"Home Support client Posez-nous vos questions Si vous avez des doutes sur le fonctionnement du Club TM, des ch\u00e8ques de recommandation, des entr\u00e9es et invitations \u00e0 nos \u00e9v\u00e9nements ou toute autre promotion, veuillez \u00e9crire un e-mail \u00e0 clubtm@tmgrupoinmobiliario.com et nous vous r\u00e9pondrons dans les plus brefs d\u00e9lais Nous sommes l\u00e0 pour vous aider Ou si [&hellip;]\" \/>\n<meta property=\"og:url\" content=\"https:\/\/blog.tmgrupoinmobiliario.com\/fr\/zona-privada\/ayuda\/\" \/>\n<meta property=\"og:site_name\" content=\"Francais\" \/>\n<meta property=\"article:modified_time\" content=\"2020-10-26T12:11:17+00:00\" \/>\n<meta name=\"twitter:card\" content=\"summary_large_image\" \/>\n<script type=\"application\/ld+json\" class=\"yoast-schema-graph\">{\"@context\":\"https:\\\/\\\/schema.org\",\"@graph\":[{\"@type\":\"WebPage\",\"@id\":\"https:\\\/\\\/blog.tmgrupoinmobiliario.com\\\/fr\\\/zona-privada\\\/ayuda\\\/\",\"url\":\"https:\\\/\\\/blog.tmgrupoinmobiliario.com\\\/fr\\\/zona-privada\\\/ayuda\\\/\",\"name\":\"Ayuda - Francais\",\"isPartOf\":{\"@id\":\"https:\\\/\\\/blog.tmgrupoinmobiliario.com\\\/fr\\\/#website\"},\"datePublished\":\"2018-12-03T15:01:58+00:00\",\"dateModified\":\"2020-10-26T12:11:17+00:00\",\"breadcrumb\":{\"@id\":\"https:\\\/\\\/blog.tmgrupoinmobiliario.com\\\/fr\\\/zona-privada\\\/ayuda\\\/#breadcrumb\"},\"inLanguage\":\"fr-FR\",\"potentialAction\":[{\"@type\":\"ReadAction\",\"target\":[\"https:\\\/\\\/blog.tmgrupoinmobiliario.com\\\/fr\\\/zona-privada\\\/ayuda\\\/\"]}]},{\"@type\":\"BreadcrumbList\",\"@id\":\"https:\\\/\\\/blog.tmgrupoinmobiliario.com\\\/fr\\\/zona-privada\\\/ayuda\\\/#breadcrumb\",\"itemListElement\":[{\"@type\":\"ListItem\",\"position\":1,\"name\":\"Portada\",\"item\":\"https:\\\/\\\/blog.tmgrupoinmobiliario.com\\\/fr\\\/\"},{\"@type\":\"ListItem\",\"position\":2,\"name\":\"Zona Privada Clientes\",\"item\":\"https:\\\/\\\/blog.tmgrupoinmobiliario.com\\\/fr\\\/zona-privada\\\/\"},{\"@type\":\"ListItem\",\"position\":3,\"name\":\"Ayuda\"}]},{\"@type\":\"WebSite\",\"@id\":\"https:\\\/\\\/blog.tmgrupoinmobiliario.com\\\/fr\\\/#website\",\"url\":\"https:\\\/\\\/blog.tmgrupoinmobiliario.com\\\/fr\\\/\",\"name\":\"Francais\",\"description\":\"Otro sitio m\u00e1s de Blog Desarrollo TM sitios\",\"potentialAction\":[{\"@type\":\"SearchAction\",\"target\":{\"@type\":\"EntryPoint\",\"urlTemplate\":\"https:\\\/\\\/blog.tmgrupoinmobiliario.com\\\/fr\\\/?s={search_term_string}\"},\"query-input\":{\"@type\":\"PropertyValueSpecification\",\"valueRequired\":true,\"valueName\":\"search_term_string\"}}],\"inLanguage\":\"fr-FR\"}]}<\/script>\n<!-- \/ Yoast SEO Premium plugin. -->","yoast_head_json":{"title":"Ayuda - Francais","robots":{"index":"index","follow":"follow","max-snippet":"max-snippet:-1","max-image-preview":"max-image-preview:large","max-video-preview":"max-video-preview:-1"},"canonical":"https:\/\/blog.tmgrupoinmobiliario.com\/fr\/zona-privada\/ayuda\/","og_locale":"fr_FR","og_type":"article","og_title":"Ayuda","og_description":"Home Support client Posez-nous vos questions Si vous avez des doutes sur le fonctionnement du Club TM, des ch\u00e8ques de recommandation, des entr\u00e9es et invitations \u00e0 nos \u00e9v\u00e9nements ou toute autre promotion, veuillez \u00e9crire un e-mail \u00e0 clubtm@tmgrupoinmobiliario.com et nous vous r\u00e9pondrons dans les plus brefs d\u00e9lais Nous sommes l\u00e0 pour vous aider Ou si [&hellip;]","og_url":"https:\/\/blog.tmgrupoinmobiliario.com\/fr\/zona-privada\/ayuda\/","og_site_name":"Francais","article_modified_time":"2020-10-26T12:11:17+00:00","twitter_card":"summary_large_image","schema":{"@context":"https:\/\/schema.org","@graph":[{"@type":"WebPage","@id":"https:\/\/blog.tmgrupoinmobiliario.com\/fr\/zona-privada\/ayuda\/","url":"https:\/\/blog.tmgrupoinmobiliario.com\/fr\/zona-privada\/ayuda\/","name":"Ayuda - Francais","isPartOf":{"@id":"https:\/\/blog.tmgrupoinmobiliario.com\/fr\/#website"},"datePublished":"2018-12-03T15:01:58+00:00","dateModified":"2020-10-26T12:11:17+00:00","breadcrumb":{"@id":"https:\/\/blog.tmgrupoinmobiliario.com\/fr\/zona-privada\/ayuda\/#breadcrumb"},"inLanguage":"fr-FR","potentialAction":[{"@type":"ReadAction","target":["https:\/\/blog.tmgrupoinmobiliario.com\/fr\/zona-privada\/ayuda\/"]}]},{"@type":"BreadcrumbList","@id":"https:\/\/blog.tmgrupoinmobiliario.com\/fr\/zona-privada\/ayuda\/#breadcrumb","itemListElement":[{"@type":"ListItem","position":1,"name":"Portada","item":"https:\/\/blog.tmgrupoinmobiliario.com\/fr\/"},{"@type":"ListItem","position":2,"name":"Zona Privada Clientes","item":"https:\/\/blog.tmgrupoinmobiliario.com\/fr\/zona-privada\/"},{"@type":"ListItem","position":3,"name":"Ayuda"}]},{"@type":"WebSite","@id":"https:\/\/blog.tmgrupoinmobiliario.com\/fr\/#website","url":"https:\/\/blog.tmgrupoinmobiliario.com\/fr\/","name":"Francais","description":"Otro sitio m\u00e1s de Blog Desarrollo TM sitios","potentialAction":[{"@type":"SearchAction","target":{"@type":"EntryPoint","urlTemplate":"https:\/\/blog.tmgrupoinmobiliario.com\/fr\/?s={search_term_string}"},"query-input":{"@type":"PropertyValueSpecification","valueRequired":true,"valueName":"search_term_string"}}],"inLanguage":"fr-FR"}]}},"jetpack_sharing_enabled":true,"_links":{"self":[{"href":"https:\/\/blog.tmgrupoinmobiliario.com\/fr\/wp-json\/wp\/v2\/pages\/14947","targetHints":{"allow":["GET"]}}],"collection":[{"href":"https:\/\/blog.tmgrupoinmobiliario.com\/fr\/wp-json\/wp\/v2\/pages"}],"about":[{"href":"https:\/\/blog.tmgrupoinmobiliario.com\/fr\/wp-json\/wp\/v2\/types\/page"}],"author":[{"embeddable":true,"href":"https:\/\/blog.tmgrupoinmobiliario.com\/fr\/wp-json\/wp\/v2\/users\/2"}],"replies":[{"embeddable":true,"href":"https:\/\/blog.tmgrupoinmobiliario.com\/fr\/wp-json\/wp\/v2\/comments?post=14947"}],"version-history":[{"count":2,"href":"https:\/\/blog.tmgrupoinmobiliario.com\/fr\/wp-json\/wp\/v2\/pages\/14947\/revisions"}],"predecessor-version":[{"id":17984,"href":"https:\/\/blog.tmgrupoinmobiliario.com\/fr\/wp-json\/wp\/v2\/pages\/14947\/revisions\/17984"}],"up":[{"embeddable":true,"href":"https:\/\/blog.tmgrupoinmobiliario.com\/fr\/wp-json\/wp\/v2\/pages\/14943"}],"wp:attachment":[{"href":"https:\/\/blog.tmgrupoinmobiliario.com\/fr\/wp-json\/wp\/v2\/media?parent=14947"}],"curies":[{"name":"wp","href":"https:\/\/api.w.org\/{rel}","templated":true}]}}