{"id":14839,"date":"2018-10-26T21:19:33","date_gmt":"2018-10-26T19:19:33","guid":{"rendered":"https:\/\/blog.tmgrupoinmobiliario.com\/?page_id=14839"},"modified":"2025-08-20T18:13:37","modified_gmt":"2025-08-20T16:13:37","slug":"seguidores-redes-sociales","status":"publish","type":"page","link":"https:\/\/blog.tmgrupoinmobiliario.com\/fr\/politica-de-privacidad\/seguidores-redes-sociales\/","title":{"rendered":"Seguidores Redes Sociales"},"content":{"rendered":"<section id=\"anyos_construyendo\" class=\"section lineas-de-actuacion\">\n<div class=\"container mw-1200\">\n<h2 class=\"section-title static-title\"><span>ACTIVIT\u00c9 DE TRAITEMENT FOLLOWERS RS<\/span><\/h2>\n<p>Par int\u00e9r\u00eat l\u00e9gitime, nous centralisons les politiques de confidentialit\u00e9 et de protection des donn\u00e9es personnelles au niveau de la soci\u00e9t\u00e9 TM Grupo Inmobiliario, \u00e0 laquelle vous pouvez vous adresser concernant toute question connexe, en indiquant la soci\u00e9t\u00e9 du Groupe avec laquelle vous \u00eates en relation et qui traite vos donn\u00e9es personnelles. (Vous pouvez consulter les soci\u00e9t\u00e9s qui composent le Groupe dans les Mentions l\u00e9gales)<\/p>\n<p><strong>Qui est responsable du traitement de vos donn\u00e9es personnelles ?<\/strong><\/p>\n<ul>\n<li>Raison sociale: Torreblanca del Mediterr\u00e1neo Sol S.L.<\/li>\n<li>N\u00ba fiscal: B03350642<\/li>\n<li>Adresse postale: Plaza Jos\u00e9 Luis Serna n\u00ba 1 03184 (TORREVIEJA) ALICANTE<\/li>\n<li>T\u00e9l\u00e9phone: 902 15 15 12<\/li>\n<li>E-mail de contact: datos@tmgrupoinmobiliario.com<\/li>\n<li>Contact de notre d\u00e9l\u00e9gu\u00e9 \u00e0 la protection des donn\u00e9es ou DPO : dpo@tmgrupoinmobiliario.com<\/li>\n<\/ul>\n<p><strong>Dans quel but traiterons-nous vos donn\u00e9es personnelles ?<\/strong><\/p>\n<p>Vos donn\u00e9es personnelles seront utilis\u00e9es afin de g\u00e9rer la liste des personnes qui aiment notre page Facebook, Twitter, YouTube, Google + Ivoox, Flickr ou Foursquare.<\/p>\n<p>Elles pourront ainsi \u00eatre en mesure de recevoir des informations directement li\u00e9es aux services que nous fournissons, aux \u00e9v\u00e9nements, aux activit\u00e9s et aux promotions de notre organisation, toujours \u00e0 travers le r\u00e9seau social choisi et d&#8217;interagir avec nous.<\/p>\n<p><strong>Combien de temps allons-nous conserver vos donn\u00e9es personnelles ?<\/strong><\/p>\n<p>Nous aurons acc\u00e8s aux donn\u00e9es fournies dans le r\u00e9seau social correspondant tant que vous maintiendrez le bouton \u00ab suivre \u00bb ou \u00ab J&#8217;aime \u00bb actif, si vous souhaitez arr\u00eater de nous suivre, il vous suffit de cliquer sur le bouton \u00ab arr\u00eater de suivre \u00bb ou \u00ab je n&#8217;aime plus \u00bb.<\/p>\n<p><strong>Quel est le cadre l\u00e9gal du traitement de vos donn\u00e9es personnelles ?<\/strong><\/p>\n<p>La base l\u00e9gale du traitement de vos donn\u00e9es personnelles est la suivante<\/p>\n<p>Par consentement de l&#8217;int\u00e9ress\u00e9, ladite relation \u00e9tant soumise aux conditions \u00e9tablies dans les politiques de confidentialit\u00e9 et de protection des donn\u00e9es de chaque r\u00e9seau social. Nous vous fournissons un lien vers chacun d&#8217;eux pour en savoir plus<\/p>\n<ul>\n<li>Twitter <\/li>\n<li>Facebook<\/li>\n<li>YouTube<\/li>\n<li>Instagram<\/li>\n<li>Linkedin<\/li>\n<\/ul>\n<p><strong>Y a-t-il obligation de fournir ces donn\u00e9es personnelles ?<\/strong><\/p>\n<p>Exigence n\u00e9cessaire<\/p>\n<p><strong>Quelles sont les cons\u00e9quences en cas de refus ?<\/strong><\/p>\n<p>Impossibilit\u00e9 de fournir des informations et de communiquer via le r\u00e9seau social choisi<\/p>\n<p><strong>C\u00e9derons-nous vos donn\u00e9es personnelles ?<\/strong><\/p>\n<p>Vos donn\u00e9es pourront \u00eatre transmises (non c\u00e9d\u00e9es) aux soci\u00e9t\u00e9s du Groupe TM en raison de la centralisation des proc\u00e9dures de communication sociale bas\u00e9es sur l&#8217;int\u00e9r\u00eat l\u00e9gitime du responsable.<\/p>\n<p><strong>Quels sont vos droits lorsque vous nous fournissez vos donn\u00e9es personnelles ?<\/strong><\/p>\n<p>Notez que nous acc\u00e9dons aux donn\u00e9es personnelles qui apparaissent sur votre profil du fait du suivi mutuel effectu\u00e9 sur nos comptes Twitter, Facebook ou Instagram exclusivement, par cons\u00e9quent, nous estimons que l&#8217;exercice des droits sur vos donn\u00e9es personnelles doit \u00eatre r\u00e9alis\u00e9 aupr\u00e8s du r\u00e9seau social lui-m\u00eame, nous vous informons tout de m\u00eame qu&#8217;ils sont :<\/p>\n<p>Droit d\u2019acc\u00e8s : Vous avez le droit de savoir si vos donn\u00e9es sont trait\u00e9es et de recevoir cette information par \u00e9crit via le support demand\u00e9.  <\/p>\n<p>Droit de rectification : Vous avez le droit de demander la rectification de vos donn\u00e9es si elles sont inexactes ou incompl\u00e8tes..<\/p>\n<p>Vous avez le droit de demander la suppression de vos donn\u00e9es, vous devez cependant garder \u00e0 l&#8217;esprit que le droit \u00e0 l&#8217;effacement est limit\u00e9 lorsqu&#8217;il existe une obligation l\u00e9gale de conserver ou de geler vos donn\u00e9es.<\/p>\n<p>Dans certaines circonstances, les parties int\u00e9ress\u00e9es peuvent demander la limitation du traitement de leurs donn\u00e9es, auquel cas nous ne les conserverons que pour l&#8217;exercice ou la d\u00e9fense de r\u00e9clamations, la protection de tiers ou pour des motifs importants d&#8217;int\u00e9r\u00eat public.<\/p>\n<p>Dans certaines circonstances et pour des raisons li\u00e9es \u00e0 votre situation particuli\u00e8re, vous pouvez vous opposer au traitement de vos donn\u00e9es. Le responsable ne traitera plus les donn\u00e9es, sauf pour des raisons imp\u00e9rieuses et l\u00e9gitimes, ou l&#8217;exercice ou la d\u00e9fense face \u00e0 d&#8217;\u00e9ventuelles r\u00e9clamations.<\/p>\n<p>Lorsque le traitement de vos donn\u00e9es est bas\u00e9 sur le consentement ou est n\u00e9cessaire \u00e0 l&#8217;ex\u00e9cution d&#8217;un contrat ou d&#8217;un pr\u00e9contrat et est effectu\u00e9 par des moyens automatis\u00e9s, vous aurez droit \u00e0 la portabilit\u00e9 de vos donn\u00e9es, c&#8217;est-\u00e0-dire \u00e0 vous les faire livrer dans un format structur\u00e9, d&#8217;usage courant et de lecture m\u00e9canique, et m\u00eame \u00e0 les remettre \u00e0 un nouveau responsable.<\/p>\n<p>Toute partie int\u00e9ress\u00e9e peut d\u00e9poser une r\u00e9clamation aupr\u00e8s de l&#8217;Autorit\u00e9 de Contr\u00f4le comp\u00e9tente en mati\u00e8re de Protection des donn\u00e9es, en particulier lorsqu&#8217;elle n&#8217;a pas obtenu satisfaction dans l&#8217;exercice de ses droits et il lui est alors possible de la contacter en adressant une lettre \u00e0 l&#8217;Agence espagnole de protection des donn\u00e9es \u00e0 C\/ Jorge Juan n\u00b0 6, 28001 Madrid ou via son agence \u00e9lectronique sur www.agpd.es  <\/p>\n<p>Les mod\u00e8les de demande d&#8217;exercice de vos droits se trouvent dans la section Politiques de confidentialit\u00e9 \/ droits de notre site Web, vous pouvez \u00e9galement nous les demander par \u00e9crit \u00e0 l&#8217;adresse du responsable ainsi que les obtenir sur l&#8217;agence \u00e9lectronique www.agpd  de l&#8217;Autorit\u00e9 de contr\u00f4le et ils devront \u00eatre envoy\u00e9s \u00e0 l&#8217;adresse postale ou \u00e9lectronique du responsable.<\/p>\n<\/div>\n<\/section>\n","protected":false},"excerpt":{"rendered":"<p>ACTIVIT\u00c9 DE TRAITEMENT FOLLOWERS RS Par int\u00e9r\u00eat l\u00e9gitime, nous centralisons les politiques de confidentialit\u00e9 et de protection des donn\u00e9es personnelles au niveau de la soci\u00e9t\u00e9 TM Grupo Inmobiliario, \u00e0 laquelle vous pouvez vous adresser concernant toute question connexe, en indiquant la soci\u00e9t\u00e9 du Groupe avec laquelle vous \u00eates en relation et qui traite vos donn\u00e9es [&hellip;]<\/p>\n","protected":false},"author":2,"featured_media":0,"parent":12979,"menu_order":0,"comment_status":"closed","ping_status":"closed","template":"","meta":{"footnotes":""},"class_list":["post-14839","page","type-page","status-publish","hentry"],"better_featured_image":null,"acf":[],"yoast_head":"<!-- This site is optimized with the Yoast SEO Premium plugin v23.6 (Yoast SEO v27.4) - https:\/\/yoast.com\/product\/yoast-seo-premium-wordpress\/ -->\n<title>Seguidores Redes Sociales - Francais<\/title>\n<meta name=\"robots\" content=\"index, follow, max-snippet:-1, max-image-preview:large, max-video-preview:-1\" \/>\n<link rel=\"canonical\" href=\"https:\/\/blog.tmgrupoinmobiliario.com\/fr\/politica-de-privacidad\/seguidores-redes-sociales\/\" \/>\n<meta property=\"og:locale\" content=\"fr_FR\" \/>\n<meta property=\"og:type\" content=\"article\" \/>\n<meta property=\"og:title\" content=\"Seguidores Redes Sociales\" \/>\n<meta property=\"og:description\" content=\"ACTIVIT\u00c9 DE TRAITEMENT FOLLOWERS RS Par int\u00e9r\u00eat l\u00e9gitime, nous centralisons les politiques de confidentialit\u00e9 et de protection des donn\u00e9es personnelles au niveau de la soci\u00e9t\u00e9 TM Grupo Inmobiliario, \u00e0 laquelle vous pouvez vous adresser concernant toute question connexe, en indiquant la soci\u00e9t\u00e9 du Groupe avec laquelle vous \u00eates en relation et qui traite vos donn\u00e9es [&hellip;]\" \/>\n<meta property=\"og:url\" content=\"https:\/\/blog.tmgrupoinmobiliario.com\/fr\/politica-de-privacidad\/seguidores-redes-sociales\/\" \/>\n<meta property=\"og:site_name\" content=\"Francais\" \/>\n<meta property=\"article:modified_time\" content=\"2025-08-20T16:13:37+00:00\" \/>\n<meta name=\"twitter:card\" content=\"summary_large_image\" \/>\n<meta name=\"twitter:label1\" content=\"Dur\u00e9e de lecture estim\u00e9e\" \/>\n\t<meta name=\"twitter:data1\" content=\"5 minutes\" \/>\n<script type=\"application\/ld+json\" class=\"yoast-schema-graph\">{\"@context\":\"https:\\\/\\\/schema.org\",\"@graph\":[{\"@type\":\"WebPage\",\"@id\":\"https:\\\/\\\/blog.tmgrupoinmobiliario.com\\\/fr\\\/politica-de-privacidad\\\/seguidores-redes-sociales\\\/\",\"url\":\"https:\\\/\\\/blog.tmgrupoinmobiliario.com\\\/fr\\\/politica-de-privacidad\\\/seguidores-redes-sociales\\\/\",\"name\":\"Seguidores Redes Sociales - Francais\",\"isPartOf\":{\"@id\":\"https:\\\/\\\/blog.tmgrupoinmobiliario.com\\\/fr\\\/#website\"},\"datePublished\":\"2018-10-26T19:19:33+00:00\",\"dateModified\":\"2025-08-20T16:13:37+00:00\",\"breadcrumb\":{\"@id\":\"https:\\\/\\\/blog.tmgrupoinmobiliario.com\\\/fr\\\/politica-de-privacidad\\\/seguidores-redes-sociales\\\/#breadcrumb\"},\"inLanguage\":\"fr-FR\",\"potentialAction\":[{\"@type\":\"ReadAction\",\"target\":[\"https:\\\/\\\/blog.tmgrupoinmobiliario.com\\\/fr\\\/politica-de-privacidad\\\/seguidores-redes-sociales\\\/\"]}]},{\"@type\":\"BreadcrumbList\",\"@id\":\"https:\\\/\\\/blog.tmgrupoinmobiliario.com\\\/fr\\\/politica-de-privacidad\\\/seguidores-redes-sociales\\\/#breadcrumb\",\"itemListElement\":[{\"@type\":\"ListItem\",\"position\":1,\"name\":\"Portada\",\"item\":\"https:\\\/\\\/blog.tmgrupoinmobiliario.com\\\/fr\\\/\"},{\"@type\":\"ListItem\",\"position\":2,\"name\":\"Pol\u00edtica de privacidad\",\"item\":\"https:\\\/\\\/blog.tmgrupoinmobiliario.com\\\/fr\\\/politica-de-privacidad\\\/\"},{\"@type\":\"ListItem\",\"position\":3,\"name\":\"Seguidores Redes Sociales\"}]},{\"@type\":\"WebSite\",\"@id\":\"https:\\\/\\\/blog.tmgrupoinmobiliario.com\\\/fr\\\/#website\",\"url\":\"https:\\\/\\\/blog.tmgrupoinmobiliario.com\\\/fr\\\/\",\"name\":\"Francais\",\"description\":\"Otro sitio m\u00e1s de Blog Desarrollo TM sitios\",\"potentialAction\":[{\"@type\":\"SearchAction\",\"target\":{\"@type\":\"EntryPoint\",\"urlTemplate\":\"https:\\\/\\\/blog.tmgrupoinmobiliario.com\\\/fr\\\/?s={search_term_string}\"},\"query-input\":{\"@type\":\"PropertyValueSpecification\",\"valueRequired\":true,\"valueName\":\"search_term_string\"}}],\"inLanguage\":\"fr-FR\"}]}<\/script>\n<!-- \/ Yoast SEO Premium plugin. -->","yoast_head_json":{"title":"Seguidores Redes Sociales - Francais","robots":{"index":"index","follow":"follow","max-snippet":"max-snippet:-1","max-image-preview":"max-image-preview:large","max-video-preview":"max-video-preview:-1"},"canonical":"https:\/\/blog.tmgrupoinmobiliario.com\/fr\/politica-de-privacidad\/seguidores-redes-sociales\/","og_locale":"fr_FR","og_type":"article","og_title":"Seguidores Redes Sociales","og_description":"ACTIVIT\u00c9 DE TRAITEMENT FOLLOWERS RS Par int\u00e9r\u00eat l\u00e9gitime, nous centralisons les politiques de confidentialit\u00e9 et de protection des donn\u00e9es personnelles au niveau de la soci\u00e9t\u00e9 TM Grupo Inmobiliario, \u00e0 laquelle vous pouvez vous adresser concernant toute question connexe, en indiquant la soci\u00e9t\u00e9 du Groupe avec laquelle vous \u00eates en relation et qui traite vos donn\u00e9es [&hellip;]","og_url":"https:\/\/blog.tmgrupoinmobiliario.com\/fr\/politica-de-privacidad\/seguidores-redes-sociales\/","og_site_name":"Francais","article_modified_time":"2025-08-20T16:13:37+00:00","twitter_card":"summary_large_image","twitter_misc":{"Dur\u00e9e de lecture estim\u00e9e":"5 minutes"},"schema":{"@context":"https:\/\/schema.org","@graph":[{"@type":"WebPage","@id":"https:\/\/blog.tmgrupoinmobiliario.com\/fr\/politica-de-privacidad\/seguidores-redes-sociales\/","url":"https:\/\/blog.tmgrupoinmobiliario.com\/fr\/politica-de-privacidad\/seguidores-redes-sociales\/","name":"Seguidores Redes Sociales - Francais","isPartOf":{"@id":"https:\/\/blog.tmgrupoinmobiliario.com\/fr\/#website"},"datePublished":"2018-10-26T19:19:33+00:00","dateModified":"2025-08-20T16:13:37+00:00","breadcrumb":{"@id":"https:\/\/blog.tmgrupoinmobiliario.com\/fr\/politica-de-privacidad\/seguidores-redes-sociales\/#breadcrumb"},"inLanguage":"fr-FR","potentialAction":[{"@type":"ReadAction","target":["https:\/\/blog.tmgrupoinmobiliario.com\/fr\/politica-de-privacidad\/seguidores-redes-sociales\/"]}]},{"@type":"BreadcrumbList","@id":"https:\/\/blog.tmgrupoinmobiliario.com\/fr\/politica-de-privacidad\/seguidores-redes-sociales\/#breadcrumb","itemListElement":[{"@type":"ListItem","position":1,"name":"Portada","item":"https:\/\/blog.tmgrupoinmobiliario.com\/fr\/"},{"@type":"ListItem","position":2,"name":"Pol\u00edtica de privacidad","item":"https:\/\/blog.tmgrupoinmobiliario.com\/fr\/politica-de-privacidad\/"},{"@type":"ListItem","position":3,"name":"Seguidores Redes Sociales"}]},{"@type":"WebSite","@id":"https:\/\/blog.tmgrupoinmobiliario.com\/fr\/#website","url":"https:\/\/blog.tmgrupoinmobiliario.com\/fr\/","name":"Francais","description":"Otro sitio m\u00e1s de Blog Desarrollo TM sitios","potentialAction":[{"@type":"SearchAction","target":{"@type":"EntryPoint","urlTemplate":"https:\/\/blog.tmgrupoinmobiliario.com\/fr\/?s={search_term_string}"},"query-input":{"@type":"PropertyValueSpecification","valueRequired":true,"valueName":"search_term_string"}}],"inLanguage":"fr-FR"}]}},"jetpack_sharing_enabled":true,"_links":{"self":[{"href":"https:\/\/blog.tmgrupoinmobiliario.com\/fr\/wp-json\/wp\/v2\/pages\/14839","targetHints":{"allow":["GET"]}}],"collection":[{"href":"https:\/\/blog.tmgrupoinmobiliario.com\/fr\/wp-json\/wp\/v2\/pages"}],"about":[{"href":"https:\/\/blog.tmgrupoinmobiliario.com\/fr\/wp-json\/wp\/v2\/types\/page"}],"author":[{"embeddable":true,"href":"https:\/\/blog.tmgrupoinmobiliario.com\/fr\/wp-json\/wp\/v2\/users\/2"}],"replies":[{"embeddable":true,"href":"https:\/\/blog.tmgrupoinmobiliario.com\/fr\/wp-json\/wp\/v2\/comments?post=14839"}],"version-history":[{"count":3,"href":"https:\/\/blog.tmgrupoinmobiliario.com\/fr\/wp-json\/wp\/v2\/pages\/14839\/revisions"}],"predecessor-version":[{"id":20327,"href":"https:\/\/blog.tmgrupoinmobiliario.com\/fr\/wp-json\/wp\/v2\/pages\/14839\/revisions\/20327"}],"up":[{"embeddable":true,"href":"https:\/\/blog.tmgrupoinmobiliario.com\/fr\/wp-json\/wp\/v2\/pages\/12979"}],"wp:attachment":[{"href":"https:\/\/blog.tmgrupoinmobiliario.com\/fr\/wp-json\/wp\/v2\/media?parent=14839"}],"curies":[{"name":"wp","href":"https:\/\/api.w.org\/{rel}","templated":true}]}}