{"id":21,"date":"2018-08-13T16:31:19","date_gmt":"2018-08-13T14:31:19","guid":{"rendered":"https:\/\/blog.tmgrupoinmobiliario.com\/?page_id=21"},"modified":"2022-12-09T13:18:40","modified_gmt":"2022-12-09T12:18:40","slug":"personas","status":"publish","type":"page","link":"https:\/\/blog.tmgrupoinmobiliario.com\/de\/personas\/","title":{"rendered":"Personas"},"content":{"rendered":"<section id=\"main\" class=\"promotion-gallery-fullscreen\">\n<div class=\"promotion-header\">\n<div><span class=\"promotion-header-title\">Die Menschen sind die wichtigste Kraft, die unser Unternehmensprojekt antreibt.<\/span><\/p>\n<div class=\"shader\"><\/div>\n<picture><source srcset=\"\/img\/mobile-sobre-nosotros.jpg\" media=\"(max-width: 400px)\" \/><\/picture> <picture><source srcset=\"\/img\/cabecera-personas.jpg\" media=\"(min-width: 401px)\" \/><\/picture> <picture><img decoding=\"async\" src=\"\/img\/cabecera-personas.jpg\" alt=\"\" \/><\/picture>\n<\/div>\n<\/div>\n<\/section>\n<section id=\"main\" class=\"section no-pb\">\n<div class=\"container mw-1200\">\n<h2 class=\"section-title static-title\">Unsere Mitarbeiterinnen und Mitarbeiter<\/h2>\n<p class=\"fs-16\">Unser Erfolg ist die Summe der Anstrengungen, der Energie und des Talents unserer Profis. Sie sind der wichtigste Aktivposten des Unternehmensprojekts und der Schl\u00fcssel zum Erreichen der Ziele und f\u00fcr den Erfolg unseres Unternehmens. Unser gro\u00dfartiges Team kombiniert Jugend mit Erfahrung und besteht aus hoch qualifizierten Fachleuten, mit denen wir anspruchsvolle Projekte zur vollen Zufriedenheit unserer Kunden abwickeln.<\/p>\n<ul class=\"keypoints-holder keypoints-personas\">\n<li><strong>+1.500<\/strong> Angestellte <\/li>\n<li><strong>14.200<\/strong> Schulungsstunden<\/li>\n<li><strong>+35<\/strong> erteilte Lehrg\u00e4nge<\/li>\n<li><strong>+35<\/strong> Nationalit\u00e4ten<\/li>\n<\/ul>\n<\/div>\n<\/section>\n<section class=\"section lineas-de-actuacion lineas-de-actuacion-porquetm background-gray-lighter\">\n<div class=\"container mw-1200\">\n<h2 class=\"section-title static-title\">Warum TM<\/h2>\n<p>Durch ein verantwortungsbewusstes Gesch\u00e4ftsmodell, das in unserem Masterplan dargelegt ist, engagiert sich TM f\u00fcr die Schaffung wirtschaftlicher, sozialer und \u00f6kologischer Werte f\u00fcr seine Stakeholder und die Gemeinschaften, in denen das Unternehmen t\u00e4tig ist.<\/p>\n<div class=\"lineas-de-actuacion--holder\">\n<div class=\"lineas-de-actuacion--item\">\n<div class=\"youtube-iframe\">\n\t\t<iframe loading=\"lazy\" class=\"ytb\" width=\"560\" height=\"330\" src=\"https:\/\/www.youtube.com\/embed\/cqgvxDTa41o\" title=\"YouTube video player\" \n    frameborder=\"0\" allow=\"accelerometer; autoplay; clipboard-write; encrypted-media; gyroscope; picture-in-picture\" allowfullscreen><\/iframe>\n\t\t<\/div>\n<div class=\"lineas-de-actuacion--data\">\n<h3 class=\"lineas-de-actuacion--title\">Plan Valor Empleado TM<\/h3>\n<p>    Bei TM Grupo Inmobiliario m\u00f6chten wir, dass deine Arbeit deinem Leben mehr Wert verleiht. Daf\u00fcr haben wir einen Werteplan entwickelt, der dir mehr Zukunft, mehr Flexibilit\u00e4t und mehr Vorteile bietet.\n    <\/p><\/div>\n<\/p><\/div>\n<div class=\"lineas-de-actuacion--item\">\n<figure class=\"lineas-de-actuacion--img\"><img decoding=\"async\" src=\"https:\/\/static.tmgrupoinmobiliario.com\/files\/tm-mas-valor.jpg\" \/><\/figure>\n<div class=\"lineas-de-actuacion--data\">\n<h3 class=\"lineas-de-actuacion--title\">Schulung und berufliche Entwicklung<\/h3>\n<p>Unsere Menschen sind f\u00fcr uns ein strategischer Aktivposten. Daher ist die Entfaltung ihrer Talente ein entscheidendes Ziel. Wir sind besonders darauf bedacht, unseren Angestellten M\u00f6glichkeiten f\u00fcr ihre berufliche Entwicklung bereitzustellen, damit sie unseren Kunden einen ausgezeichneten Service bieten k\u00f6nnen. In den Jahren 2021 und 2022 haben wir 14.000 Stunden in die Schulung unserer Profis investiert.<\/p>\n<\/div>\n<\/div>\n<div class=\"lineas-de-actuacion--item\">\n<figure class=\"lineas-de-actuacion--img\"><img decoding=\"async\" src=\"https:\/\/static.tmgrupoinmobiliario.com\/files\/proyecto-estimulante-seccion-personas.jpg\" \/><\/figure>\n<div class=\"lineas-de-actuacion--data\">\n<h3 class=\"lineas-de-actuacion--title\">Mitwirkung an einem herausfordernden Unternehmensprojekt<\/h3>\n<p>Wir f\u00f6rdern ein Umfeld, in dem du deine Talente entfalten und zu einem Experten f\u00fcr das werden kannst, was du gern tust. Wir geben dir das Gef\u00fchl, Teil einer wichtigen Sache zu sein, und motivieren dich, an einem gemeinsamen Ziel mitzuarbeiten.<\/p>\n<\/div>\n<\/div>\n<\/div>\n<\/div>\n<\/section>\n<section class=\"video-corporativo\">\n<div class=\"video-holder\"><img decoding=\"async\" src=\"\/img\/video-splash.jpg\" alt=\"\" \/><\/div>\n<p><a class=\"btn btn-outlined\" href=\"https:\/\/www.youtube.com\/watch?v=Cotactvbufc&amp;feature=youtu.be\" data-fancybox=\"\"><i class=\"far fa-lg fa-play-circle\"><\/i> Firmenvideo ansehen<\/a><\/p>\n<\/section>\n<section class=\"trabaja-con-nosotros\">\n<h2 class=\"section-title static-title\">Arbeiten Sie mit uns<\/h2>\n<div class=\"container mw-1200\">\n<div id=\"ofertas-de-empleo-idiomas\" style=\"display: flex; width: 100%; flex-direction: row;\">\n<div class=\"trabaja-con-nosotros--item\">\n<figure><img decoding=\"async\" class=\"card-image\" src=\"\/img\/accede-a-ofertas.jpg\" \/><figcaption>Sehen Sie sich unsere Stellenangebote an<\/figcaption><\/figure>\n<p>&nbsp;<\/p>\n<\/div>\n<div class=\"trabaja-con-nosotros--item\">\n<figure><img decoding=\"async\" class=\"card-image\" src=\"\/img\/envia-tu-cv.jpg\" \/><figcaption>Senden Sie uns Ihren Lebenslauf<\/figcaption><\/figure>\n<p>&nbsp;<\/p>\n<\/div>\n<\/div>\n<\/div>\n<\/section>\n","protected":false},"excerpt":{"rendered":"<p>Die Menschen sind die wichtigste Kraft, die unser Unternehmensprojekt antreibt. Unsere Mitarbeiterinnen und Mitarbeiter Unser Erfolg ist die Summe der Anstrengungen, der Energie und des Talents unserer Profis. Sie sind der wichtigste Aktivposten des Unternehmensprojekts und der Schl\u00fcssel zum Erreichen der Ziele und f\u00fcr den Erfolg unseres Unternehmens. Unser gro\u00dfartiges Team kombiniert Jugend mit Erfahrung [&hellip;]<\/p>\n","protected":false},"author":1,"featured_media":0,"parent":0,"menu_order":4,"comment_status":"closed","ping_status":"closed","template":"","meta":{"footnotes":""},"class_list":["post-21","page","type-page","status-publish","hentry"],"better_featured_image":null,"acf":[],"yoast_head":"<!-- This site is optimized with the Yoast SEO Premium plugin v23.6 (Yoast SEO v27.4) - https:\/\/yoast.com\/product\/yoast-seo-premium-wordpress\/ -->\n<title>Personas - Deutsche<\/title>\n<meta name=\"robots\" content=\"index, follow, max-snippet:-1, max-image-preview:large, max-video-preview:-1\" \/>\n<link rel=\"canonical\" href=\"https:\/\/blog.tmgrupoinmobiliario.com\/de\/personas\/\" \/>\n<meta property=\"og:locale\" content=\"de_DE\" \/>\n<meta property=\"og:type\" content=\"article\" \/>\n<meta property=\"og:title\" content=\"Personas\" \/>\n<meta property=\"og:description\" content=\"Die Menschen sind die wichtigste Kraft, die unser Unternehmensprojekt antreibt. Unsere Mitarbeiterinnen und Mitarbeiter Unser Erfolg ist die Summe der Anstrengungen, der Energie und des Talents unserer Profis. Sie sind der wichtigste Aktivposten des Unternehmensprojekts und der Schl\u00fcssel zum Erreichen der Ziele und f\u00fcr den Erfolg unseres Unternehmens. Unser gro\u00dfartiges Team kombiniert Jugend mit Erfahrung [&hellip;]\" \/>\n<meta property=\"og:url\" content=\"https:\/\/blog.tmgrupoinmobiliario.com\/de\/personas\/\" \/>\n<meta property=\"og:site_name\" content=\"Deutsche\" \/>\n<meta property=\"article:modified_time\" content=\"2022-12-09T12:18:40+00:00\" \/>\n<meta property=\"og:image\" content=\"https:\/\/static.tmgrupoinmobiliario.com\/files\/tm-mas-valor.jpg\" \/>\n<meta name=\"twitter:card\" content=\"summary_large_image\" \/>\n<meta name=\"twitter:label1\" content=\"Gesch\u00e4tzte Lesezeit\" \/>\n\t<meta name=\"twitter:data1\" content=\"3\u00a0Minuten\" \/>\n<script type=\"application\/ld+json\" class=\"yoast-schema-graph\">{\"@context\":\"https:\\\/\\\/schema.org\",\"@graph\":[{\"@type\":\"WebPage\",\"@id\":\"https:\\\/\\\/blog.tmgrupoinmobiliario.com\\\/de\\\/personas\\\/\",\"url\":\"https:\\\/\\\/blog.tmgrupoinmobiliario.com\\\/de\\\/personas\\\/\",\"name\":\"Personas - Deutsche\",\"isPartOf\":{\"@id\":\"https:\\\/\\\/blog.tmgrupoinmobiliario.com\\\/de\\\/#website\"},\"primaryImageOfPage\":{\"@id\":\"https:\\\/\\\/blog.tmgrupoinmobiliario.com\\\/de\\\/personas\\\/#primaryimage\"},\"image\":{\"@id\":\"https:\\\/\\\/blog.tmgrupoinmobiliario.com\\\/de\\\/personas\\\/#primaryimage\"},\"thumbnailUrl\":\"https:\\\/\\\/static.tmgrupoinmobiliario.com\\\/files\\\/tm-mas-valor.jpg\",\"datePublished\":\"2018-08-13T14:31:19+00:00\",\"dateModified\":\"2022-12-09T12:18:40+00:00\",\"breadcrumb\":{\"@id\":\"https:\\\/\\\/blog.tmgrupoinmobiliario.com\\\/de\\\/personas\\\/#breadcrumb\"},\"inLanguage\":\"de\",\"potentialAction\":[{\"@type\":\"ReadAction\",\"target\":[\"https:\\\/\\\/blog.tmgrupoinmobiliario.com\\\/de\\\/personas\\\/\"]}]},{\"@type\":\"ImageObject\",\"inLanguage\":\"de\",\"@id\":\"https:\\\/\\\/blog.tmgrupoinmobiliario.com\\\/de\\\/personas\\\/#primaryimage\",\"url\":\"https:\\\/\\\/static.tmgrupoinmobiliario.com\\\/files\\\/tm-mas-valor.jpg\",\"contentUrl\":\"https:\\\/\\\/static.tmgrupoinmobiliario.com\\\/files\\\/tm-mas-valor.jpg\"},{\"@type\":\"BreadcrumbList\",\"@id\":\"https:\\\/\\\/blog.tmgrupoinmobiliario.com\\\/de\\\/personas\\\/#breadcrumb\",\"itemListElement\":[{\"@type\":\"ListItem\",\"position\":1,\"name\":\"Portada\",\"item\":\"https:\\\/\\\/blog.tmgrupoinmobiliario.com\\\/de\\\/\"},{\"@type\":\"ListItem\",\"position\":2,\"name\":\"Personas\"}]},{\"@type\":\"WebSite\",\"@id\":\"https:\\\/\\\/blog.tmgrupoinmobiliario.com\\\/de\\\/#website\",\"url\":\"https:\\\/\\\/blog.tmgrupoinmobiliario.com\\\/de\\\/\",\"name\":\"Deutsche\",\"description\":\"Otro sitio m\u00e1s de Blog Desarrollo TM sitios\",\"potentialAction\":[{\"@type\":\"SearchAction\",\"target\":{\"@type\":\"EntryPoint\",\"urlTemplate\":\"https:\\\/\\\/blog.tmgrupoinmobiliario.com\\\/de\\\/?s={search_term_string}\"},\"query-input\":{\"@type\":\"PropertyValueSpecification\",\"valueRequired\":true,\"valueName\":\"search_term_string\"}}],\"inLanguage\":\"de\"}]}<\/script>\n<!-- \/ Yoast SEO Premium plugin. -->","yoast_head_json":{"title":"Personas - Deutsche","robots":{"index":"index","follow":"follow","max-snippet":"max-snippet:-1","max-image-preview":"max-image-preview:large","max-video-preview":"max-video-preview:-1"},"canonical":"https:\/\/blog.tmgrupoinmobiliario.com\/de\/personas\/","og_locale":"de_DE","og_type":"article","og_title":"Personas","og_description":"Die Menschen sind die wichtigste Kraft, die unser Unternehmensprojekt antreibt. Unsere Mitarbeiterinnen und Mitarbeiter Unser Erfolg ist die Summe der Anstrengungen, der Energie und des Talents unserer Profis. Sie sind der wichtigste Aktivposten des Unternehmensprojekts und der Schl\u00fcssel zum Erreichen der Ziele und f\u00fcr den Erfolg unseres Unternehmens. Unser gro\u00dfartiges Team kombiniert Jugend mit Erfahrung [&hellip;]","og_url":"https:\/\/blog.tmgrupoinmobiliario.com\/de\/personas\/","og_site_name":"Deutsche","article_modified_time":"2022-12-09T12:18:40+00:00","og_image":[{"url":"https:\/\/static.tmgrupoinmobiliario.com\/files\/tm-mas-valor.jpg","type":"","width":"","height":""}],"twitter_card":"summary_large_image","twitter_misc":{"Gesch\u00e4tzte Lesezeit":"3\u00a0Minuten"},"schema":{"@context":"https:\/\/schema.org","@graph":[{"@type":"WebPage","@id":"https:\/\/blog.tmgrupoinmobiliario.com\/de\/personas\/","url":"https:\/\/blog.tmgrupoinmobiliario.com\/de\/personas\/","name":"Personas - Deutsche","isPartOf":{"@id":"https:\/\/blog.tmgrupoinmobiliario.com\/de\/#website"},"primaryImageOfPage":{"@id":"https:\/\/blog.tmgrupoinmobiliario.com\/de\/personas\/#primaryimage"},"image":{"@id":"https:\/\/blog.tmgrupoinmobiliario.com\/de\/personas\/#primaryimage"},"thumbnailUrl":"https:\/\/static.tmgrupoinmobiliario.com\/files\/tm-mas-valor.jpg","datePublished":"2018-08-13T14:31:19+00:00","dateModified":"2022-12-09T12:18:40+00:00","breadcrumb":{"@id":"https:\/\/blog.tmgrupoinmobiliario.com\/de\/personas\/#breadcrumb"},"inLanguage":"de","potentialAction":[{"@type":"ReadAction","target":["https:\/\/blog.tmgrupoinmobiliario.com\/de\/personas\/"]}]},{"@type":"ImageObject","inLanguage":"de","@id":"https:\/\/blog.tmgrupoinmobiliario.com\/de\/personas\/#primaryimage","url":"https:\/\/static.tmgrupoinmobiliario.com\/files\/tm-mas-valor.jpg","contentUrl":"https:\/\/static.tmgrupoinmobiliario.com\/files\/tm-mas-valor.jpg"},{"@type":"BreadcrumbList","@id":"https:\/\/blog.tmgrupoinmobiliario.com\/de\/personas\/#breadcrumb","itemListElement":[{"@type":"ListItem","position":1,"name":"Portada","item":"https:\/\/blog.tmgrupoinmobiliario.com\/de\/"},{"@type":"ListItem","position":2,"name":"Personas"}]},{"@type":"WebSite","@id":"https:\/\/blog.tmgrupoinmobiliario.com\/de\/#website","url":"https:\/\/blog.tmgrupoinmobiliario.com\/de\/","name":"Deutsche","description":"Otro sitio m\u00e1s de Blog Desarrollo TM sitios","potentialAction":[{"@type":"SearchAction","target":{"@type":"EntryPoint","urlTemplate":"https:\/\/blog.tmgrupoinmobiliario.com\/de\/?s={search_term_string}"},"query-input":{"@type":"PropertyValueSpecification","valueRequired":true,"valueName":"search_term_string"}}],"inLanguage":"de"}]}},"jetpack_sharing_enabled":true,"_links":{"self":[{"href":"https:\/\/blog.tmgrupoinmobiliario.com\/de\/wp-json\/wp\/v2\/pages\/21","targetHints":{"allow":["GET"]}}],"collection":[{"href":"https:\/\/blog.tmgrupoinmobiliario.com\/de\/wp-json\/wp\/v2\/pages"}],"about":[{"href":"https:\/\/blog.tmgrupoinmobiliario.com\/de\/wp-json\/wp\/v2\/types\/page"}],"author":[{"embeddable":true,"href":"https:\/\/blog.tmgrupoinmobiliario.com\/de\/wp-json\/wp\/v2\/users\/1"}],"replies":[{"embeddable":true,"href":"https:\/\/blog.tmgrupoinmobiliario.com\/de\/wp-json\/wp\/v2\/comments?post=21"}],"version-history":[{"count":19,"href":"https:\/\/blog.tmgrupoinmobiliario.com\/de\/wp-json\/wp\/v2\/pages\/21\/revisions"}],"predecessor-version":[{"id":15203,"href":"https:\/\/blog.tmgrupoinmobiliario.com\/de\/wp-json\/wp\/v2\/pages\/21\/revisions\/15203"}],"wp:attachment":[{"href":"https:\/\/blog.tmgrupoinmobiliario.com\/de\/wp-json\/wp\/v2\/media?parent=21"}],"curies":[{"name":"wp","href":"https:\/\/api.w.org\/{rel}","templated":true}]}}