{"id":13,"date":"2018-08-13T16:27:46","date_gmt":"2018-08-13T14:27:46","guid":{"rendered":"https:\/\/blog.tmgrupoinmobiliario.com\/?page_id=13"},"modified":"2020-10-02T16:32:58","modified_gmt":"2020-10-02T14:32:58","slug":"hoteles-en-mexico","status":"publish","type":"page","link":"https:\/\/blog.tmgrupoinmobiliario.com\/de\/lineas-de-negocio\/hoteles-en-mexico\/","title":{"rendered":"Hoteles en m\u00e9xico"},"content":{"rendered":"<nav class=\"static-nav inline-nav lineas-nav locked\">\n<ul>\n<li><a href=\"\/de\/geschaeftsbereiche\/promotions-in-spain\">Immobilien Spanien<\/a><\/li>\n<li><a href=\"\/de\/geschaeftsbereiche\/promotions-in-mexico\">Immobilien in Mexiko<\/a><\/li>\n<li><a href=\"\/de\/geschaeftsbereiche\/hotels-in-mexico\" class=\"active\">Hotels in Mexiko<\/a><\/li>\n<li><a href=\"\/de\/geschaeftsbereiche\/diversification\">Diversifizierung<\/a><\/li>\n<\/ul>\n<p>  <button class=\"toggle-static-nav\">menu <i class=\"far fa-caret-square-down\"><\/i><\/button><br \/>\n<\/nav>\n<section class=\"promotion-gallery-fullscreen lineas-gallery\" id=\"main\">\n<div class=\"promotion-header\">\n<div>\n      <span class=\"promotion-header-title\">Hotels in Mexiko<\/span><\/p>\n<div class=\"shader\"><\/div>\n<picture><source media=\"(max-width: 400px)\" srcset=\"https:\/\/www.tmgrupoinmobiliario.com\/blog\/wp-content\/uploads\/2020\/04\/TFB-Infinity-Pool-Couple-162x112-1.jpg\"><source media=\"(min-width: 401px)\" srcset=\"https:\/\/www.tmgrupoinmobiliario.com\/blog\/wp-content\/uploads\/2020\/04\/TFB-Infinity-Pool-Couple-1920x540-1.jpg\"><img decoding=\"async\" src=\"https:\/\/www.tmgrupoinmobiliario.com\/blog\/wp-content\/uploads\/2020\/04\/TFB-Infinity-Pool-Couple-1920x540-1.jpg\" alt=\"\" \/>\n      <\/picture>\n    <\/div>\n<\/p><\/div>\n<\/section>\n<section class=\"section lineas-de-negocio-mexico\">\n<div class=\"container mw-1200\">\n<h2 class=\"section-title static-title\"><span>Den Urlaub ganz neu erleben<\/span><\/h2>\n<p class=\"fs-16\">2006 setzte TM Grupo Inmobiliario auf eine Erweiterung im Ausland an einem der weltweit bedeutendsten Reiseziele, der mexikanischen Karibik, und bediente sich dazu des neuen Gesch\u00e4ftskonzepts der Condo-Hotels, bestehend aus dem Bau und der Vermarktung von Wohnungen, die anschlie\u00dfend als Hotelanlage betrieben werden. Derzeit stehen zwei Hotelresorts in Playa del Carmen und Riviera Maya zur Verf\u00fcgung, wo Sie Ihren Urlaub in paradiesischen Traumregionen mit luxuri\u00f6sen Serviceleistungen unbeschwert genie\u00dfen k\u00f6nnen.<\/p>\n<\/p><\/div>\n<\/section>\n<section class=\"section background-gray-lighter\">\n<div class=\"container mw-1200\">\n<div class=\"ficha-hoteles\">\n<h2 class=\"ficha-hoteles--title\">The Fives Azul Beach Resort, Hotel &#038; Residences By Karisma<\/h2>\n<p class=\"fs-16 text-center\">Der 2006 entstandene erste 5-Sterne-Komplex \u201eThe Fives Azul Beach Resort\u201c wird von der angesehenen Hotelkette Karisma betrieben.<\/p>\n<ul>\n<li>663 Hotelschl\u00fcssel<\/li>\n<li>Kids and Teens Club<\/li>\n<li>5 Swimmingpools mit Blick auf die Karibik<\/li>\n<li>Veranstaltung von Events<\/li>\n<li>Privater Strandklub<\/li>\n<li>Majest\u00e4tische Tropeng\u00e4rten<\/li>\n<li>Einzigartige Feinschmeckererlebnisse<\/li>\n<li>Vassa Spa<\/li>\n<\/ul>\n<p class=\"text-center video-hotel-btn\"><a class=\"btn btn-default\" target=\"_blank\" href=\"http:\/\/www.thefiveshotels.com\" rel=\"noopener noreferrer\">Reservieren Sie Ihren Urlaub<\/a><\/p>\n<\/p><\/div>\n<\/p><\/div>\n<div class=\"container\">\n<div class=\"galeria-lineas\">\n<div class=\"col-md-3\"><img decoding=\"async\" src=\"\/img\/lineas\/hoteles-fives-1.jpg\" alt=\"\" \/><\/div>\n<div class=\"col-md-3\"><img decoding=\"async\" src=\"\/img\/lineas\/hoteles-fives-2.jpg\" alt=\"\" \/><\/div>\n<div class=\"col-md-3\"><img decoding=\"async\" src=\"\/img\/lineas\/hoteles-fives-3.jpg\" alt=\"\" \/><\/div>\n<div class=\"col-md-3\"><img decoding=\"async\" src=\"\/img\/lineas\/hoteles-fives-4.jpg\" alt=\"\" \/><\/div>\n<\/p><\/div>\n<\/p><\/div>\n<\/section>\n<section class=\"video-corporativo the-fives-beach\">\n<div class=\"video-holder\">\n    <img decoding=\"async\" src=\"\/img\/video-the-fives-beach.jpg\" alt=\"\" \/>\n  <\/div>\n<p>  <a data-fancybox=\"\" href=\"https:\/\/www.youtube.com\/watch?v=T65VgyCuuRw\" class=\"btn btn-outlined\"><i class=\"far fa-lg fa-play-circle\"><\/i> Video ansehen<\/a><br \/>\n<\/section>\n<section class=\"section background-gray-lighter\">\n<div class=\"container mw-1200\">\n<div class=\"ficha-hoteles\">\n<h2 class=\"ficha-hoteles--title\">The Fives Dowtown Hotel &#038; Residences Curio Collection by Hilton<\/h2>\n<p class=\"fs-16\">Unser zweites Hotel, das \u201eThe Fives Downtown Hotel &#038; Residences Curio Collection by Hilton\u201c, wurde im Dezember 2017 eingeweiht. Es gilt als das erste st\u00e4dtische Boutiquehotel der ganzen Riviera Maya und bietet 133 Luxuszimmer unter der Marke Hilton. Bei diesem zweiten Hotel tritt TM Grupo Inmobiliario au\u00dferdem als Betreiber und Hotelmanager auf.<\/p>\n<ul>\n<li>Absolut vornehmer Komfort<\/li>\n<li>Direkt auf der Quinta Avenida<\/li>\n<li>Tagungsr\u00e4ume und Banketts\u00e4le<\/li>\n<li>In der N\u00e4he der touristischen Sehensw\u00fcrdigkeiten<\/li>\n<li>133 moderne Suiten und Penthouses<\/li>\n<li>Spa-Service<\/li>\n<li>Extravagante Restaurants<\/li>\n<li>\u00dcberlaufschwimmbecken<\/li>\n<\/ul>\n<p class=\"text-center video-hotel-btn\"><a class=\"btn btn-default\" href=\"https:\/\/www.thefiveshotels.com\/\">Reservieren Sie Ihren Urlaub<\/a><\/p>\n<\/p><\/div>\n<\/p><\/div>\n<div class=\"container\">\n<div class=\"galeria-lineas\">\n<div class=\"col-md-3\"><img decoding=\"async\" src=\"\/img\/lineas\/hoteles-downtown-1.jpg\" alt=\"\" \/><\/div>\n<div class=\"col-md-3\"><img decoding=\"async\" src=\"\/img\/lineas\/hoteles-downtown-2.jpg\" alt=\"\" \/><\/div>\n<div class=\"col-md-3\"><img decoding=\"async\" src=\"\/img\/lineas\/hoteles-downtown-3.jpg\" alt=\"\" \/><\/div>\n<div class=\"col-md-3\"><img decoding=\"async\" src=\"\/img\/lineas\/hoteles-downtown-4.jpg\" alt=\"\" \/><\/div>\n<\/p><\/div>\n<\/p><\/div>\n<\/section>\n<section class=\"video-corporativo the-fives-downtown\">\n<div class=\"video-holder\">\n    <img decoding=\"async\" src=\"\/img\/video-the-fives-downtown.jpg\" alt=\"\" \/>\n  <\/div>\n<p>  <a data-fancybox=\"\" href=\"https:\/\/www.youtube.com\/watch?v=fUIq2EM_I2s\" class=\"btn btn-outlined\"><i class=\"far fa-lg fa-play-circle\"><\/i> Video ansehen<\/a><br \/>\n<\/section>\n<section class=\"section background-gray-lighter\">\n<div class=\"container mw-1200\">\n<div class=\"ficha-hoteles\">\n<h2 class=\"ficha-hoteles--title\">The Fives Oceanfront Puerto Morelos<\/h2>\n<p class=\"fs-16\">Unser drittes Hotel, &#8220;The Fives Oceanfront&#8221;, befindet sich im charmanten Fischerdorf Puerto Morelos, zwischen den St\u00e4dten Cancun und Playa del Carmen an der Riviera Maya. The Fives Oceanfront Folgendes anbieten: <\/p>\n<ul>\n<li>Privater Strandclub<\/li>\n<li>Dachterrasse mit Infinity-Pool<\/li>\n<li>Weltklasse-Spa<\/li>\n<li>Swimmingpool vor dem Strand<\/li>\n<li>Cafeteria<\/li>\n<li>2 Restaurants mit Meerblick<\/li>\n<li>Bar in der Lobby<\/li>\n<li>Parkservice<\/li>\n<li>Fitnesscenter<\/li>\n<li>Event- und Konferenzr\u00e4ume<\/li>\n<li>24 Stunden Zimmerservice<\/li>\n<\/ul>\n<p class=\"text-center video-hotel-btn\"><a class=\"btn btn-default\" href=\"https:\/\/www.thefiveshotels.com\/resorts\/the-fives-puerto-morelos\">Reservieren Sie Ihren Urlaub<\/a><\/p>\n<\/div>\n<\/div>\n<div class=\"container\">\n<div class=\"galeria-lineas\">\n<div class=\"col-md-3\"><img decoding=\"async\" src=\"https:\/\/static.tmgrupoinmobiliario.com\/files\/hoteles-mexico\/sala-espera.jpg\" alt=\"\" \/><\/div>\n<div class=\"col-md-3\"><img decoding=\"async\" src=\"https:\/\/static.tmgrupoinmobiliario.com\/files\/hoteles-mexico\/The-Fives-Oceanfront_Beach.jpg\" alt=\"\" \/><\/div>\n<div class=\"col-md-3\"><img decoding=\"async\" src=\"https:\/\/static.tmgrupoinmobiliario.com\/files\/hoteles-mexico\/The-Fives-Oceanfront_Comedor.jpg\" alt=\"\" \/><\/div>\n<div class=\"col-md-3\"><img decoding=\"async\" src=\"https:\/\/static.tmgrupoinmobiliario.com\/files\/hoteles-mexico\/The-Fives-Oceanfront_Recamara.jpg\" alt=\"\" \/><\/div>\n<\/div>\n<\/div>\n<\/section>\n<section class=\"video-corporativo the-fives-downtown\">\n<div class=\"video-holder\">\n<img decoding=\"async\" src=\"\/img\/video-the-fives-downtown.jpg\" alt=\"\" \/>\n<\/div>\n<p><a data-fancybox=\"\" href=\"https:\/\/www.youtube.com\/watch?v=IFggYqNC_3I\" class=\"btn btn-outlined\"><i class=\"far fa-lg fa-play-circle\"><\/i> Video ansehen<\/a><br \/>\n<\/section>\n","protected":false},"excerpt":{"rendered":"<p>Immobilien Spanien Immobilien in Mexiko Hotels in Mexiko Diversifizierung menu Hotels in Mexiko Den Urlaub ganz neu erleben 2006 setzte TM Grupo Inmobiliario auf eine Erweiterung im Ausland an einem der weltweit bedeutendsten Reiseziele, der mexikanischen Karibik, und bediente sich dazu des neuen Gesch\u00e4ftskonzepts der Condo-Hotels, bestehend aus dem Bau und der Vermarktung von Wohnungen, [&hellip;]<\/p>\n","protected":false},"author":1,"featured_media":0,"parent":7,"menu_order":3,"comment_status":"closed","ping_status":"closed","template":"","meta":{"footnotes":""},"class_list":["post-13","page","type-page","status-publish","hentry"],"better_featured_image":null,"acf":[],"yoast_head":"<!-- This site is optimized with the Yoast SEO Premium plugin v23.6 (Yoast SEO v27.5) - https:\/\/yoast.com\/product\/yoast-seo-premium-wordpress\/ -->\n<title>Hoteles en m\u00e9xico - Deutsche<\/title>\n<meta name=\"robots\" content=\"index, follow, max-snippet:-1, max-image-preview:large, max-video-preview:-1\" \/>\n<link rel=\"canonical\" href=\"https:\/\/blog.tmgrupoinmobiliario.com\/de\/lineas-de-negocio\/hoteles-en-mexico\/\" \/>\n<meta property=\"og:locale\" content=\"de_DE\" \/>\n<meta property=\"og:type\" content=\"article\" \/>\n<meta property=\"og:title\" content=\"Hoteles en m\u00e9xico\" \/>\n<meta property=\"og:description\" content=\"Immobilien Spanien Immobilien in Mexiko Hotels in Mexiko Diversifizierung menu Hotels in Mexiko Den Urlaub ganz neu erleben 2006 setzte TM Grupo Inmobiliario auf eine Erweiterung im Ausland an einem der weltweit bedeutendsten Reiseziele, der mexikanischen Karibik, und bediente sich dazu des neuen Gesch\u00e4ftskonzepts der Condo-Hotels, bestehend aus dem Bau und der Vermarktung von Wohnungen, [&hellip;]\" \/>\n<meta property=\"og:url\" content=\"https:\/\/blog.tmgrupoinmobiliario.com\/de\/lineas-de-negocio\/hoteles-en-mexico\/\" \/>\n<meta property=\"og:site_name\" content=\"Deutsche\" \/>\n<meta property=\"article:modified_time\" content=\"2020-10-02T14:32:58+00:00\" \/>\n<meta property=\"og:image\" content=\"https:\/\/www.tmgrupoinmobiliario.com\/blog\/wp-content\/uploads\/2020\/04\/TFB-Infinity-Pool-Couple-1920x540-1.jpg\" \/>\n<meta name=\"twitter:card\" content=\"summary_large_image\" \/>\n<meta name=\"twitter:label1\" content=\"Gesch\u00e4tzte Lesezeit\" \/>\n\t<meta name=\"twitter:data1\" content=\"2\u00a0Minuten\" \/>\n<script type=\"application\/ld+json\" class=\"yoast-schema-graph\">{\"@context\":\"https:\\\/\\\/schema.org\",\"@graph\":[{\"@type\":\"WebPage\",\"@id\":\"https:\\\/\\\/blog.tmgrupoinmobiliario.com\\\/de\\\/lineas-de-negocio\\\/hoteles-en-mexico\\\/\",\"url\":\"https:\\\/\\\/blog.tmgrupoinmobiliario.com\\\/de\\\/lineas-de-negocio\\\/hoteles-en-mexico\\\/\",\"name\":\"Hoteles en m\u00e9xico - Deutsche\",\"isPartOf\":{\"@id\":\"https:\\\/\\\/blog.tmgrupoinmobiliario.com\\\/de\\\/#website\"},\"primaryImageOfPage\":{\"@id\":\"https:\\\/\\\/blog.tmgrupoinmobiliario.com\\\/de\\\/lineas-de-negocio\\\/hoteles-en-mexico\\\/#primaryimage\"},\"image\":{\"@id\":\"https:\\\/\\\/blog.tmgrupoinmobiliario.com\\\/de\\\/lineas-de-negocio\\\/hoteles-en-mexico\\\/#primaryimage\"},\"thumbnailUrl\":\"https:\\\/\\\/www.tmgrupoinmobiliario.com\\\/blog\\\/wp-content\\\/uploads\\\/2020\\\/04\\\/TFB-Infinity-Pool-Couple-1920x540-1.jpg\",\"datePublished\":\"2018-08-13T14:27:46+00:00\",\"dateModified\":\"2020-10-02T14:32:58+00:00\",\"breadcrumb\":{\"@id\":\"https:\\\/\\\/blog.tmgrupoinmobiliario.com\\\/de\\\/lineas-de-negocio\\\/hoteles-en-mexico\\\/#breadcrumb\"},\"inLanguage\":\"de\",\"potentialAction\":[{\"@type\":\"ReadAction\",\"target\":[\"https:\\\/\\\/blog.tmgrupoinmobiliario.com\\\/de\\\/lineas-de-negocio\\\/hoteles-en-mexico\\\/\"]}]},{\"@type\":\"ImageObject\",\"inLanguage\":\"de\",\"@id\":\"https:\\\/\\\/blog.tmgrupoinmobiliario.com\\\/de\\\/lineas-de-negocio\\\/hoteles-en-mexico\\\/#primaryimage\",\"url\":\"https:\\\/\\\/www.tmgrupoinmobiliario.com\\\/blog\\\/wp-content\\\/uploads\\\/2020\\\/04\\\/TFB-Infinity-Pool-Couple-1920x540-1.jpg\",\"contentUrl\":\"https:\\\/\\\/www.tmgrupoinmobiliario.com\\\/blog\\\/wp-content\\\/uploads\\\/2020\\\/04\\\/TFB-Infinity-Pool-Couple-1920x540-1.jpg\"},{\"@type\":\"BreadcrumbList\",\"@id\":\"https:\\\/\\\/blog.tmgrupoinmobiliario.com\\\/de\\\/lineas-de-negocio\\\/hoteles-en-mexico\\\/#breadcrumb\",\"itemListElement\":[{\"@type\":\"ListItem\",\"position\":1,\"name\":\"Portada\",\"item\":\"https:\\\/\\\/blog.tmgrupoinmobiliario.com\\\/de\\\/\"},{\"@type\":\"ListItem\",\"position\":2,\"name\":\"Lineas de Negocio\",\"item\":\"https:\\\/\\\/blog.tmgrupoinmobiliario.com\\\/de\\\/lineas-de-negocio\\\/\"},{\"@type\":\"ListItem\",\"position\":3,\"name\":\"Hoteles en m\u00e9xico\"}]},{\"@type\":\"WebSite\",\"@id\":\"https:\\\/\\\/blog.tmgrupoinmobiliario.com\\\/de\\\/#website\",\"url\":\"https:\\\/\\\/blog.tmgrupoinmobiliario.com\\\/de\\\/\",\"name\":\"Deutsche\",\"description\":\"Otro sitio m\u00e1s de Blog Desarrollo TM sitios\",\"potentialAction\":[{\"@type\":\"SearchAction\",\"target\":{\"@type\":\"EntryPoint\",\"urlTemplate\":\"https:\\\/\\\/blog.tmgrupoinmobiliario.com\\\/de\\\/?s={search_term_string}\"},\"query-input\":{\"@type\":\"PropertyValueSpecification\",\"valueRequired\":true,\"valueName\":\"search_term_string\"}}],\"inLanguage\":\"de\"}]}<\/script>\n<!-- \/ Yoast SEO Premium plugin. -->","yoast_head_json":{"title":"Hoteles en m\u00e9xico - Deutsche","robots":{"index":"index","follow":"follow","max-snippet":"max-snippet:-1","max-image-preview":"max-image-preview:large","max-video-preview":"max-video-preview:-1"},"canonical":"https:\/\/blog.tmgrupoinmobiliario.com\/de\/lineas-de-negocio\/hoteles-en-mexico\/","og_locale":"de_DE","og_type":"article","og_title":"Hoteles en m\u00e9xico","og_description":"Immobilien Spanien Immobilien in Mexiko Hotels in Mexiko Diversifizierung menu Hotels in Mexiko Den Urlaub ganz neu erleben 2006 setzte TM Grupo Inmobiliario auf eine Erweiterung im Ausland an einem der weltweit bedeutendsten Reiseziele, der mexikanischen Karibik, und bediente sich dazu des neuen Gesch\u00e4ftskonzepts der Condo-Hotels, bestehend aus dem Bau und der Vermarktung von Wohnungen, [&hellip;]","og_url":"https:\/\/blog.tmgrupoinmobiliario.com\/de\/lineas-de-negocio\/hoteles-en-mexico\/","og_site_name":"Deutsche","article_modified_time":"2020-10-02T14:32:58+00:00","og_image":[{"url":"https:\/\/www.tmgrupoinmobiliario.com\/blog\/wp-content\/uploads\/2020\/04\/TFB-Infinity-Pool-Couple-1920x540-1.jpg","type":"","width":"","height":""}],"twitter_card":"summary_large_image","twitter_misc":{"Gesch\u00e4tzte Lesezeit":"2\u00a0Minuten"},"schema":{"@context":"https:\/\/schema.org","@graph":[{"@type":"WebPage","@id":"https:\/\/blog.tmgrupoinmobiliario.com\/de\/lineas-de-negocio\/hoteles-en-mexico\/","url":"https:\/\/blog.tmgrupoinmobiliario.com\/de\/lineas-de-negocio\/hoteles-en-mexico\/","name":"Hoteles en m\u00e9xico - Deutsche","isPartOf":{"@id":"https:\/\/blog.tmgrupoinmobiliario.com\/de\/#website"},"primaryImageOfPage":{"@id":"https:\/\/blog.tmgrupoinmobiliario.com\/de\/lineas-de-negocio\/hoteles-en-mexico\/#primaryimage"},"image":{"@id":"https:\/\/blog.tmgrupoinmobiliario.com\/de\/lineas-de-negocio\/hoteles-en-mexico\/#primaryimage"},"thumbnailUrl":"https:\/\/www.tmgrupoinmobiliario.com\/blog\/wp-content\/uploads\/2020\/04\/TFB-Infinity-Pool-Couple-1920x540-1.jpg","datePublished":"2018-08-13T14:27:46+00:00","dateModified":"2020-10-02T14:32:58+00:00","breadcrumb":{"@id":"https:\/\/blog.tmgrupoinmobiliario.com\/de\/lineas-de-negocio\/hoteles-en-mexico\/#breadcrumb"},"inLanguage":"de","potentialAction":[{"@type":"ReadAction","target":["https:\/\/blog.tmgrupoinmobiliario.com\/de\/lineas-de-negocio\/hoteles-en-mexico\/"]}]},{"@type":"ImageObject","inLanguage":"de","@id":"https:\/\/blog.tmgrupoinmobiliario.com\/de\/lineas-de-negocio\/hoteles-en-mexico\/#primaryimage","url":"https:\/\/www.tmgrupoinmobiliario.com\/blog\/wp-content\/uploads\/2020\/04\/TFB-Infinity-Pool-Couple-1920x540-1.jpg","contentUrl":"https:\/\/www.tmgrupoinmobiliario.com\/blog\/wp-content\/uploads\/2020\/04\/TFB-Infinity-Pool-Couple-1920x540-1.jpg"},{"@type":"BreadcrumbList","@id":"https:\/\/blog.tmgrupoinmobiliario.com\/de\/lineas-de-negocio\/hoteles-en-mexico\/#breadcrumb","itemListElement":[{"@type":"ListItem","position":1,"name":"Portada","item":"https:\/\/blog.tmgrupoinmobiliario.com\/de\/"},{"@type":"ListItem","position":2,"name":"Lineas de Negocio","item":"https:\/\/blog.tmgrupoinmobiliario.com\/de\/lineas-de-negocio\/"},{"@type":"ListItem","position":3,"name":"Hoteles en m\u00e9xico"}]},{"@type":"WebSite","@id":"https:\/\/blog.tmgrupoinmobiliario.com\/de\/#website","url":"https:\/\/blog.tmgrupoinmobiliario.com\/de\/","name":"Deutsche","description":"Otro sitio m\u00e1s de Blog Desarrollo TM sitios","potentialAction":[{"@type":"SearchAction","target":{"@type":"EntryPoint","urlTemplate":"https:\/\/blog.tmgrupoinmobiliario.com\/de\/?s={search_term_string}"},"query-input":{"@type":"PropertyValueSpecification","valueRequired":true,"valueName":"search_term_string"}}],"inLanguage":"de"}]}},"jetpack_sharing_enabled":true,"_links":{"self":[{"href":"https:\/\/blog.tmgrupoinmobiliario.com\/de\/wp-json\/wp\/v2\/pages\/13","targetHints":{"allow":["GET"]}}],"collection":[{"href":"https:\/\/blog.tmgrupoinmobiliario.com\/de\/wp-json\/wp\/v2\/pages"}],"about":[{"href":"https:\/\/blog.tmgrupoinmobiliario.com\/de\/wp-json\/wp\/v2\/types\/page"}],"author":[{"embeddable":true,"href":"https:\/\/blog.tmgrupoinmobiliario.com\/de\/wp-json\/wp\/v2\/users\/1"}],"replies":[{"embeddable":true,"href":"https:\/\/blog.tmgrupoinmobiliario.com\/de\/wp-json\/wp\/v2\/comments?post=13"}],"version-history":[{"count":13,"href":"https:\/\/blog.tmgrupoinmobiliario.com\/de\/wp-json\/wp\/v2\/pages\/13\/revisions"}],"predecessor-version":[{"id":13971,"href":"https:\/\/blog.tmgrupoinmobiliario.com\/de\/wp-json\/wp\/v2\/pages\/13\/revisions\/13971"}],"up":[{"embeddable":true,"href":"https:\/\/blog.tmgrupoinmobiliario.com\/de\/wp-json\/wp\/v2\/pages\/7"}],"wp:attachment":[{"href":"https:\/\/blog.tmgrupoinmobiliario.com\/de\/wp-json\/wp\/v2\/media?parent=13"}],"curies":[{"name":"wp","href":"https:\/\/api.w.org\/{rel}","templated":true}]}}